{"id":85422,"date":"2025-09-18T12:52:52","date_gmt":"2025-09-18T10:52:52","guid":{"rendered":"https:\/\/ccanecblau.valordeley.es\/?page_id=85422"},"modified":"2025-09-18T12:54:50","modified_gmt":"2025-09-18T10:54:50","slug":"whatsapp-shopping","status":"publish","type":"page","link":"https:\/\/ccanecblau.valordeley.es\/ca\/whatsapp-shopping\/","title":{"rendered":"WhatsApp Shopping"},"content":{"rendered":"\t\t<div data-elementor-type=\"wp-page\" data-elementor-id=\"85422\" class=\"elementor elementor-85422 elementor-77508\">\n\t\t\t\t\t\t<section class=\"elementor-section elementor-top-section elementor-element elementor-element-cd655c2 elementor-section-height-min-height elementor-hidden-mobile elementor-hidden-tablet elementor-section-boxed elementor-section-height-default elementor-section-items-middle\" data-id=\"cd655c2\" data-element_type=\"section\" data-settings=\"{&quot;background_background&quot;:&quot;classic&quot;}\">\n\t\t\t\t\t\t<div class=\"elementor-container elementor-column-gap-default\">\n\t\t\t\t\t<div class=\" elementor-column elementor-col-100 elementor-top-column elementor-element elementor-element-2a13eaf\" data-fullscreen-column-settings=\"{&quot;fullscreen&quot;:&quot;&quot;}\" data-id=\"2a13eaf\" data-element_type=\"column\">\n\t\t\t<div class=\"elementor-widget-wrap\">\n\t\t\t\t\t\t\t<\/div>\n\t\t<\/div>\n\t\t\t\t\t<\/div>\n\t\t<\/section>\n\t\t<div class=\"elementor-element elementor-element-e907070 e-flex e-con-boxed e-con e-parent\" data-id=\"e907070\" data-element_type=\"container\">\n\t\t\t\t\t<div class=\"e-con-inner\">\n\t\t<div class=\"elementor-element elementor-element-c84aa65 e-con-full e-flex e-con e-child\" data-id=\"c84aa65\" data-element_type=\"container\">\n\t\t<div class=\"elementor-element elementor-element-dff579f e-con-full e-flex e-con e-child\" data-id=\"dff579f\" data-element_type=\"container\">\n\t\t\t\t<div class=\"elementor-element elementor-element-f358edc elementor-widget elementor-widget-heading\" data-id=\"f358edc\" data-element_type=\"widget\" data-widget_type=\"heading.default\">\n\t\t\t\t<div class=\"elementor-widget-container\">\n\t\t\t\t\t<h2 class=\"elementor-heading-title elementor-size-default\">TENS WHATSAPP? <br>ARA POTS FER<\/h2>\t\t\t\t<\/div>\n\t\t\t\t<\/div>\n\t\t\t\t<\/div>\n\t\t<div class=\"elementor-element elementor-element-d52c39f e-con-full e-flex e-con e-child\" data-id=\"d52c39f\" data-element_type=\"container\">\n\t\t\t\t<div class=\"elementor-element elementor-element-8fee8f5 elementor-widget elementor-widget-heading\" data-id=\"8fee8f5\" data-element_type=\"widget\" data-widget_type=\"heading.default\">\n\t\t\t\t<div class=\"elementor-widget-container\">\n\t\t\t\t\t<h1 class=\"elementor-heading-title elementor-size-default\">WHATSAPP <span style=\"color: #7aa7a2\">SHOPPING<\/span><\/h1>\t\t\t\t<\/div>\n\t\t\t\t<\/div>\n\t\t\t\t<\/div>\n\t\t<div class=\"elementor-element elementor-element-eb3ac16 e-con-full e-flex e-con e-child\" data-id=\"eb3ac16\" data-element_type=\"container\">\n\t\t<div class=\"elementor-element elementor-element-37b5aea e-con-full e-flex e-con e-child\" data-id=\"37b5aea\" data-element_type=\"container\">\n\t\t\t\t<div class=\"elementor-element elementor-element-3958dfc elementor-widget elementor-widget-image\" data-id=\"3958dfc\" data-element_type=\"widget\" data-widget_type=\"image.default\">\n\t\t\t\t<div class=\"elementor-widget-container\">\n\t\t\t\t\t\t\t\t\t\t\t\t\t\t\t<img fetchpriority=\"high\" decoding=\"async\" width=\"250\" height=\"346\" src=\"https:\/\/ccanecblau.valordeley.es\/wp-content\/uploads\/2025\/09\/ICONOS-CONTACTA-COMPRAS-V1-01-1.png\" class=\"attachment-large size-large wp-image-85417\" alt=\"\" srcset=\"https:\/\/ccanecblau.valordeley.es\/wp-content\/uploads\/2025\/09\/ICONOS-CONTACTA-COMPRAS-V1-01-1.png 250w, https:\/\/ccanecblau.valordeley.es\/wp-content\/uploads\/2025\/09\/ICONOS-CONTACTA-COMPRAS-V1-01-1-200x277.png 200w\" sizes=\"(max-width: 250px) 100vw, 250px\" \/>\t\t\t\t\t\t\t\t\t\t\t\t\t\t\t<\/div>\n\t\t\t\t<\/div>\n\t\t\t\t<\/div>\n\t\t<div class=\"elementor-element elementor-element-09b0a40 e-con-full e-flex e-con e-child\" data-id=\"09b0a40\" data-element_type=\"container\">\n\t\t\t\t<div class=\"elementor-element elementor-element-ef7fd7b elementor-widget elementor-widget-heading\" data-id=\"ef7fd7b\" data-element_type=\"widget\" data-widget_type=\"heading.default\">\n\t\t\t\t<div class=\"elementor-widget-container\">\n\t\t\t\t\t<h3 class=\"elementor-heading-title elementor-size-default\">CONTACTA AMB LA BOTIGA<\/h3>\t\t\t\t<\/div>\n\t\t\t\t<\/div>\n\t\t\t\t<div class=\"elementor-element elementor-element-591fa77 elementor-widget elementor-widget-text-editor\" data-id=\"591fa77\" data-element_type=\"widget\" data-widget_type=\"text-editor.default\">\n\t\t\t\t<div class=\"elementor-widget-container\">\n\t\t\t\t\t\t\t\t\t<p>Gaudeix d\u00b4una atenci\u00f3 exclusiva. Consulta la disponibilitat de productes i rep un assessorament personalitzat a trav\u00e9s de WhatsApp.<\/p>\t\t\t\t\t\t\t\t<\/div>\n\t\t\t\t<\/div>\n\t\t\t\t<\/div>\n\t\t\t\t<\/div>\n\t\t\t\t<\/div>\n\t\t<div class=\"elementor-element elementor-element-2675f52 e-con-full e-flex e-con e-child\" data-id=\"2675f52\" data-element_type=\"container\">\n\t\t\t\t<div class=\"elementor-element elementor-element-129952d elementor-widget elementor-widget-image\" data-id=\"129952d\" data-element_type=\"widget\" data-widget_type=\"image.default\">\n\t\t\t\t<div class=\"elementor-widget-container\">\n\t\t\t\t\t\t\t\t\t\t\t\t\t\t\t<img decoding=\"async\" width=\"240\" height=\"300\" src=\"https:\/\/ccanecblau.valordeley.es\/wp-content\/uploads\/2025\/09\/2.15_Rosal_Movil_WhatsApp.png\" class=\"attachment-large size-large wp-image-85414\" alt=\"\" srcset=\"https:\/\/ccanecblau.valordeley.es\/wp-content\/uploads\/2025\/09\/2.15_Rosal_Movil_WhatsApp.png 240w, https:\/\/ccanecblau.valordeley.es\/wp-content\/uploads\/2025\/09\/2.15_Rosal_Movil_WhatsApp-200x250.png 200w\" sizes=\"(max-width: 240px) 100vw, 240px\" \/>\t\t\t\t\t\t\t\t\t\t\t\t\t\t\t<\/div>\n\t\t\t\t<\/div>\n\t\t\t\t<\/div>\n\t\t\t\t\t<\/div>\n\t\t\t\t<\/div>\n\t\t<div class=\"elementor-element elementor-element-97cc630 e-flex e-con-boxed e-con e-parent\" data-id=\"97cc630\" data-element_type=\"container\">\n\t\t\t\t\t<div class=\"e-con-inner\">\n\t\t<div class=\"elementor-element elementor-element-caadd2b e-con-full e-flex e-con e-child\" data-id=\"caadd2b\" data-element_type=\"container\">\n\t\t\t\t<div class=\"elementor-element elementor-element-dd2beb0 elementor-widget__width-initial elementor-widget elementor-widget-heading\" data-id=\"dd2beb0\" data-element_type=\"widget\" data-widget_type=\"heading.default\">\n\t\t\t\t<div class=\"elementor-widget-container\">\n\t\t\t\t\t<h3 class=\"elementor-heading-title elementor-size-default\">BOTIGUES WHATSAPP SHOPPING<\/h3>\t\t\t\t<\/div>\n\t\t\t\t<\/div>\n\t\t\t\t<div class=\"elementor-element elementor-element-5472868 elementor-widget elementor-widget-text-editor\" data-id=\"5472868\" data-element_type=\"widget\" data-widget_type=\"text-editor.default\">\n\t\t\t\t<div class=\"elementor-widget-container\">\n\t\t\t\t\t\t\t\t\tDescobreix totes les botigues de Anecblau on pots fer WhatsApp Shopping. Posa&#8217;t en contacte amb elles a trav\u00e9s del seu n\u00famero de WhatsApp i un venedor t&#8217;atendr\u00e0 de manera exclusiva. Aix\u00ed de f\u00e0cil i r\u00e0pid.\t\t\t\t\t\t\t\t<\/div>\n\t\t\t\t<\/div>\n\t\t\t\t<\/div>\n\t\t\t\t\t<\/div>\n\t\t\t\t<\/div>\n\t\t\t\t<\/div>\n\t\t","protected":false},"excerpt":{"rendered":"<p>TENS WHATSAPP? ARA POTS FER WHATSAPP SHOPPING CONTACTA AMB LA BOTIGA Gaudeix d\u00b4una atenci\u00f3 exclusiva. Consulta la disponibilitat de productes i rep un assessorament personalitzat a trav\u00e9s de WhatsApp. BOTIGUES WHATSAPP SHOPPING Descobreix totes les botigues de Anecblau on pots fer WhatsApp Shopping. Posa&#8217;t en contacte amb elles a trav\u00e9s del seu n\u00famero de WhatsApp [&hellip;]<\/p>\n","protected":false},"author":6,"featured_media":0,"parent":0,"menu_order":233,"comment_status":"closed","ping_status":"closed","template":"page-whatsapp.php","meta":{"footnotes":""},"class_list":["post-85422","page","type-page","status-publish","hentry"],"yoast_head":"<!-- This site is optimized with the Yoast SEO plugin v25.4 - https:\/\/yoast.com\/wordpress\/plugins\/seo\/ -->\n<title>WhatsApp Shopping | Centro Comercial \u00c0necblau<\/title>\n<meta name=\"description\" content=\"TENS WHATSAPP? ARA POTS FER WHATSAPP SHOPPING CONTACTA AMB LA BOTIGA Gaudeix d\u00b4una atenci\u00f3 exclusiva. Consulta la disponibilitat de productes i rep un\" \/>\n<meta name=\"robots\" content=\"noindex, follow, max-snippet:-1, max-image-preview:large, max-video-preview:-1\" \/>\n<meta property=\"og:locale\" content=\"ca_ES\" \/>\n<meta property=\"og:type\" content=\"article\" \/>\n<meta property=\"og:title\" content=\"WhatsApp Shopping | Centro Comercial \u00c0necblau\" \/>\n<meta property=\"og:description\" content=\"TENS WHATSAPP? ARA POTS FER WHATSAPP SHOPPING CONTACTA AMB LA BOTIGA Gaudeix d\u00b4una atenci\u00f3 exclusiva. Consulta la disponibilitat de productes i rep un\" \/>\n<meta property=\"og:url\" content=\"https:\/\/ccanecblau.valordeley.es\/ca\/whatsapp-shopping\/\" \/>\n<meta property=\"og:site_name\" content=\"Centro Comercial \u00c0necblau\" \/>\n<meta property=\"article:modified_time\" content=\"2025-09-18T10:54:50+00:00\" \/>\n<meta property=\"og:image\" content=\"https:\/\/ccanecblau.valordeley.es\/wp-content\/uploads\/2025\/09\/ICONOS-CONTACTA-COMPRAS-V1-01-1.png\" \/>\n\t<meta property=\"og:image:width\" content=\"250\" \/>\n\t<meta property=\"og:image:height\" content=\"346\" \/>\n\t<meta property=\"og:image:type\" content=\"image\/png\" \/>\n<meta name=\"twitter:card\" content=\"summary_large_image\" \/>\n<meta name=\"twitter:label1\" content=\"Est. reading time\" \/>\n\t<meta name=\"twitter:data1\" content=\"1 minute\" \/>\n<script type=\"application\/ld+json\" class=\"yoast-schema-graph\">{\"@context\":\"https:\/\/schema.org\",\"@graph\":[{\"@type\":\"WebPage\",\"@id\":\"https:\/\/ccanecblau.valordeley.es\/ca\/whatsapp-shopping\/\",\"url\":\"https:\/\/ccanecblau.valordeley.es\/ca\/whatsapp-shopping\/\",\"name\":\"WhatsApp Shopping | Centro Comercial \u00c0necblau\",\"isPartOf\":{\"@id\":\"https:\/\/ccanecblau.valordeley.es\/ca\/#website\"},\"primaryImageOfPage\":{\"@id\":\"https:\/\/ccanecblau.valordeley.es\/ca\/whatsapp-shopping\/#primaryimage\"},\"image\":{\"@id\":\"https:\/\/ccanecblau.valordeley.es\/ca\/whatsapp-shopping\/#primaryimage\"},\"thumbnailUrl\":\"https:\/\/ccanecblau.valordeley.es\/wp-content\/uploads\/2025\/09\/ICONOS-CONTACTA-COMPRAS-V1-01-1.png\",\"datePublished\":\"2025-09-18T10:52:52+00:00\",\"dateModified\":\"2025-09-18T10:54:50+00:00\",\"description\":\"TENS WHATSAPP? ARA POTS FER WHATSAPP SHOPPING CONTACTA AMB LA BOTIGA Gaudeix d\u00b4una atenci\u00f3 exclusiva. Consulta la disponibilitat de productes i rep un\",\"breadcrumb\":{\"@id\":\"https:\/\/ccanecblau.valordeley.es\/ca\/whatsapp-shopping\/#breadcrumb\"},\"inLanguage\":\"ca-ES\",\"potentialAction\":[{\"@type\":\"ReadAction\",\"target\":[\"https:\/\/ccanecblau.valordeley.es\/ca\/whatsapp-shopping\/\"]}]},{\"@type\":\"ImageObject\",\"inLanguage\":\"ca-ES\",\"@id\":\"https:\/\/ccanecblau.valordeley.es\/ca\/whatsapp-shopping\/#primaryimage\",\"url\":\"https:\/\/ccanecblau.valordeley.es\/wp-content\/uploads\/2025\/09\/ICONOS-CONTACTA-COMPRAS-V1-01-1.png\",\"contentUrl\":\"https:\/\/ccanecblau.valordeley.es\/wp-content\/uploads\/2025\/09\/ICONOS-CONTACTA-COMPRAS-V1-01-1.png\"},{\"@type\":\"BreadcrumbList\",\"@id\":\"https:\/\/ccanecblau.valordeley.es\/ca\/whatsapp-shopping\/#breadcrumb\",\"itemListElement\":[{\"@type\":\"ListItem\",\"position\":1,\"name\":\"Portada\",\"item\":\"https:\/\/ccanecblau.valordeley.es\/ca\/\"},{\"@type\":\"ListItem\",\"position\":2,\"name\":\"WhatsApp Shopping\"}]},{\"@type\":\"WebSite\",\"@id\":\"https:\/\/ccanecblau.valordeley.es\/ca\/#website\",\"url\":\"https:\/\/ccanecblau.valordeley.es\/ca\/\",\"name\":\"Centro Comercial \u00c0necblau\",\"description\":\"Centro Comercial | \u00c0necblau\",\"publisher\":{\"@id\":\"https:\/\/ccanecblau.valordeley.es\/ca\/#organization\"},\"potentialAction\":[{\"@type\":\"SearchAction\",\"target\":{\"@type\":\"EntryPoint\",\"urlTemplate\":\"https:\/\/ccanecblau.valordeley.es\/ca\/?s={search_term_string}\"},\"query-input\":{\"@type\":\"PropertyValueSpecification\",\"valueRequired\":true,\"valueName\":\"search_term_string\"}}],\"inLanguage\":\"ca-ES\"},{\"@type\":\"Organization\",\"@id\":\"https:\/\/ccanecblau.valordeley.es\/ca\/#organization\",\"name\":\"Anecblau\",\"alternateName\":\"Centro Comercial | \u00c0necblau\",\"url\":\"https:\/\/ccanecblau.valordeley.es\/ca\/\",\"logo\":{\"@type\":\"ImageObject\",\"inLanguage\":\"ca-ES\",\"@id\":\"https:\/\/ccanecblau.valordeley.es\/ca\/#\/schema\/logo\/image\/\",\"url\":\"https:\/\/ccanecblau.valordeley.es\/wp-content\/uploads\/2021\/04\/anecblau-logo-diciembrecolor.svg\",\"contentUrl\":\"https:\/\/ccanecblau.valordeley.es\/wp-content\/uploads\/2021\/04\/anecblau-logo-diciembrecolor.svg\",\"width\":1,\"height\":1,\"caption\":\"Anecblau\"},\"image\":{\"@id\":\"https:\/\/ccanecblau.valordeley.es\/ca\/#\/schema\/logo\/image\/\"}}]}<\/script>\n<!-- \/ Yoast SEO plugin. -->","yoast_head_json":{"title":"WhatsApp Shopping | Centro Comercial \u00c0necblau","description":"TENS WHATSAPP? ARA POTS FER WHATSAPP SHOPPING CONTACTA AMB LA BOTIGA Gaudeix d\u00b4una atenci\u00f3 exclusiva. Consulta la disponibilitat de productes i rep un","robots":{"index":"noindex","follow":"follow","max-snippet":"max-snippet:-1","max-image-preview":"max-image-preview:large","max-video-preview":"max-video-preview:-1"},"og_locale":"ca_ES","og_type":"article","og_title":"WhatsApp Shopping | Centro Comercial \u00c0necblau","og_description":"TENS WHATSAPP? ARA POTS FER WHATSAPP SHOPPING CONTACTA AMB LA BOTIGA Gaudeix d\u00b4una atenci\u00f3 exclusiva. Consulta la disponibilitat de productes i rep un","og_url":"https:\/\/ccanecblau.valordeley.es\/ca\/whatsapp-shopping\/","og_site_name":"Centro Comercial \u00c0necblau","article_modified_time":"2025-09-18T10:54:50+00:00","og_image":[{"width":250,"height":346,"url":"https:\/\/ccanecblau.valordeley.es\/wp-content\/uploads\/2025\/09\/ICONOS-CONTACTA-COMPRAS-V1-01-1.png","type":"image\/png"}],"twitter_card":"summary_large_image","twitter_misc":{"Est. reading time":"1 minute"},"schema":{"@context":"https:\/\/schema.org","@graph":[{"@type":"WebPage","@id":"https:\/\/ccanecblau.valordeley.es\/ca\/whatsapp-shopping\/","url":"https:\/\/ccanecblau.valordeley.es\/ca\/whatsapp-shopping\/","name":"WhatsApp Shopping | Centro Comercial \u00c0necblau","isPartOf":{"@id":"https:\/\/ccanecblau.valordeley.es\/ca\/#website"},"primaryImageOfPage":{"@id":"https:\/\/ccanecblau.valordeley.es\/ca\/whatsapp-shopping\/#primaryimage"},"image":{"@id":"https:\/\/ccanecblau.valordeley.es\/ca\/whatsapp-shopping\/#primaryimage"},"thumbnailUrl":"https:\/\/ccanecblau.valordeley.es\/wp-content\/uploads\/2025\/09\/ICONOS-CONTACTA-COMPRAS-V1-01-1.png","datePublished":"2025-09-18T10:52:52+00:00","dateModified":"2025-09-18T10:54:50+00:00","description":"TENS WHATSAPP? ARA POTS FER WHATSAPP SHOPPING CONTACTA AMB LA BOTIGA Gaudeix d\u00b4una atenci\u00f3 exclusiva. Consulta la disponibilitat de productes i rep un","breadcrumb":{"@id":"https:\/\/ccanecblau.valordeley.es\/ca\/whatsapp-shopping\/#breadcrumb"},"inLanguage":"ca-ES","potentialAction":[{"@type":"ReadAction","target":["https:\/\/ccanecblau.valordeley.es\/ca\/whatsapp-shopping\/"]}]},{"@type":"ImageObject","inLanguage":"ca-ES","@id":"https:\/\/ccanecblau.valordeley.es\/ca\/whatsapp-shopping\/#primaryimage","url":"https:\/\/ccanecblau.valordeley.es\/wp-content\/uploads\/2025\/09\/ICONOS-CONTACTA-COMPRAS-V1-01-1.png","contentUrl":"https:\/\/ccanecblau.valordeley.es\/wp-content\/uploads\/2025\/09\/ICONOS-CONTACTA-COMPRAS-V1-01-1.png"},{"@type":"BreadcrumbList","@id":"https:\/\/ccanecblau.valordeley.es\/ca\/whatsapp-shopping\/#breadcrumb","itemListElement":[{"@type":"ListItem","position":1,"name":"Portada","item":"https:\/\/ccanecblau.valordeley.es\/ca\/"},{"@type":"ListItem","position":2,"name":"WhatsApp Shopping"}]},{"@type":"WebSite","@id":"https:\/\/ccanecblau.valordeley.es\/ca\/#website","url":"https:\/\/ccanecblau.valordeley.es\/ca\/","name":"Centro Comercial \u00c0necblau","description":"Centro Comercial | \u00c0necblau","publisher":{"@id":"https:\/\/ccanecblau.valordeley.es\/ca\/#organization"},"potentialAction":[{"@type":"SearchAction","target":{"@type":"EntryPoint","urlTemplate":"https:\/\/ccanecblau.valordeley.es\/ca\/?s={search_term_string}"},"query-input":{"@type":"PropertyValueSpecification","valueRequired":true,"valueName":"search_term_string"}}],"inLanguage":"ca-ES"},{"@type":"Organization","@id":"https:\/\/ccanecblau.valordeley.es\/ca\/#organization","name":"Anecblau","alternateName":"Centro Comercial | \u00c0necblau","url":"https:\/\/ccanecblau.valordeley.es\/ca\/","logo":{"@type":"ImageObject","inLanguage":"ca-ES","@id":"https:\/\/ccanecblau.valordeley.es\/ca\/#\/schema\/logo\/image\/","url":"https:\/\/ccanecblau.valordeley.es\/wp-content\/uploads\/2021\/04\/anecblau-logo-diciembrecolor.svg","contentUrl":"https:\/\/ccanecblau.valordeley.es\/wp-content\/uploads\/2021\/04\/anecblau-logo-diciembrecolor.svg","width":1,"height":1,"caption":"Anecblau"},"image":{"@id":"https:\/\/ccanecblau.valordeley.es\/ca\/#\/schema\/logo\/image\/"}}]}},"publishpress_future_action":{"enabled":false,"date":"2026-04-25 16:13:38","action":"change-status","newStatus":"draft","terms":[],"taxonomy":"translation_priority"},"publishpress_future_workflow_manual_trigger":{"enabledWorkflows":[]},"_links":{"self":[{"href":"https:\/\/ccanecblau.valordeley.es\/ca\/wp-json\/wp\/v2\/pages\/85422","targetHints":{"allow":["GET"]}}],"collection":[{"href":"https:\/\/ccanecblau.valordeley.es\/ca\/wp-json\/wp\/v2\/pages"}],"about":[{"href":"https:\/\/ccanecblau.valordeley.es\/ca\/wp-json\/wp\/v2\/types\/page"}],"author":[{"embeddable":true,"href":"https:\/\/ccanecblau.valordeley.es\/ca\/wp-json\/wp\/v2\/users\/6"}],"replies":[{"embeddable":true,"href":"https:\/\/ccanecblau.valordeley.es\/ca\/wp-json\/wp\/v2\/comments?post=85422"}],"version-history":[{"count":4,"href":"https:\/\/ccanecblau.valordeley.es\/ca\/wp-json\/wp\/v2\/pages\/85422\/revisions"}],"predecessor-version":[{"id":85428,"href":"https:\/\/ccanecblau.valordeley.es\/ca\/wp-json\/wp\/v2\/pages\/85422\/revisions\/85428"}],"wp:attachment":[{"href":"https:\/\/ccanecblau.valordeley.es\/ca\/wp-json\/wp\/v2\/media?parent=85422"}],"curies":[{"name":"wp","href":"https:\/\/api.w.org\/{rel}","templated":true}]}}