{"id":85385,"date":"2025-09-18T12:19:12","date_gmt":"2025-09-18T10:19:12","guid":{"rendered":"https:\/\/ccanecblau.valordeley.es\/?page_id=85385"},"modified":"2025-09-18T12:47:51","modified_gmt":"2025-09-18T10:47:51","slug":"qui-som","status":"publish","type":"page","link":"https:\/\/ccanecblau.valordeley.es\/ca\/qui-som\/","title":{"rendered":"Qui som"},"content":{"rendered":"\t\t<div data-elementor-type=\"wp-page\" data-elementor-id=\"85385\" class=\"elementor elementor-85385 elementor-77443\">\n\t\t\t\t\t\t<section class=\"elementor-section elementor-top-section elementor-element elementor-element-cd655c2 elementor-section-height-min-height elementor-hidden-mobile elementor-hidden-tablet elementor-section-boxed elementor-section-height-default elementor-section-items-middle\" data-id=\"cd655c2\" data-element_type=\"section\" data-settings=\"{&quot;background_background&quot;:&quot;classic&quot;}\">\n\t\t\t\t\t\t<div class=\"elementor-container elementor-column-gap-default\">\n\t\t\t\t\t<div class=\" elementor-column elementor-col-100 elementor-top-column elementor-element elementor-element-2a13eaf\" data-fullscreen-column-settings=\"{&quot;fullscreen&quot;:&quot;&quot;}\" data-id=\"2a13eaf\" data-element_type=\"column\">\n\t\t\t<div class=\"elementor-widget-wrap\">\n\t\t\t\t\t\t\t<\/div>\n\t\t<\/div>\n\t\t\t\t\t<\/div>\n\t\t<\/section>\n\t\t<div class=\"elementor-element elementor-element-aeab89f e-flex e-con-boxed e-con e-parent\" data-id=\"aeab89f\" data-element_type=\"container\" data-settings=\"{&quot;background_background&quot;:&quot;classic&quot;}\">\n\t\t\t\t\t<div class=\"e-con-inner\">\n\t\t<div class=\"elementor-element elementor-element-4d26bdd e-con-full e-flex e-con e-child\" data-id=\"4d26bdd\" data-element_type=\"container\">\n\t\t\t\t<div class=\"elementor-element elementor-element-ad52c1e elementor-widget elementor-widget-heading\" data-id=\"ad52c1e\" data-element_type=\"widget\" data-widget_type=\"heading.default\">\n\t\t\t\t<div class=\"elementor-widget-container\">\n\t\t\t\t\t<h1 class=\"elementor-heading-title elementor-size-default\">SOBRE NOSALTRES<\/h1>\t\t\t\t<\/div>\n\t\t\t\t<\/div>\n\t\t\t\t<\/div>\n\t\t\t\t\t<\/div>\n\t\t\t\t<\/div>\n\t\t<div class=\"elementor-element elementor-element-fcf41d3 e-flex e-con-boxed e-con e-parent\" data-id=\"fcf41d3\" data-element_type=\"container\">\n\t\t\t\t\t<div class=\"e-con-inner\">\n\t\t\t\t<div class=\"elementor-element elementor-element-42fcac8 elementor-widget elementor-widget-heading\" data-id=\"42fcac8\" data-element_type=\"widget\" data-widget_type=\"heading.default\">\n\t\t\t\t<div class=\"elementor-widget-container\">\n\t\t\t\t\t<h2 class=\"elementor-heading-title elementor-size-default\">HIST\u00d2RIA<\/h2>\t\t\t\t<\/div>\n\t\t\t\t<\/div>\n\t\t\t\t\t<\/div>\n\t\t\t\t<\/div>\n\t\t<div class=\"elementor-element elementor-element-d97c532 e-flex e-con-boxed e-con e-parent\" data-id=\"d97c532\" data-element_type=\"container\">\n\t\t\t\t\t<div class=\"e-con-inner\">\n\t\t<div class=\"elementor-element elementor-element-3a8c70a e-con-full e-flex e-con e-child\" data-id=\"3a8c70a\" data-element_type=\"container\">\n\t\t\t\t<div class=\"elementor-element elementor-element-92ec63f elementor-widget elementor-widget-text-editor\" data-id=\"92ec63f\" data-element_type=\"widget\" data-widget_type=\"text-editor.default\">\n\t\t\t\t<div class=\"elementor-widget-container\">\n\t\t\t\t\t\t\t\t\t<p>Som el centre comercial de Castelldefels. Tenim un nom divertit i una mentalitat oberta. Per aix\u00f2 som<strong>\u00a0l\u2019\u00fanic centre comercial del Baix Llobregat que obre els 7 dies de la setmana, inclosos diumenges i festius<\/strong>, de 10 a 22h.<\/p><p>Als nostres 30.000 m2 hi trobar\u00e0s tot tipus de botigues, amb una \u00e0mplia oferta en moda, complements, objectes de regal, electrodom\u00e8stics, mercat, restauraci\u00f3, 9 sales de cinema\u2026 i p\u00e0rquing gratu\u00eft.<\/p><p>I com que som un centre obert, ens agrada que passin coses, que hi hagi moviment, noves experi\u00e8ncies. Per aix\u00f2 renovem i ampliem constantment la nostra oferta comercial, desenvolupem noves propostes promocionals exclusives per als nostres clients i dissenyem nous i millors serveis i comoditats (WiFi gratu\u00eft, sala de lact\u00e0ncia, \u00e0rees de descans, rec\u00e0rrega de vehicles el\u00e8ctrics, espectacles teatrals i musicals, zones infantils i tallers gratu\u00efts).<\/p><p>Tamb\u00e9 ens agrada oferir diferents activitats d\u2019oci gratu\u00eftes perqu\u00e8 qualsevol dia, passejant per aqu\u00ed, et puguis trobar un taller de cuina, una classe de ball o una exposici\u00f3 fotogr\u00e0fica.<\/p><p>Tot plegat fa que ens visitin prop de 5 milions de persones cada any. I tu? Encara no ens coneixes? Doncs aqu\u00ed t\u2019esperem el dia que vulguis: recorda que sempre tenim obert.<\/p>\t\t\t\t\t\t\t\t<\/div>\n\t\t\t\t<\/div>\n\t\t\t\t<\/div>\n\t\t<div class=\"elementor-element elementor-element-38373db e-con-full e-flex e-con e-child\" data-id=\"38373db\" data-element_type=\"container\">\n\t\t\t\t<div class=\"elementor-element elementor-element-07411ee image_about_us elementor-widget elementor-widget-image\" data-id=\"07411ee\" data-element_type=\"widget\" data-widget_type=\"image.default\">\n\t\t\t\t<div class=\"elementor-widget-container\">\n\t\t\t\t\t\t\t\t\t\t\t\t\t\t\t<img fetchpriority=\"high\" decoding=\"async\" width=\"570\" height=\"597\" src=\"https:\/\/ccanecblau.valordeley.es\/wp-content\/uploads\/2025\/09\/anecblau-2.webp\" class=\"attachment-large size-large wp-image-85253\" alt=\"\" srcset=\"https:\/\/ccanecblau.valordeley.es\/wp-content\/uploads\/2025\/09\/anecblau-2.webp 570w, https:\/\/ccanecblau.valordeley.es\/wp-content\/uploads\/2025\/09\/anecblau-2-200x209.webp 200w\" sizes=\"(max-width: 570px) 100vw, 570px\" \/>\t\t\t\t\t\t\t\t\t\t\t\t\t\t\t<\/div>\n\t\t\t\t<\/div>\n\t\t\t\t<\/div>\n\t\t\t\t\t<\/div>\n\t\t\t\t<\/div>\n\t\t<div class=\"elementor-element elementor-element-fae412e e-flex e-con-boxed e-con e-parent\" data-id=\"fae412e\" data-element_type=\"container\">\n\t\t\t\t\t<div class=\"e-con-inner\">\n\t\t\t\t<div class=\"elementor-element elementor-element-6e2ab9d elementor-widget elementor-widget-spacer\" data-id=\"6e2ab9d\" data-element_type=\"widget\" data-widget_type=\"spacer.default\">\n\t\t\t\t<div class=\"elementor-widget-container\">\n\t\t\t\t\t\t\t<div class=\"elementor-spacer\">\n\t\t\t<div class=\"elementor-spacer-inner\"><\/div>\n\t\t<\/div>\n\t\t\t\t\t\t<\/div>\n\t\t\t\t<\/div>\n\t\t\t\t\t<\/div>\n\t\t\t\t<\/div>\n\t\t<div class=\"elementor-element elementor-element-4d38b48 e-grid e-con-boxed e-con e-parent\" data-id=\"4d38b48\" data-element_type=\"container\">\n\t\t\t\t\t<div class=\"e-con-inner\">\n\t\t\t\t<div class=\"elementor-element elementor-element-0c3a6ee elementor-position-top elementor-widget elementor-widget-image-box\" data-id=\"0c3a6ee\" data-element_type=\"widget\" data-widget_type=\"image-box.default\">\n\t\t\t\t<div class=\"elementor-widget-container\">\n\t\t\t\t\t<div class=\"elementor-image-box-wrapper\"><figure class=\"elementor-image-box-img\"><img decoding=\"async\" width=\"470\" height=\"313\" src=\"https:\/\/ccanecblau.valordeley.es\/wp-content\/uploads\/2025\/09\/entrada-anecblau.webp\" class=\"attachment-full size-full wp-image-85256\" alt=\"\" srcset=\"https:\/\/ccanecblau.valordeley.es\/wp-content\/uploads\/2025\/09\/entrada-anecblau.webp 470w, https:\/\/ccanecblau.valordeley.es\/wp-content\/uploads\/2025\/09\/entrada-anecblau-200x133.webp 200w\" sizes=\"(max-width: 470px) 100vw, 470px\" \/><\/figure><div class=\"elementor-image-box-content\"><p class=\"elementor-image-box-description\">Per accedir-hi des del carrer, tens diferents entrades situades a les dues grans terrasses exteriors.<\/p><\/div><\/div>\t\t\t\t<\/div>\n\t\t\t\t<\/div>\n\t\t\t\t<div class=\"elementor-element elementor-element-f277cc2 elementor-position-top elementor-widget elementor-widget-image-box\" data-id=\"f277cc2\" data-element_type=\"widget\" data-widget_type=\"image-box.default\">\n\t\t\t\t<div class=\"elementor-widget-container\">\n\t\t\t\t\t<div class=\"elementor-image-box-wrapper\"><figure class=\"elementor-image-box-img\"><img decoding=\"async\" width=\"470\" height=\"313\" src=\"https:\/\/ccanecblau.valordeley.es\/wp-content\/uploads\/2025\/09\/plaza-central-anecblau.webp\" class=\"attachment-full size-full wp-image-85265\" alt=\"\" srcset=\"https:\/\/ccanecblau.valordeley.es\/wp-content\/uploads\/2025\/09\/plaza-central-anecblau.webp 470w, https:\/\/ccanecblau.valordeley.es\/wp-content\/uploads\/2025\/09\/plaza-central-anecblau-200x133.webp 200w\" sizes=\"(max-width: 470px) 100vw, 470px\" \/><\/figure><div class=\"elementor-image-box-content\"><p class=\"elementor-image-box-description\">La nostra pla\u00e7a central sovint es converteix en escenari d\u2019espectacles, exposicions o accions especials.<\/p><\/div><\/div>\t\t\t\t<\/div>\n\t\t\t\t<\/div>\n\t\t\t\t<div class=\"elementor-element elementor-element-cdfcfe3 elementor-position-top elementor-widget elementor-widget-image-box\" data-id=\"cdfcfe3\" data-element_type=\"widget\" data-widget_type=\"image-box.default\">\n\t\t\t\t<div class=\"elementor-widget-container\">\n\t\t\t\t\t<div class=\"elementor-image-box-wrapper\"><figure class=\"elementor-image-box-img\"><img loading=\"lazy\" decoding=\"async\" width=\"470\" height=\"313\" src=\"https:\/\/ccanecblau.valordeley.es\/wp-content\/uploads\/2025\/09\/tiendas-anecblau.webp\" class=\"attachment-full size-full wp-image-85262\" alt=\"\" srcset=\"https:\/\/ccanecblau.valordeley.es\/wp-content\/uploads\/2025\/09\/tiendas-anecblau.webp 470w, https:\/\/ccanecblau.valordeley.es\/wp-content\/uploads\/2025\/09\/tiendas-anecblau-200x133.webp 200w\" sizes=\"(max-width: 470px) 100vw, 470px\" \/><\/figure><div class=\"elementor-image-box-content\"><p class=\"elementor-image-box-description\">30.000 m2 de botigues i restaurants amb una \u00e0mplia i variada oferta, 9 sales de cinema i p\u00e0rquing gratu\u00eft.<\/p><\/div><\/div>\t\t\t\t<\/div>\n\t\t\t\t<\/div>\n\t\t\t\t<div class=\"elementor-element elementor-element-ed2e528 elementor-position-top elementor-widget elementor-widget-image-box\" data-id=\"ed2e528\" data-element_type=\"widget\" data-widget_type=\"image-box.default\">\n\t\t\t\t<div class=\"elementor-widget-container\">\n\t\t\t\t\t<div class=\"elementor-image-box-wrapper\"><figure class=\"elementor-image-box-img\"><img loading=\"lazy\" decoding=\"async\" width=\"470\" height=\"313\" src=\"https:\/\/ccanecblau.valordeley.es\/wp-content\/uploads\/2025\/09\/mercadona.webp\" class=\"attachment-full size-full wp-image-85259\" alt=\"\" srcset=\"https:\/\/ccanecblau.valordeley.es\/wp-content\/uploads\/2025\/09\/mercadona.webp 470w, https:\/\/ccanecblau.valordeley.es\/wp-content\/uploads\/2025\/09\/mercadona-200x133.webp 200w\" sizes=\"(max-width: 470px) 100vw, 470px\" \/><\/figure><div class=\"elementor-image-box-content\"><p class=\"elementor-image-box-description\">Les botigues del nostre mercat obren tots els dies de la setmana, de dilluns a diumenge, fins les 22h.<\/p><\/div><\/div>\t\t\t\t<\/div>\n\t\t\t\t<\/div>\n\t\t\t\t\t<\/div>\n\t\t\t\t<\/div>\n\t\t\t\t<\/div>\n\t\t","protected":false},"excerpt":{"rendered":"<p>SOBRE NOSALTRES HIST\u00d2RIA Som el centre comercial de Castelldefels. Tenim un nom divertit i una mentalitat oberta. Per aix\u00f2 som\u00a0l\u2019\u00fanic centre comercial del Baix Llobregat que obre els 7 dies de la setmana, inclosos diumenges i festius, de 10 a 22h. Als nostres 30.000 m2 hi trobar\u00e0s tot tipus de botigues, amb una \u00e0mplia oferta [&hellip;]<\/p>\n","protected":false},"author":6,"featured_media":0,"parent":0,"menu_order":233,"comment_status":"closed","ping_status":"closed","template":"","meta":{"footnotes":""},"class_list":["post-85385","page","type-page","status-publish","hentry"],"yoast_head":"<!-- This site is optimized with the Yoast SEO plugin v25.4 - https:\/\/yoast.com\/wordpress\/plugins\/seo\/ -->\n<title>Qui som | Centro Comercial \u00c0necblau<\/title>\n<meta name=\"description\" content=\"SOBRE NOSALTRES HIST\u00d2RIA Som el centre comercial de Castelldefels. Tenim un nom divertit i una mentalitat oberta. Per aix\u00f2 som\u00a0l\u2019\u00fanic centre comercial del\" \/>\n<meta name=\"robots\" content=\"noindex, follow, max-snippet:-1, max-image-preview:large, max-video-preview:-1\" \/>\n<meta property=\"og:locale\" content=\"ca_ES\" \/>\n<meta property=\"og:type\" content=\"article\" \/>\n<meta property=\"og:title\" content=\"Qui som | Centro Comercial \u00c0necblau\" \/>\n<meta property=\"og:description\" content=\"SOBRE NOSALTRES HIST\u00d2RIA Som el centre comercial de Castelldefels. Tenim un nom divertit i una mentalitat oberta. Per aix\u00f2 som\u00a0l\u2019\u00fanic centre comercial del\" \/>\n<meta property=\"og:url\" content=\"https:\/\/ccanecblau.valordeley.es\/ca\/qui-som\/\" \/>\n<meta property=\"og:site_name\" content=\"Centro Comercial \u00c0necblau\" \/>\n<meta property=\"article:modified_time\" content=\"2025-09-18T10:47:51+00:00\" \/>\n<meta property=\"og:image\" content=\"https:\/\/ccanecblau.valordeley.es\/wp-content\/uploads\/2025\/09\/anecblau-2.webp\" \/>\n<meta name=\"twitter:card\" content=\"summary_large_image\" \/>\n<meta name=\"twitter:label1\" content=\"Est. reading time\" \/>\n\t<meta name=\"twitter:data1\" content=\"3 minutes\" \/>\n<script type=\"application\/ld+json\" class=\"yoast-schema-graph\">{\"@context\":\"https:\/\/schema.org\",\"@graph\":[{\"@type\":\"WebPage\",\"@id\":\"https:\/\/ccanecblau.valordeley.es\/ca\/qui-som\/\",\"url\":\"https:\/\/ccanecblau.valordeley.es\/ca\/qui-som\/\",\"name\":\"Qui som | Centro Comercial \u00c0necblau\",\"isPartOf\":{\"@id\":\"https:\/\/ccanecblau.valordeley.es\/ca\/#website\"},\"primaryImageOfPage\":{\"@id\":\"https:\/\/ccanecblau.valordeley.es\/ca\/qui-som\/#primaryimage\"},\"image\":{\"@id\":\"https:\/\/ccanecblau.valordeley.es\/ca\/qui-som\/#primaryimage\"},\"thumbnailUrl\":\"https:\/\/ccanecblau.valordeley.es\/wp-content\/uploads\/2025\/09\/anecblau-2.webp\",\"datePublished\":\"2025-09-18T10:19:12+00:00\",\"dateModified\":\"2025-09-18T10:47:51+00:00\",\"description\":\"SOBRE NOSALTRES HIST\u00d2RIA Som el centre comercial de Castelldefels. Tenim un nom divertit i una mentalitat oberta. Per aix\u00f2 som\u00a0l\u2019\u00fanic centre comercial del\",\"breadcrumb\":{\"@id\":\"https:\/\/ccanecblau.valordeley.es\/ca\/qui-som\/#breadcrumb\"},\"inLanguage\":\"ca-ES\",\"potentialAction\":[{\"@type\":\"ReadAction\",\"target\":[\"https:\/\/ccanecblau.valordeley.es\/ca\/qui-som\/\"]}]},{\"@type\":\"ImageObject\",\"inLanguage\":\"ca-ES\",\"@id\":\"https:\/\/ccanecblau.valordeley.es\/ca\/qui-som\/#primaryimage\",\"url\":\"https:\/\/ccanecblau.valordeley.es\/wp-content\/uploads\/2025\/09\/anecblau-2.webp\",\"contentUrl\":\"https:\/\/ccanecblau.valordeley.es\/wp-content\/uploads\/2025\/09\/anecblau-2.webp\"},{\"@type\":\"BreadcrumbList\",\"@id\":\"https:\/\/ccanecblau.valordeley.es\/ca\/qui-som\/#breadcrumb\",\"itemListElement\":[{\"@type\":\"ListItem\",\"position\":1,\"name\":\"Portada\",\"item\":\"https:\/\/ccanecblau.valordeley.es\/ca\/\"},{\"@type\":\"ListItem\",\"position\":2,\"name\":\"Qui som\"}]},{\"@type\":\"WebSite\",\"@id\":\"https:\/\/ccanecblau.valordeley.es\/ca\/#website\",\"url\":\"https:\/\/ccanecblau.valordeley.es\/ca\/\",\"name\":\"Centro Comercial \u00c0necblau\",\"description\":\"Centro Comercial | \u00c0necblau\",\"publisher\":{\"@id\":\"https:\/\/ccanecblau.valordeley.es\/ca\/#organization\"},\"potentialAction\":[{\"@type\":\"SearchAction\",\"target\":{\"@type\":\"EntryPoint\",\"urlTemplate\":\"https:\/\/ccanecblau.valordeley.es\/ca\/?s={search_term_string}\"},\"query-input\":{\"@type\":\"PropertyValueSpecification\",\"valueRequired\":true,\"valueName\":\"search_term_string\"}}],\"inLanguage\":\"ca-ES\"},{\"@type\":\"Organization\",\"@id\":\"https:\/\/ccanecblau.valordeley.es\/ca\/#organization\",\"name\":\"Anecblau\",\"alternateName\":\"Centro Comercial | \u00c0necblau\",\"url\":\"https:\/\/ccanecblau.valordeley.es\/ca\/\",\"logo\":{\"@type\":\"ImageObject\",\"inLanguage\":\"ca-ES\",\"@id\":\"https:\/\/ccanecblau.valordeley.es\/ca\/#\/schema\/logo\/image\/\",\"url\":\"https:\/\/ccanecblau.valordeley.es\/wp-content\/uploads\/2021\/04\/anecblau-logo-diciembrecolor.svg\",\"contentUrl\":\"https:\/\/ccanecblau.valordeley.es\/wp-content\/uploads\/2021\/04\/anecblau-logo-diciembrecolor.svg\",\"width\":1,\"height\":1,\"caption\":\"Anecblau\"},\"image\":{\"@id\":\"https:\/\/ccanecblau.valordeley.es\/ca\/#\/schema\/logo\/image\/\"}}]}<\/script>\n<!-- \/ Yoast SEO plugin. -->","yoast_head_json":{"title":"Qui som | Centro Comercial \u00c0necblau","description":"SOBRE NOSALTRES HIST\u00d2RIA Som el centre comercial de Castelldefels. Tenim un nom divertit i una mentalitat oberta. Per aix\u00f2 som\u00a0l\u2019\u00fanic centre comercial del","robots":{"index":"noindex","follow":"follow","max-snippet":"max-snippet:-1","max-image-preview":"max-image-preview:large","max-video-preview":"max-video-preview:-1"},"og_locale":"ca_ES","og_type":"article","og_title":"Qui som | Centro Comercial \u00c0necblau","og_description":"SOBRE NOSALTRES HIST\u00d2RIA Som el centre comercial de Castelldefels. Tenim un nom divertit i una mentalitat oberta. Per aix\u00f2 som\u00a0l\u2019\u00fanic centre comercial del","og_url":"https:\/\/ccanecblau.valordeley.es\/ca\/qui-som\/","og_site_name":"Centro Comercial \u00c0necblau","article_modified_time":"2025-09-18T10:47:51+00:00","og_image":[{"url":"https:\/\/ccanecblau.valordeley.es\/wp-content\/uploads\/2025\/09\/anecblau-2.webp","type":"","width":"","height":""}],"twitter_card":"summary_large_image","twitter_misc":{"Est. reading time":"3 minutes"},"schema":{"@context":"https:\/\/schema.org","@graph":[{"@type":"WebPage","@id":"https:\/\/ccanecblau.valordeley.es\/ca\/qui-som\/","url":"https:\/\/ccanecblau.valordeley.es\/ca\/qui-som\/","name":"Qui som | Centro Comercial \u00c0necblau","isPartOf":{"@id":"https:\/\/ccanecblau.valordeley.es\/ca\/#website"},"primaryImageOfPage":{"@id":"https:\/\/ccanecblau.valordeley.es\/ca\/qui-som\/#primaryimage"},"image":{"@id":"https:\/\/ccanecblau.valordeley.es\/ca\/qui-som\/#primaryimage"},"thumbnailUrl":"https:\/\/ccanecblau.valordeley.es\/wp-content\/uploads\/2025\/09\/anecblau-2.webp","datePublished":"2025-09-18T10:19:12+00:00","dateModified":"2025-09-18T10:47:51+00:00","description":"SOBRE NOSALTRES HIST\u00d2RIA Som el centre comercial de Castelldefels. Tenim un nom divertit i una mentalitat oberta. Per aix\u00f2 som\u00a0l\u2019\u00fanic centre comercial del","breadcrumb":{"@id":"https:\/\/ccanecblau.valordeley.es\/ca\/qui-som\/#breadcrumb"},"inLanguage":"ca-ES","potentialAction":[{"@type":"ReadAction","target":["https:\/\/ccanecblau.valordeley.es\/ca\/qui-som\/"]}]},{"@type":"ImageObject","inLanguage":"ca-ES","@id":"https:\/\/ccanecblau.valordeley.es\/ca\/qui-som\/#primaryimage","url":"https:\/\/ccanecblau.valordeley.es\/wp-content\/uploads\/2025\/09\/anecblau-2.webp","contentUrl":"https:\/\/ccanecblau.valordeley.es\/wp-content\/uploads\/2025\/09\/anecblau-2.webp"},{"@type":"BreadcrumbList","@id":"https:\/\/ccanecblau.valordeley.es\/ca\/qui-som\/#breadcrumb","itemListElement":[{"@type":"ListItem","position":1,"name":"Portada","item":"https:\/\/ccanecblau.valordeley.es\/ca\/"},{"@type":"ListItem","position":2,"name":"Qui som"}]},{"@type":"WebSite","@id":"https:\/\/ccanecblau.valordeley.es\/ca\/#website","url":"https:\/\/ccanecblau.valordeley.es\/ca\/","name":"Centro Comercial \u00c0necblau","description":"Centro Comercial | \u00c0necblau","publisher":{"@id":"https:\/\/ccanecblau.valordeley.es\/ca\/#organization"},"potentialAction":[{"@type":"SearchAction","target":{"@type":"EntryPoint","urlTemplate":"https:\/\/ccanecblau.valordeley.es\/ca\/?s={search_term_string}"},"query-input":{"@type":"PropertyValueSpecification","valueRequired":true,"valueName":"search_term_string"}}],"inLanguage":"ca-ES"},{"@type":"Organization","@id":"https:\/\/ccanecblau.valordeley.es\/ca\/#organization","name":"Anecblau","alternateName":"Centro Comercial | \u00c0necblau","url":"https:\/\/ccanecblau.valordeley.es\/ca\/","logo":{"@type":"ImageObject","inLanguage":"ca-ES","@id":"https:\/\/ccanecblau.valordeley.es\/ca\/#\/schema\/logo\/image\/","url":"https:\/\/ccanecblau.valordeley.es\/wp-content\/uploads\/2021\/04\/anecblau-logo-diciembrecolor.svg","contentUrl":"https:\/\/ccanecblau.valordeley.es\/wp-content\/uploads\/2021\/04\/anecblau-logo-diciembrecolor.svg","width":1,"height":1,"caption":"Anecblau"},"image":{"@id":"https:\/\/ccanecblau.valordeley.es\/ca\/#\/schema\/logo\/image\/"}}]}},"publishpress_future_action":{"enabled":false,"date":"2026-04-25 16:12:36","action":"change-status","newStatus":"draft","terms":[],"taxonomy":"translation_priority"},"publishpress_future_workflow_manual_trigger":{"enabledWorkflows":[]},"_links":{"self":[{"href":"https:\/\/ccanecblau.valordeley.es\/ca\/wp-json\/wp\/v2\/pages\/85385","targetHints":{"allow":["GET"]}}],"collection":[{"href":"https:\/\/ccanecblau.valordeley.es\/ca\/wp-json\/wp\/v2\/pages"}],"about":[{"href":"https:\/\/ccanecblau.valordeley.es\/ca\/wp-json\/wp\/v2\/types\/page"}],"author":[{"embeddable":true,"href":"https:\/\/ccanecblau.valordeley.es\/ca\/wp-json\/wp\/v2\/users\/6"}],"replies":[{"embeddable":true,"href":"https:\/\/ccanecblau.valordeley.es\/ca\/wp-json\/wp\/v2\/comments?post=85385"}],"version-history":[{"count":5,"href":"https:\/\/ccanecblau.valordeley.es\/ca\/wp-json\/wp\/v2\/pages\/85385\/revisions"}],"predecessor-version":[{"id":85412,"href":"https:\/\/ccanecblau.valordeley.es\/ca\/wp-json\/wp\/v2\/pages\/85385\/revisions\/85412"}],"wp:attachment":[{"href":"https:\/\/ccanecblau.valordeley.es\/ca\/wp-json\/wp\/v2\/media?parent=85385"}],"curies":[{"name":"wp","href":"https:\/\/api.w.org\/{rel}","templated":true}]}}