{"id":85365,"date":"2025-09-18T12:05:32","date_gmt":"2025-09-18T10:05:32","guid":{"rendered":"https:\/\/ccanecblau.valordeley.es\/?page_id=85365"},"modified":"2025-09-18T12:06:23","modified_gmt":"2025-09-18T10:06:23","slug":"politica-energetica","status":"publish","type":"page","link":"https:\/\/ccanecblau.valordeley.es\/ca\/politica-energetica\/","title":{"rendered":"Pol\u00edtica energ\u00e8tica"},"content":{"rendered":"\t\t<div data-elementor-type=\"wp-page\" data-elementor-id=\"85365\" class=\"elementor elementor-85365 elementor-85360\">\n\t\t\t\t\t\t<section class=\"elementor-section elementor-top-section elementor-element elementor-element-e9b755f elementor-section-height-min-height elementor-hidden-mobile elementor-hidden-tablet elementor-section-boxed elementor-section-height-default elementor-section-items-middle\" data-id=\"e9b755f\" data-element_type=\"section\" data-settings=\"{&quot;background_background&quot;:&quot;classic&quot;}\">\n\t\t\t\t\t\t<div class=\"elementor-container elementor-column-gap-default\">\n\t\t\t\t\t<div class=\" elementor-column elementor-col-100 elementor-top-column elementor-element elementor-element-5d2ad49\" data-fullscreen-column-settings=\"{&quot;fullscreen&quot;:&quot;&quot;}\" data-id=\"5d2ad49\" data-element_type=\"column\">\n\t\t\t<div class=\"elementor-widget-wrap\">\n\t\t\t\t\t\t\t<\/div>\n\t\t<\/div>\n\t\t\t\t\t<\/div>\n\t\t<\/section>\n\t\t<div class=\"elementor-element elementor-element-9258bd8 e-flex e-con-boxed e-con e-parent\" data-id=\"9258bd8\" data-element_type=\"container\" data-settings=\"{&quot;background_background&quot;:&quot;classic&quot;}\">\n\t\t\t\t\t<div class=\"e-con-inner\">\n\t\t<div class=\"elementor-element elementor-element-f2d126d e-con-full e-flex e-con e-child\" data-id=\"f2d126d\" data-element_type=\"container\">\n\t\t\t\t<div class=\"elementor-element elementor-element-849913c elementor-widget elementor-widget-heading\" data-id=\"849913c\" data-element_type=\"widget\" data-widget_type=\"heading.default\">\n\t\t\t\t<div class=\"elementor-widget-container\">\n\t\t\t\t\t<h1 class=\"elementor-heading-title elementor-size-default\">POL\u00cdTICA ENERG\u00c8TICA<\/h1>\t\t\t\t<\/div>\n\t\t\t\t<\/div>\n\t\t\t\t<\/div>\n\t\t\t\t\t<\/div>\n\t\t\t\t<\/div>\n\t\t<div class=\"elementor-element elementor-element-13b2916 e-flex e-con-boxed e-con e-parent\" data-id=\"13b2916\" data-element_type=\"container\" data-settings=\"{&quot;background_background&quot;:&quot;classic&quot;}\">\n\t\t\t\t\t<div class=\"e-con-inner\">\n\t\t<div class=\"elementor-element elementor-element-0d8c447 e-con-full e-flex e-con e-child\" data-id=\"0d8c447\" data-element_type=\"container\">\n\t\t\t\t<div class=\"elementor-element elementor-element-8abf8d2 elementor-widget elementor-widget-text-editor\" data-id=\"8abf8d2\" data-element_type=\"widget\" data-widget_type=\"text-editor.default\">\n\t\t\t\t<div class=\"elementor-widget-container\">\n\t\t\t\t\t\t\t\t\t<p>El Centre Comercial \u00c0NECBLAU, refor\u00e7ant el seu comprom\u00eds de respecte al medi ambient i la sostenibilitat, considera com a valor fonamental de la seva estrat\u00e8gia empresarial el foment de l\u2019\u00fas racional de l\u2019energia, a trav\u00e9s de la incorporaci\u00f3 de mesures d\u2019efici\u00e8ncia energ\u00e8tica, amb l\u2019objectiu de reduir l\u2019impacte ambiental i facilitar una transici\u00f3 cap a una economia baixa en carboni. Per aix\u00f2, realitza les activitats conforme als principis de control i optimitzaci\u00f3 dels consums energ\u00e8tics de les zones i instal\u00b7lacions comunes, en totes les etapes del cicle de vida, i, per tant, de lluita contra el canvi clim\u00e0tic mitjan\u00e7ant la disminuci\u00f3 en les emissions a l\u2019atmosfera de gasos d\u2019efecte hivernacle i altres impactes relacionats, aix\u00ed com els costos de l\u2019energia associats.<\/p><p>En conseq\u00fc\u00e8ncia i en compliment d\u2019aquests compromisos, aplica els fonaments de la seg\u00fcent pol\u00edtica energ\u00e8tica, i requereix a les empreses contractades i als prove\u00efdors que prestin els seus serveis complint aquests mateixos principis:<\/p><p><span style=\"color: #5077b5;\">\u25aa <strong>INTEGRAR LA GESTI\u00d3 DE L\u2019ENERGIA EN LA NOSTRA ESTRAT\u00c8GIA EMPRESARIAL<\/strong>:<\/span> Aplicar el criteri d\u2019efici\u00e8ncia i estalvi energ\u00e8tic en la presa de decisions, assegurant que \u00e9s una prioritat alhora que una pr\u00e0ctica, garantint que aquest \u00e9s adequat al context i prop\u00f2sit de la nostra organitzaci\u00f3 i implicant-hi tots els nivells de la mateixa i altres parts interessades.<\/p><p><span style=\"color: #5077b5;\">\u25aa <strong>COMPLIR LES EXIG\u00c8NCIES LEGALS I ALTRES REQUISITS SUBSCRITS<\/strong>:<\/span> Mantenir un control permanent del compliment de la legislaci\u00f3 vigent i altres requisits subscrits en mat\u00e8ria d\u2019\u00fas, consum i efici\u00e8ncia energ\u00e8tica.<\/p><p><span style=\"color: #5077b5;\">\u25aa <strong>CONTROLAR L\u2019\u00daS DE L\u2019ENERGIA I MILLORAR L\u2019EFICI\u00c8NCIA ENERG\u00c8TICA<\/strong>:<\/span> Dur a terme la nostra activitat dins dels par\u00e0metres d\u2019un desenvolupament sostenible, garantint el control i la gesti\u00f3 de l\u2019\u00fas de l\u2019energia, aix\u00ed com mantenir els equips i instal\u00b7lacions assegurant l\u2019optimitzaci\u00f3 del consum energ\u00e8tic.<\/p><p><span style=\"color: #5077b5;\">\u25aa <strong>IDENTIFICAR I AVALUAR ELS USOS DE L\u2019ENERGIA PER POTENCIAR LA PREVENCI\u00d3 I L\u2019\u00daS EFICIENT DE L\u2019ENERGIA DAVANT LA CORRECCI\u00d3 I EL MAL \u00daS<\/strong>:<\/span> Minimitzar els impactes negatius i controlar l\u2019\u00fas de l\u2019energia realitzant un esfor\u00e7 continuat per identificar, caracteritzar i minimitzar l\u2019impacte energ\u00e8tic derivat de les nostres activitats i instal\u00b7lacions i procurant una utilitzaci\u00f3 eficient dels recursos energ\u00e8tics amb l\u2019objectiu de millorar el nostre rendiment en mat\u00e8ria de gesti\u00f3 de l\u2019energia.<\/p><p><span style=\"color: #5077b5;\">\u25aa <strong>PROMOURE L\u2019ADQUISICI\u00d3 DE PRODUCTES I SERVEIS ENERG\u00c8TICAMENT EFICIENTS I EL DISSENY PER MILLORAR EL RENDIMENT ENERG\u00c8TIC<\/strong>:<\/span> Potenciar aquelles alternatives sostenibles que afavoreixin un menor consum energ\u00e8tic, seguint els principis de compres energ\u00e8ticament eficients en la cadena de subministrament.<\/p><p><span style=\"color: #5077b5;\">\u25aa <strong>POTENCIAR LA INNOVACI\u00d3 I EL DESENVOLUPAMENT<\/strong>:<\/span> Aplicar en les nostres instal\u00b7lacions les solucions m\u00e9s netes, segures, eficaces disponibles i econ\u00f2micament viables, potenciant sempre l\u2019estalvi energ\u00e8tic, aix\u00ed com considerar les fonts d\u2019energia netes i renovables sempre que sigui t\u00e8cnica i econ\u00f2micament factible.<\/p><p><span style=\"color: #5077b5;\">\u25aa <strong>PROPORCIONAR ELS RECURSOS NECESSARIS PER A LA MILLORA CONT\u00cdNUA I L\u2019ASSOLIMENT DELS OBJECTIUS FIXATS EN MAT\u00c8RIA ENERG\u00c8TICA<\/strong>:<\/span> Disposar i transmetre la informaci\u00f3 i dotar dels recursos humans i materials que siguin requerits per a la implantaci\u00f3 de la present pol\u00edtica energ\u00e8tica incloent-hi els necessaris per a la posada en pr\u00e0ctica de les activitats derivades del sistema de gesti\u00f3 energ\u00e8tica implantat i l\u2019assoliment dels objectius i les metes energ\u00e8tiques.<\/p><p><span style=\"color: #5077b5;\">\u25aa <strong>RECOLZAR LES PERSONES<\/strong>:<\/span> Promoure i participar en actuacions que fomentin la conscienciaci\u00f3, formaci\u00f3 i sensibilitzaci\u00f3 i el progr\u00e9s en mat\u00e8ria energ\u00e8tica amb l\u2019objecte de millorar els h\u00e0bits de consum dels nostres treballadors, clients, visitants i de la societat en general, com a principi b\u00e0sic de la millora cont\u00ednua de la nostra relaci\u00f3 amb la gesti\u00f3 de l\u2019energia i els grups d\u2019inter\u00e8s vinculats al Centre Comercial. Dotar dels coneixements en mat\u00e8ria de gesti\u00f3 energ\u00e8tica i garantir la capacitaci\u00f3 d\u2019aquelles persones que constitueixen l\u2019equip de gesti\u00f3 de l\u2019energia.<\/p><p><span style=\"color: #5077b5;\">\u25aa <strong>ASSOLIR LA PARTICIPACI\u00d3 DEL PERSONAL<\/strong>:<\/span> Afavorir un ambient participatiu entre el personal propi, el de les contractes i el dels locals comercials i cessions d\u2019espai, integrant-se en l\u2019objectiu com\u00fa d\u2019estalvi energ\u00e8tic i millorant les comunicacions que facilitin la gesti\u00f3 eficient de l\u2019energia, induint tots ells cap a una actitud responsable mitjan\u00e7ant la seva sensibilitzaci\u00f3 i inducci\u00f3.<\/p><p><span style=\"color: #5077b5;\">\u25aa <strong>PERSEVERAR EN LA MILLORA CONT\u00cdNUA DEL RENDIMENT ENERG\u00c8TIC I DEL SISTEMA DE GESTI\u00d3 DE L\u2019ENERGIA<\/strong>:<\/span> Planificar a mitj\u00e0 i llarg termini i revisar els objectius i metes de gesti\u00f3 energ\u00e8tica que s\u00f3n la causa i l\u2019efecte de la millora cont\u00ednua, essent conscients que aquests nom\u00e9s s\u00f3n assolibles mitjan\u00e7ant l\u2019esfor\u00e7 i la deguda adaptaci\u00f3 als canvis; revisar el sistema de gesti\u00f3 energ\u00e8tica amb l\u2019objecte d\u2019introduir els canvis necessaris per assolir els objectius fixats; aix\u00ed com promoure l\u2019aplicaci\u00f3 de mesures i el desenvolupament de les activitats necess\u00e0ries per a l\u2019assoliment dels estalvis energ\u00e8tics.<\/p><p><span style=\"color: #5077b5;\">\u25aa <strong>INFORMAR ACTIVAMENT SOBRE ELS RESULTATS DEL RENDIMENT DE LA GESTI\u00d3 DE L\u2019ENERGIA<\/strong>:<\/span> Comunicar activament als grups d\u2019inter\u00e8s els resultats rellevants corresponents al rendiment energ\u00e8tic.<\/p><p>Aquest document serveix de marc per a l\u2019establiment de l\u2019estrat\u00e8gia, els plans i el dia a dia de la Propietat del Centre Comercial \u00c0NECBLAU en el desenvolupament de les seves activitats i est\u00e0 a disposici\u00f3 p\u00fablica.<\/p>\t\t\t\t\t\t\t\t<\/div>\n\t\t\t\t<\/div>\n\t\t\t\t<\/div>\n\t\t\t\t\t<\/div>\n\t\t\t\t<\/div>\n\t\t\t\t<\/div>\n\t\t","protected":false},"excerpt":{"rendered":"<p>POL\u00cdTICA ENERG\u00c8TICA El Centre Comercial \u00c0NECBLAU, refor\u00e7ant el seu comprom\u00eds de respecte al medi ambient i la sostenibilitat, considera com a valor fonamental de la seva estrat\u00e8gia empresarial el foment de l\u2019\u00fas racional de l\u2019energia, a trav\u00e9s de la incorporaci\u00f3 de mesures d\u2019efici\u00e8ncia energ\u00e8tica, amb l\u2019objectiu de reduir l\u2019impacte ambiental i facilitar una transici\u00f3 cap [&hellip;]<\/p>\n","protected":false},"author":6,"featured_media":0,"parent":0,"menu_order":0,"comment_status":"closed","ping_status":"closed","template":"","meta":{"footnotes":""},"class_list":["post-85365","page","type-page","status-publish","hentry"],"yoast_head":"<!-- This site is optimized with the Yoast SEO plugin v25.4 - https:\/\/yoast.com\/wordpress\/plugins\/seo\/ -->\n<title>Pol\u00edtica energ\u00e8tica | Centro Comercial \u00c0necblau<\/title>\n<meta name=\"description\" content=\"POL\u00cdTICA ENERG\u00c8TICA El Centre Comercial \u00c0NECBLAU, refor\u00e7ant el seu comprom\u00eds de respecte al medi ambient i la sostenibilitat, considera com a valor\" \/>\n<meta name=\"robots\" content=\"noindex, follow, max-snippet:-1, max-image-preview:large, max-video-preview:-1\" \/>\n<meta property=\"og:locale\" content=\"ca_ES\" \/>\n<meta property=\"og:type\" content=\"article\" \/>\n<meta property=\"og:title\" content=\"Pol\u00edtica energ\u00e8tica | Centro Comercial \u00c0necblau\" \/>\n<meta property=\"og:description\" content=\"POL\u00cdTICA ENERG\u00c8TICA El Centre Comercial \u00c0NECBLAU, refor\u00e7ant el seu comprom\u00eds de respecte al medi ambient i la sostenibilitat, considera com a valor\" \/>\n<meta property=\"og:url\" content=\"https:\/\/ccanecblau.valordeley.es\/ca\/politica-energetica\/\" \/>\n<meta property=\"og:site_name\" content=\"Centro Comercial \u00c0necblau\" \/>\n<meta property=\"article:modified_time\" content=\"2025-09-18T10:06:23+00:00\" \/>\n<meta name=\"twitter:card\" content=\"summary_large_image\" \/>\n<meta name=\"twitter:label1\" content=\"Est. reading time\" \/>\n\t<meta name=\"twitter:data1\" content=\"7 minutes\" \/>\n<script type=\"application\/ld+json\" class=\"yoast-schema-graph\">{\"@context\":\"https:\/\/schema.org\",\"@graph\":[{\"@type\":\"WebPage\",\"@id\":\"https:\/\/ccanecblau.valordeley.es\/ca\/politica-energetica\/\",\"url\":\"https:\/\/ccanecblau.valordeley.es\/ca\/politica-energetica\/\",\"name\":\"Pol\u00edtica energ\u00e8tica | Centro Comercial \u00c0necblau\",\"isPartOf\":{\"@id\":\"https:\/\/ccanecblau.valordeley.es\/ca\/#website\"},\"datePublished\":\"2025-09-18T10:05:32+00:00\",\"dateModified\":\"2025-09-18T10:06:23+00:00\",\"description\":\"POL\u00cdTICA ENERG\u00c8TICA El Centre Comercial \u00c0NECBLAU, refor\u00e7ant el seu comprom\u00eds de respecte al medi ambient i la sostenibilitat, considera com a valor\",\"breadcrumb\":{\"@id\":\"https:\/\/ccanecblau.valordeley.es\/ca\/politica-energetica\/#breadcrumb\"},\"inLanguage\":\"ca-ES\",\"potentialAction\":[{\"@type\":\"ReadAction\",\"target\":[\"https:\/\/ccanecblau.valordeley.es\/ca\/politica-energetica\/\"]}]},{\"@type\":\"BreadcrumbList\",\"@id\":\"https:\/\/ccanecblau.valordeley.es\/ca\/politica-energetica\/#breadcrumb\",\"itemListElement\":[{\"@type\":\"ListItem\",\"position\":1,\"name\":\"Portada\",\"item\":\"https:\/\/ccanecblau.valordeley.es\/ca\/\"},{\"@type\":\"ListItem\",\"position\":2,\"name\":\"Pol\u00edtica energ\u00e8tica\"}]},{\"@type\":\"WebSite\",\"@id\":\"https:\/\/ccanecblau.valordeley.es\/ca\/#website\",\"url\":\"https:\/\/ccanecblau.valordeley.es\/ca\/\",\"name\":\"Centro Comercial \u00c0necblau\",\"description\":\"Centro Comercial | \u00c0necblau\",\"publisher\":{\"@id\":\"https:\/\/ccanecblau.valordeley.es\/ca\/#organization\"},\"potentialAction\":[{\"@type\":\"SearchAction\",\"target\":{\"@type\":\"EntryPoint\",\"urlTemplate\":\"https:\/\/ccanecblau.valordeley.es\/ca\/?s={search_term_string}\"},\"query-input\":{\"@type\":\"PropertyValueSpecification\",\"valueRequired\":true,\"valueName\":\"search_term_string\"}}],\"inLanguage\":\"ca-ES\"},{\"@type\":\"Organization\",\"@id\":\"https:\/\/ccanecblau.valordeley.es\/ca\/#organization\",\"name\":\"Anecblau\",\"alternateName\":\"Centro Comercial | \u00c0necblau\",\"url\":\"https:\/\/ccanecblau.valordeley.es\/ca\/\",\"logo\":{\"@type\":\"ImageObject\",\"inLanguage\":\"ca-ES\",\"@id\":\"https:\/\/ccanecblau.valordeley.es\/ca\/#\/schema\/logo\/image\/\",\"url\":\"https:\/\/ccanecblau.valordeley.es\/wp-content\/uploads\/2021\/04\/anecblau-logo-diciembrecolor.svg\",\"contentUrl\":\"https:\/\/ccanecblau.valordeley.es\/wp-content\/uploads\/2021\/04\/anecblau-logo-diciembrecolor.svg\",\"width\":1,\"height\":1,\"caption\":\"Anecblau\"},\"image\":{\"@id\":\"https:\/\/ccanecblau.valordeley.es\/ca\/#\/schema\/logo\/image\/\"}}]}<\/script>\n<!-- \/ Yoast SEO plugin. -->","yoast_head_json":{"title":"Pol\u00edtica energ\u00e8tica | Centro Comercial \u00c0necblau","description":"POL\u00cdTICA ENERG\u00c8TICA El Centre Comercial \u00c0NECBLAU, refor\u00e7ant el seu comprom\u00eds de respecte al medi ambient i la sostenibilitat, considera com a valor","robots":{"index":"noindex","follow":"follow","max-snippet":"max-snippet:-1","max-image-preview":"max-image-preview:large","max-video-preview":"max-video-preview:-1"},"og_locale":"ca_ES","og_type":"article","og_title":"Pol\u00edtica energ\u00e8tica | Centro Comercial \u00c0necblau","og_description":"POL\u00cdTICA ENERG\u00c8TICA El Centre Comercial \u00c0NECBLAU, refor\u00e7ant el seu comprom\u00eds de respecte al medi ambient i la sostenibilitat, considera com a valor","og_url":"https:\/\/ccanecblau.valordeley.es\/ca\/politica-energetica\/","og_site_name":"Centro Comercial \u00c0necblau","article_modified_time":"2025-09-18T10:06:23+00:00","twitter_card":"summary_large_image","twitter_misc":{"Est. reading time":"7 minutes"},"schema":{"@context":"https:\/\/schema.org","@graph":[{"@type":"WebPage","@id":"https:\/\/ccanecblau.valordeley.es\/ca\/politica-energetica\/","url":"https:\/\/ccanecblau.valordeley.es\/ca\/politica-energetica\/","name":"Pol\u00edtica energ\u00e8tica | Centro Comercial \u00c0necblau","isPartOf":{"@id":"https:\/\/ccanecblau.valordeley.es\/ca\/#website"},"datePublished":"2025-09-18T10:05:32+00:00","dateModified":"2025-09-18T10:06:23+00:00","description":"POL\u00cdTICA ENERG\u00c8TICA El Centre Comercial \u00c0NECBLAU, refor\u00e7ant el seu comprom\u00eds de respecte al medi ambient i la sostenibilitat, considera com a valor","breadcrumb":{"@id":"https:\/\/ccanecblau.valordeley.es\/ca\/politica-energetica\/#breadcrumb"},"inLanguage":"ca-ES","potentialAction":[{"@type":"ReadAction","target":["https:\/\/ccanecblau.valordeley.es\/ca\/politica-energetica\/"]}]},{"@type":"BreadcrumbList","@id":"https:\/\/ccanecblau.valordeley.es\/ca\/politica-energetica\/#breadcrumb","itemListElement":[{"@type":"ListItem","position":1,"name":"Portada","item":"https:\/\/ccanecblau.valordeley.es\/ca\/"},{"@type":"ListItem","position":2,"name":"Pol\u00edtica energ\u00e8tica"}]},{"@type":"WebSite","@id":"https:\/\/ccanecblau.valordeley.es\/ca\/#website","url":"https:\/\/ccanecblau.valordeley.es\/ca\/","name":"Centro Comercial \u00c0necblau","description":"Centro Comercial | \u00c0necblau","publisher":{"@id":"https:\/\/ccanecblau.valordeley.es\/ca\/#organization"},"potentialAction":[{"@type":"SearchAction","target":{"@type":"EntryPoint","urlTemplate":"https:\/\/ccanecblau.valordeley.es\/ca\/?s={search_term_string}"},"query-input":{"@type":"PropertyValueSpecification","valueRequired":true,"valueName":"search_term_string"}}],"inLanguage":"ca-ES"},{"@type":"Organization","@id":"https:\/\/ccanecblau.valordeley.es\/ca\/#organization","name":"Anecblau","alternateName":"Centro Comercial | \u00c0necblau","url":"https:\/\/ccanecblau.valordeley.es\/ca\/","logo":{"@type":"ImageObject","inLanguage":"ca-ES","@id":"https:\/\/ccanecblau.valordeley.es\/ca\/#\/schema\/logo\/image\/","url":"https:\/\/ccanecblau.valordeley.es\/wp-content\/uploads\/2021\/04\/anecblau-logo-diciembrecolor.svg","contentUrl":"https:\/\/ccanecblau.valordeley.es\/wp-content\/uploads\/2021\/04\/anecblau-logo-diciembrecolor.svg","width":1,"height":1,"caption":"Anecblau"},"image":{"@id":"https:\/\/ccanecblau.valordeley.es\/ca\/#\/schema\/logo\/image\/"}}]}},"publishpress_future_action":{"enabled":false,"date":"2026-04-25 19:25:11","action":"change-status","newStatus":"draft","terms":[],"taxonomy":"translation_priority"},"publishpress_future_workflow_manual_trigger":{"enabledWorkflows":[]},"_links":{"self":[{"href":"https:\/\/ccanecblau.valordeley.es\/ca\/wp-json\/wp\/v2\/pages\/85365","targetHints":{"allow":["GET"]}}],"collection":[{"href":"https:\/\/ccanecblau.valordeley.es\/ca\/wp-json\/wp\/v2\/pages"}],"about":[{"href":"https:\/\/ccanecblau.valordeley.es\/ca\/wp-json\/wp\/v2\/types\/page"}],"author":[{"embeddable":true,"href":"https:\/\/ccanecblau.valordeley.es\/ca\/wp-json\/wp\/v2\/users\/6"}],"replies":[{"embeddable":true,"href":"https:\/\/ccanecblau.valordeley.es\/ca\/wp-json\/wp\/v2\/comments?post=85365"}],"version-history":[{"count":4,"href":"https:\/\/ccanecblau.valordeley.es\/ca\/wp-json\/wp\/v2\/pages\/85365\/revisions"}],"predecessor-version":[{"id":85369,"href":"https:\/\/ccanecblau.valordeley.es\/ca\/wp-json\/wp\/v2\/pages\/85365\/revisions\/85369"}],"wp:attachment":[{"href":"https:\/\/ccanecblau.valordeley.es\/ca\/wp-json\/wp\/v2\/media?parent=85365"}],"curies":[{"name":"wp","href":"https:\/\/api.w.org\/{rel}","templated":true}]}}