{"id":85350,"date":"2025-09-18T12:00:57","date_gmt":"2025-09-18T10:00:57","guid":{"rendered":"https:\/\/ccanecblau.valordeley.es\/?page_id=85350"},"modified":"2025-10-07T14:36:36","modified_gmt":"2025-10-07T12:36:36","slug":"politica-daccessibilitat","status":"publish","type":"page","link":"https:\/\/ccanecblau.valordeley.es\/ca\/politica-daccessibilitat\/","title":{"rendered":"Pol\u00edtica Daccessibilitat"},"content":{"rendered":"\t\t<div data-elementor-type=\"wp-page\" data-elementor-id=\"85350\" class=\"elementor elementor-85350 elementor-85345\">\n\t\t\t\t\t\t<section class=\"elementor-section elementor-top-section elementor-element elementor-element-e9b755f elementor-section-height-min-height elementor-hidden-mobile elementor-hidden-tablet elementor-section-boxed elementor-section-height-default elementor-section-items-middle\" data-id=\"e9b755f\" data-element_type=\"section\" data-settings=\"{&quot;background_background&quot;:&quot;classic&quot;}\">\n\t\t\t\t\t\t<div class=\"elementor-container elementor-column-gap-default\">\n\t\t\t\t\t<div class=\" elementor-column elementor-col-100 elementor-top-column elementor-element elementor-element-5d2ad49\" data-fullscreen-column-settings=\"{&quot;fullscreen&quot;:&quot;&quot;}\" data-id=\"5d2ad49\" data-element_type=\"column\">\n\t\t\t<div class=\"elementor-widget-wrap\">\n\t\t\t\t\t\t\t<\/div>\n\t\t<\/div>\n\t\t\t\t\t<\/div>\n\t\t<\/section>\n\t\t<div class=\"elementor-element elementor-element-9258bd8 e-flex e-con-boxed e-con e-parent\" data-id=\"9258bd8\" data-element_type=\"container\" data-settings=\"{&quot;background_background&quot;:&quot;classic&quot;}\">\n\t\t\t\t\t<div class=\"e-con-inner\">\n\t\t<div class=\"elementor-element elementor-element-f2d126d e-con-full e-flex e-con e-child\" data-id=\"f2d126d\" data-element_type=\"container\">\n\t\t\t\t<div class=\"elementor-element elementor-element-849913c elementor-widget elementor-widget-heading\" data-id=\"849913c\" data-element_type=\"widget\" data-widget_type=\"heading.default\">\n\t\t\t\t<div class=\"elementor-widget-container\">\n\t\t\t\t\t<h1 class=\"elementor-heading-title elementor-size-default\">POL\u00cdTICA DACCESSIBILITAT<\/h1>\t\t\t\t<\/div>\n\t\t\t\t<\/div>\n\t\t\t\t<\/div>\n\t\t\t\t\t<\/div>\n\t\t\t\t<\/div>\n\t\t<div class=\"elementor-element elementor-element-13b2916 e-flex e-con-boxed e-con e-parent\" data-id=\"13b2916\" data-element_type=\"container\" data-settings=\"{&quot;background_background&quot;:&quot;classic&quot;}\">\n\t\t\t\t\t<div class=\"e-con-inner\">\n\t\t<div class=\"elementor-element elementor-element-0d8c447 e-con-full e-flex e-con e-child\" data-id=\"0d8c447\" data-element_type=\"container\">\n\t\t\t\t<div class=\"elementor-element elementor-element-8abf8d2 elementor-widget elementor-widget-text-editor\" data-id=\"8abf8d2\" data-element_type=\"widget\" data-widget_type=\"text-editor.default\">\n\t\t\t\t<div class=\"elementor-widget-container\">\n\t\t\t\t\t\t\t\t\t<p>El Centre Comercial \u00c0NECBLAU, com a part de la seva responsabilitat social i amb la finalitat de garantir la igualtat d\u2019oportunitats de tots els seus usuaris, pren la decisi\u00f3 estrat\u00e8gica d\u2019adoptar les mesures necess\u00e0ries per assegurar l\u2019accessibilitat universal als serveis del seu entorn.<\/p><p>Per aix\u00f2 es compromet a:<\/p><p style=\"padding-left: 30px;\">&#8211; Complir amb la legislaci\u00f3 que li sigui d\u2019aplicaci\u00f3<\/p><p style=\"padding-left: 30px;\">&#8211; Identificar de manera proactiva les necessitats dels clients i usuaris en relaci\u00f3 amb el compliment dels criteris DALCO<\/p><p style=\"padding-left: 30px;\">&#8211; Planificar aquelles accions i objectius que ajudin a complir els requisits DALCO<\/p><p style=\"padding-left: 30px;\">&#8211; Assegurar suport i assist\u00e8ncia personal als usuaris<\/p><p style=\"padding-left: 30px;\">&#8211; Emprar tecnologies innovadores<\/p><p style=\"padding-left: 30px;\">&#8211; Aconseguir una sensibilitzaci\u00f3 especial en mat\u00e8ria d\u2019accessibilitat dels empleats i d\u2019altres agents de la cadena de valor de l\u2019organitzaci\u00f3<\/p><p style=\"padding-left: 30px;\">&#8211; Establir els m\u00e8todes per descobrir el grau de satisfacci\u00f3 i les necessitats d\u2019accessibilitat universal dels nostres clients i usuaris pel que fa als b\u00e9ns i serveis que els proporcionem<\/p><p style=\"padding-left: 30px;\">&#8211; Proporcionar els recursos necessaris per garantir els compromisos anteriors<\/p><p>Per fer efectiva aquesta pol\u00edtica de manera efica\u00e7, el Centre Comercial \u00c0NECBLAU, a trav\u00e9s de la societat LE RETAIL ANEC BLAU, S.L.U., t\u00e9 implantat un sistema de gesti\u00f3 de l\u2019accessibilitat universal conforme a la norma UNE 170001-2, que es millora de manera cont\u00ednua.<\/p><p>Aquesta pol\u00edtica ser\u00e0 difosa a tots els empleats, aix\u00ed com a aquelles organitzacions o persones subcontractades o que col\u00b7laborin amb el Centre Comercial.<\/p><p>L\u2019assumpci\u00f3 d\u2019aquesta pol\u00edtica i de la responsabilitat en la seva implantaci\u00f3 \u00e9s un requisit imprescindible per complir la nostra missi\u00f3 i assolir els objectius previstos.<\/p><p>Aix\u00ed mateix, la pol\u00edtica d\u2019accessibilitat estar\u00e0 disponible per a totes les parts interessades de la nostra organitzaci\u00f3 i es troba a disposici\u00f3 del p\u00fablic per a la seva consulta.<\/p><p>Aquesta pol\u00edtica \u00e9s el marc de refer\u00e8ncia per establir i revisar els seus objectius d\u2019accessibilitat universal.<\/p><p>El Centre Comercial \u00c0NECBLAU actuar\u00e0 de manera que la seva pol\u00edtica d\u2019accessibilitat:<\/p><p style=\"padding-left: 30px;\">&#8211; Sigui comunicada i entesa dins i fora de l\u2019organitzaci\u00f3.<\/p><p style=\"padding-left: 30px;\">&#8211; Sigui revisada peri\u00f2dicament per garantir-ne l\u2019adequaci\u00f3 cont\u00ednua als seus usuaris.<\/p><p style=\"padding-left: 30px;\">&#8211; Estigui implementada i mantinguda.<\/p><p style=\"padding-left: 30px;\">&#8211; Estigui a disposici\u00f3 per a la seva consulta per totes les parts interessades. S\u2019hi podr\u00e0 accedir des del web del CENTRE COMERCIAL \u00c0NECBLAU (<a href=\"https:\/\/www.anecblau.com\">https:\/\/www.anecblau.com<\/a>)<\/p><p style=\"text-align: right;\">JUNY 2025<\/p>\t\t\t\t\t\t\t\t<\/div>\n\t\t\t\t<\/div>\n\t\t\t\t<\/div>\n\t\t\t\t\t<\/div>\n\t\t\t\t<\/div>\n\t\t\t\t<\/div>\n\t\t","protected":false},"excerpt":{"rendered":"<p>POL\u00cdTICA DACCESSIBILITAT El Centre Comercial \u00c0NECBLAU, com a part de la seva responsabilitat social i amb la finalitat de garantir la igualtat d\u2019oportunitats de tots els seus usuaris, pren la decisi\u00f3 estrat\u00e8gica d\u2019adoptar les mesures necess\u00e0ries per assegurar l\u2019accessibilitat universal als serveis del seu entorn. Per aix\u00f2 es compromet a: &#8211; Complir amb la legislaci\u00f3 [&hellip;]<\/p>\n","protected":false},"author":6,"featured_media":0,"parent":0,"menu_order":0,"comment_status":"closed","ping_status":"closed","template":"","meta":{"footnotes":""},"class_list":["post-85350","page","type-page","status-publish","hentry"],"yoast_head":"<!-- This site is optimized with the Yoast SEO plugin v25.4 - https:\/\/yoast.com\/wordpress\/plugins\/seo\/ -->\n<title>Pol\u00edtica Daccessibilitat | Centro Comercial \u00c0necblau<\/title>\n<meta name=\"description\" content=\"POL\u00cdTICA DACCESSIBILITAT El Centre Comercial \u00c0NECBLAU, com a part de la seva responsabilitat social i amb la finalitat de garantir la igualtat\" \/>\n<meta name=\"robots\" content=\"noindex, follow, max-snippet:-1, max-image-preview:large, max-video-preview:-1\" \/>\n<meta property=\"og:locale\" content=\"ca_ES\" \/>\n<meta property=\"og:type\" content=\"article\" \/>\n<meta property=\"og:title\" content=\"Pol\u00edtica Daccessibilitat | Centro Comercial \u00c0necblau\" \/>\n<meta property=\"og:description\" content=\"POL\u00cdTICA DACCESSIBILITAT El Centre Comercial \u00c0NECBLAU, com a part de la seva responsabilitat social i amb la finalitat de garantir la igualtat\" \/>\n<meta property=\"og:url\" content=\"https:\/\/ccanecblau.valordeley.es\/ca\/politica-daccessibilitat\/\" \/>\n<meta property=\"og:site_name\" content=\"Centro Comercial \u00c0necblau\" \/>\n<meta property=\"article:modified_time\" content=\"2025-10-07T12:36:36+00:00\" \/>\n<meta name=\"twitter:card\" content=\"summary_large_image\" \/>\n<meta name=\"twitter:label1\" content=\"Est. reading time\" \/>\n\t<meta name=\"twitter:data1\" content=\"2 minutes\" \/>\n<script type=\"application\/ld+json\" class=\"yoast-schema-graph\">{\"@context\":\"https:\/\/schema.org\",\"@graph\":[{\"@type\":\"WebPage\",\"@id\":\"https:\/\/ccanecblau.valordeley.es\/ca\/politica-daccessibilitat\/\",\"url\":\"https:\/\/ccanecblau.valordeley.es\/ca\/politica-daccessibilitat\/\",\"name\":\"Pol\u00edtica Daccessibilitat | Centro Comercial \u00c0necblau\",\"isPartOf\":{\"@id\":\"https:\/\/ccanecblau.valordeley.es\/ca\/#website\"},\"datePublished\":\"2025-09-18T10:00:57+00:00\",\"dateModified\":\"2025-10-07T12:36:36+00:00\",\"description\":\"POL\u00cdTICA DACCESSIBILITAT El Centre Comercial \u00c0NECBLAU, com a part de la seva responsabilitat social i amb la finalitat de garantir la igualtat\",\"breadcrumb\":{\"@id\":\"https:\/\/ccanecblau.valordeley.es\/ca\/politica-daccessibilitat\/#breadcrumb\"},\"inLanguage\":\"ca-ES\",\"potentialAction\":[{\"@type\":\"ReadAction\",\"target\":[\"https:\/\/ccanecblau.valordeley.es\/ca\/politica-daccessibilitat\/\"]}]},{\"@type\":\"BreadcrumbList\",\"@id\":\"https:\/\/ccanecblau.valordeley.es\/ca\/politica-daccessibilitat\/#breadcrumb\",\"itemListElement\":[{\"@type\":\"ListItem\",\"position\":1,\"name\":\"Portada\",\"item\":\"https:\/\/ccanecblau.valordeley.es\/ca\/\"},{\"@type\":\"ListItem\",\"position\":2,\"name\":\"Pol\u00edtica Daccessibilitat\"}]},{\"@type\":\"WebSite\",\"@id\":\"https:\/\/ccanecblau.valordeley.es\/ca\/#website\",\"url\":\"https:\/\/ccanecblau.valordeley.es\/ca\/\",\"name\":\"Centro Comercial \u00c0necblau\",\"description\":\"Centro Comercial | \u00c0necblau\",\"publisher\":{\"@id\":\"https:\/\/ccanecblau.valordeley.es\/ca\/#organization\"},\"potentialAction\":[{\"@type\":\"SearchAction\",\"target\":{\"@type\":\"EntryPoint\",\"urlTemplate\":\"https:\/\/ccanecblau.valordeley.es\/ca\/?s={search_term_string}\"},\"query-input\":{\"@type\":\"PropertyValueSpecification\",\"valueRequired\":true,\"valueName\":\"search_term_string\"}}],\"inLanguage\":\"ca-ES\"},{\"@type\":\"Organization\",\"@id\":\"https:\/\/ccanecblau.valordeley.es\/ca\/#organization\",\"name\":\"Anecblau\",\"alternateName\":\"Centro Comercial | \u00c0necblau\",\"url\":\"https:\/\/ccanecblau.valordeley.es\/ca\/\",\"logo\":{\"@type\":\"ImageObject\",\"inLanguage\":\"ca-ES\",\"@id\":\"https:\/\/ccanecblau.valordeley.es\/ca\/#\/schema\/logo\/image\/\",\"url\":\"https:\/\/ccanecblau.valordeley.es\/wp-content\/uploads\/2021\/04\/anecblau-logo-diciembrecolor.svg\",\"contentUrl\":\"https:\/\/ccanecblau.valordeley.es\/wp-content\/uploads\/2021\/04\/anecblau-logo-diciembrecolor.svg\",\"width\":1,\"height\":1,\"caption\":\"Anecblau\"},\"image\":{\"@id\":\"https:\/\/ccanecblau.valordeley.es\/ca\/#\/schema\/logo\/image\/\"}}]}<\/script>\n<!-- \/ Yoast SEO plugin. -->","yoast_head_json":{"title":"Pol\u00edtica Daccessibilitat | Centro Comercial \u00c0necblau","description":"POL\u00cdTICA DACCESSIBILITAT El Centre Comercial \u00c0NECBLAU, com a part de la seva responsabilitat social i amb la finalitat de garantir la igualtat","robots":{"index":"noindex","follow":"follow","max-snippet":"max-snippet:-1","max-image-preview":"max-image-preview:large","max-video-preview":"max-video-preview:-1"},"og_locale":"ca_ES","og_type":"article","og_title":"Pol\u00edtica Daccessibilitat | Centro Comercial \u00c0necblau","og_description":"POL\u00cdTICA DACCESSIBILITAT El Centre Comercial \u00c0NECBLAU, com a part de la seva responsabilitat social i amb la finalitat de garantir la igualtat","og_url":"https:\/\/ccanecblau.valordeley.es\/ca\/politica-daccessibilitat\/","og_site_name":"Centro Comercial \u00c0necblau","article_modified_time":"2025-10-07T12:36:36+00:00","twitter_card":"summary_large_image","twitter_misc":{"Est. reading time":"2 minutes"},"schema":{"@context":"https:\/\/schema.org","@graph":[{"@type":"WebPage","@id":"https:\/\/ccanecblau.valordeley.es\/ca\/politica-daccessibilitat\/","url":"https:\/\/ccanecblau.valordeley.es\/ca\/politica-daccessibilitat\/","name":"Pol\u00edtica Daccessibilitat | Centro Comercial \u00c0necblau","isPartOf":{"@id":"https:\/\/ccanecblau.valordeley.es\/ca\/#website"},"datePublished":"2025-09-18T10:00:57+00:00","dateModified":"2025-10-07T12:36:36+00:00","description":"POL\u00cdTICA DACCESSIBILITAT El Centre Comercial \u00c0NECBLAU, com a part de la seva responsabilitat social i amb la finalitat de garantir la igualtat","breadcrumb":{"@id":"https:\/\/ccanecblau.valordeley.es\/ca\/politica-daccessibilitat\/#breadcrumb"},"inLanguage":"ca-ES","potentialAction":[{"@type":"ReadAction","target":["https:\/\/ccanecblau.valordeley.es\/ca\/politica-daccessibilitat\/"]}]},{"@type":"BreadcrumbList","@id":"https:\/\/ccanecblau.valordeley.es\/ca\/politica-daccessibilitat\/#breadcrumb","itemListElement":[{"@type":"ListItem","position":1,"name":"Portada","item":"https:\/\/ccanecblau.valordeley.es\/ca\/"},{"@type":"ListItem","position":2,"name":"Pol\u00edtica Daccessibilitat"}]},{"@type":"WebSite","@id":"https:\/\/ccanecblau.valordeley.es\/ca\/#website","url":"https:\/\/ccanecblau.valordeley.es\/ca\/","name":"Centro Comercial \u00c0necblau","description":"Centro Comercial | \u00c0necblau","publisher":{"@id":"https:\/\/ccanecblau.valordeley.es\/ca\/#organization"},"potentialAction":[{"@type":"SearchAction","target":{"@type":"EntryPoint","urlTemplate":"https:\/\/ccanecblau.valordeley.es\/ca\/?s={search_term_string}"},"query-input":{"@type":"PropertyValueSpecification","valueRequired":true,"valueName":"search_term_string"}}],"inLanguage":"ca-ES"},{"@type":"Organization","@id":"https:\/\/ccanecblau.valordeley.es\/ca\/#organization","name":"Anecblau","alternateName":"Centro Comercial | \u00c0necblau","url":"https:\/\/ccanecblau.valordeley.es\/ca\/","logo":{"@type":"ImageObject","inLanguage":"ca-ES","@id":"https:\/\/ccanecblau.valordeley.es\/ca\/#\/schema\/logo\/image\/","url":"https:\/\/ccanecblau.valordeley.es\/wp-content\/uploads\/2021\/04\/anecblau-logo-diciembrecolor.svg","contentUrl":"https:\/\/ccanecblau.valordeley.es\/wp-content\/uploads\/2021\/04\/anecblau-logo-diciembrecolor.svg","width":1,"height":1,"caption":"Anecblau"},"image":{"@id":"https:\/\/ccanecblau.valordeley.es\/ca\/#\/schema\/logo\/image\/"}}]}},"publishpress_future_action":{"enabled":false,"date":"2026-04-25 18:02:21","action":"change-status","newStatus":"draft","terms":[],"taxonomy":"translation_priority"},"publishpress_future_workflow_manual_trigger":{"enabledWorkflows":[]},"_links":{"self":[{"href":"https:\/\/ccanecblau.valordeley.es\/ca\/wp-json\/wp\/v2\/pages\/85350","targetHints":{"allow":["GET"]}}],"collection":[{"href":"https:\/\/ccanecblau.valordeley.es\/ca\/wp-json\/wp\/v2\/pages"}],"about":[{"href":"https:\/\/ccanecblau.valordeley.es\/ca\/wp-json\/wp\/v2\/types\/page"}],"author":[{"embeddable":true,"href":"https:\/\/ccanecblau.valordeley.es\/ca\/wp-json\/wp\/v2\/users\/6"}],"replies":[{"embeddable":true,"href":"https:\/\/ccanecblau.valordeley.es\/ca\/wp-json\/wp\/v2\/comments?post=85350"}],"version-history":[{"count":5,"href":"https:\/\/ccanecblau.valordeley.es\/ca\/wp-json\/wp\/v2\/pages\/85350\/revisions"}],"predecessor-version":[{"id":86042,"href":"https:\/\/ccanecblau.valordeley.es\/ca\/wp-json\/wp\/v2\/pages\/85350\/revisions\/86042"}],"wp:attachment":[{"href":"https:\/\/ccanecblau.valordeley.es\/ca\/wp-json\/wp\/v2\/media?parent=85350"}],"curies":[{"name":"wp","href":"https:\/\/api.w.org\/{rel}","templated":true}]}}