{"id":85335,"date":"2025-09-18T11:53:34","date_gmt":"2025-09-18T09:53:34","guid":{"rendered":"https:\/\/ccanecblau.valordeley.es\/?page_id=85335"},"modified":"2025-09-18T11:55:32","modified_gmt":"2025-09-18T09:55:32","slug":"objectius","status":"publish","type":"page","link":"https:\/\/ccanecblau.valordeley.es\/ca\/objectius\/","title":{"rendered":"Objectius"},"content":{"rendered":"\t\t<div data-elementor-type=\"wp-page\" data-elementor-id=\"85335\" class=\"elementor elementor-85335 elementor-85330\">\n\t\t\t\t\t\t<section class=\"elementor-section elementor-top-section elementor-element elementor-element-e9b755f elementor-section-height-min-height elementor-hidden-mobile elementor-hidden-tablet elementor-section-boxed elementor-section-height-default elementor-section-items-middle\" data-id=\"e9b755f\" data-element_type=\"section\" data-settings=\"{&quot;background_background&quot;:&quot;classic&quot;}\">\n\t\t\t\t\t\t<div class=\"elementor-container elementor-column-gap-default\">\n\t\t\t\t\t<div class=\" elementor-column elementor-col-100 elementor-top-column elementor-element elementor-element-5d2ad49\" data-fullscreen-column-settings=\"{&quot;fullscreen&quot;:&quot;&quot;}\" data-id=\"5d2ad49\" data-element_type=\"column\">\n\t\t\t<div class=\"elementor-widget-wrap\">\n\t\t\t\t\t\t\t<\/div>\n\t\t<\/div>\n\t\t\t\t\t<\/div>\n\t\t<\/section>\n\t\t<div class=\"elementor-element elementor-element-9258bd8 e-flex e-con-boxed e-con e-parent\" data-id=\"9258bd8\" data-element_type=\"container\" data-settings=\"{&quot;background_background&quot;:&quot;classic&quot;}\">\n\t\t\t\t\t<div class=\"e-con-inner\">\n\t\t<div class=\"elementor-element elementor-element-f2d126d e-con-full e-flex e-con e-child\" data-id=\"f2d126d\" data-element_type=\"container\">\n\t\t\t\t<div class=\"elementor-element elementor-element-849913c elementor-widget elementor-widget-heading\" data-id=\"849913c\" data-element_type=\"widget\" data-widget_type=\"heading.default\">\n\t\t\t\t<div class=\"elementor-widget-container\">\n\t\t\t\t\t<h1 class=\"elementor-heading-title elementor-size-default\">OBJECTIUS<\/h1>\t\t\t\t<\/div>\n\t\t\t\t<\/div>\n\t\t\t\t<\/div>\n\t\t\t\t\t<\/div>\n\t\t\t\t<\/div>\n\t\t<div class=\"elementor-element elementor-element-13b2916 e-flex e-con-boxed e-con e-parent\" data-id=\"13b2916\" data-element_type=\"container\" data-settings=\"{&quot;background_background&quot;:&quot;classic&quot;}\">\n\t\t\t\t\t<div class=\"e-con-inner\">\n\t\t<div class=\"elementor-element elementor-element-0d8c447 e-con-full e-flex e-con e-child\" data-id=\"0d8c447\" data-element_type=\"container\">\n\t\t\t\t<div class=\"elementor-element elementor-element-8abf8d2 elementor-widget elementor-widget-text-editor\" data-id=\"8abf8d2\" data-element_type=\"widget\" data-widget_type=\"text-editor.default\">\n\t\t\t\t<div class=\"elementor-widget-container\">\n\t\t\t\t\t\t\t\t\t<p>Durant el 2024 el Centre Comercial \u00c0NECBLAU ha mantingut un Sistema de Gesti\u00f3 Ambiental i de Seguretat i Salut basat en els requisits de les normes ISO 14.001 i ISO 45.001 i ha implantat un Sistema de Gesti\u00f3 Energ\u00e8tica basat en els requisits de la norma ISO 50.001. Aquests sistemes van ser sotmesos a avaluaci\u00f3 per entitat acreditada durant el mes de desembre de 2024.<\/p><p>Per a l&#8217;exercici 2024, els objectius ambientals, de seguretat i salut i d&#8217;efici\u00e8ncia energ\u00e8tica, es troben orientats cap a l&#8217;excel\u00b7l\u00e8ncia mediambiental, la protecci\u00f3 de les condicions de seguretat i salut i la sostenibilitat, com a valors fonamentals de l&#8217;estrat\u00e8gia empresarial, i d&#8217;aquesta manera contribuir a la millora cont\u00ednua de l&#8217;organitzaci\u00f3 respecte a les persones, els serveis prestats i l&#8217;entorn que l&#8217;envolta.<\/p><p>A continuaci\u00f3, s&#8217;especifiquen els objectius ambientals, de seguretat i salut i d&#8217;efici\u00e8ncia energ\u00e8tica, definits per al 2024 i els resultats obtinguts:<\/p><h3 style=\"font-size: 32px; color: #5077b5;\">OBJECTIUS ORIENTATS A LES PERSONES<\/h3><h4 style=\"font-size: 26px;\"><span style=\"text-decoration: underline;\"><strong>SEGURETAT I SALUT<\/strong><\/span><\/h4><p><span style=\"text-decoration: underline;\">Objectiu 1: Incrementar el nivell de seguretat del Centre Comercial, a fi d&#8217;aconseguir l&#8217;eliminaci\u00f3 de riscos en treballs identificats com no segurs, podent no dur-se a terme per aquesta ra\u00f3.<\/span><br \/><span style=\"text-decoration: underline;\">Indicador<\/span>: N\u00fam. Riscos Corregits\/ N\u00fam. Riscos Totals Identificats &gt; 60%<br \/><strong>Objectiu aconseguit<\/strong>: s&#8217;han identificat 3 riscos i s&#8217;han dut a terme les accions correctives necess\u00e0ries per a solucionar-ne 2.<\/p><h4 style=\"font-size: 26px;\"><span style=\"text-decoration: underline;\"><strong>RISCOS<\/strong><\/span><\/h4><p><span style=\"text-decoration: underline;\">Objectiu 2: Dur a terme mesures per a la millora de les condicions d&#8217;evacuaci\u00f3 accessible a l&#8217;edificaci\u00f3<\/span><br \/><span style=\"text-decoration: underline;\">Indicador<\/span>: Obtenci\u00f3 de Certificaci\u00f3 en Accessibilitat Universal conforme a la norma UNE 170.001-2:2007, incloent-hi evacuaci\u00f3 accessible.<br \/><strong>Objectiu aconseguit<\/strong>: s&#8217;han implantat totes les mesures definides en el projecte i s&#8217;ha obtingut la Certificaci\u00f3 en Accessibilitat Universal el novembre de 2024.<\/p><h3 style=\"font-size: 32px; color: #5077b5;\">OBJECTIUS ORIENTATS ALS SERVEIS PRESTATS<\/h3><h4 style=\"font-size: 26px;\"><span style=\"text-decoration: underline;\"><strong>SOSTENIBILITAT<\/strong><\/span><\/h4><p><span style=\"text-decoration: underline;\">Objectiu 3: Establir mesures per a la millora de la sostenibilitat mediambiental.<\/span><br \/><span style=\"text-decoration: underline;\">Indicador<\/span>: Mantenir la puntuaci\u00f3 d&#8217;excel\u00b7lent a l&#8217;edifici i gesti\u00f3 de l&#8217;edifici a la Certificaci\u00f3 BREEAM IN USE, segons el nou manual V6.<\/p><h4 style=\"font-size: 26px;\"><span style=\"text-decoration: underline;\"><strong>INNOVACI\u00d3<\/strong><\/span><\/h4><p><span style=\"text-decoration: underline;\">Objectiu 4: Dur a terme la millora cont\u00ednua dels serveis prestats.<\/span><br \/><span style=\"text-decoration: underline;\">Indicador<\/span>: implantaci\u00f3 d&#8217;Oportunitats de millora Identificades \u2265 2<br \/><strong>Objectiu aconseguit<\/strong>: S&#8217;han implantat un total de 4 oportunitats de millora (substituci\u00f3 de Roof Top, instal\u00b7laci\u00f3 de noves c\u00e0meres a la zona d&#8217;emmagatzematge de residus al moll, Certificaci\u00f3 en Accessibilitat Universal i instal\u00b7laci\u00f3 de sondes de qualitat de l&#8217;aire als despatxos).<\/p><h3 style=\"font-size: 32px; color: #5077b5;\">OBJECTIUS ORIENTATS A L&#8217;ENTORN<\/h3><h4 style=\"font-size: 26px;\"><span style=\"text-decoration: underline;\"><strong>CULTURA<\/strong><\/span><\/h4><p><span style=\"text-decoration: underline;\">Objectiu 5: Fomentar el desenvolupament d&#8217;accions de sensibilitzaci\u00f3 ambiental destinades als treballadors, clients i usuaris del Centre Comercial<\/span><br \/><span style=\"text-decoration: underline;\">Indicador<\/span>: accions de m\u00e0rqueting ambiental realitzades \u2265 2<br \/><strong>Objectiu aconseguit<\/strong>: s&#8217;han realitzat un total de 6 accions de sensibilitzaci\u00f3 (acci\u00f3 de reciclatge en col\u00b7laboraci\u00f3 amb l&#8217;Ajuntament de Castelldefels i AMB, acci\u00f3\/campanya de neteja de la platja de Castelldefels en col\u00b7laboraci\u00f3 amb Ocean52 i Shaka Surf de Castelldefels, instal\u00b7laci\u00f3 de nius per a ocells i hotels per a insectes en zones exteriors enjardinades, publicaci\u00f3 a XXSS de la disposici\u00f3 de Contenidors d&#8217;Humana per a la recollida de roba usada, aix\u00ed com m\u00e0quina Reciclos per a la recollida d&#8217;envasos pl\u00e0stics i potenciar la reutilitzaci\u00f3.<\/p><h4 style=\"font-size: 26px;\"><span style=\"text-decoration: underline;\"><strong>ASPECTES AMBIENTALS<\/strong><\/span><\/h4><p><span style=\"text-decoration: underline;\">Objectiu 6: Reduir i\/o controlar els aspectes ambientals avaluats com a significatius i potenciar la utilitzaci\u00f3 eficient dels recursos<\/span><br \/><span style=\"text-decoration: underline;\">Indicador<\/span>: implantaci\u00f3 de cartells informatius per a potenciar l&#8217;\u00fas de vehicles menys contaminants i reducci\u00f3 del consum de paper en un 2% respecte a l&#8217;any 2023.<br \/><strong>Objectiu aconseguit parcialment<\/strong>: Implantaci\u00f3 de places d&#8217;aparcament reservades per a vehicles compartits. S&#8217;ha mantingut el consum de paper A4 respecte a l&#8217;any anterior i ha augmentat el consum del paper A3 a causa d&#8217;un major nombre d&#8217;esdeveniments i accions.<br \/><span style=\"text-decoration: underline;\">Indicador<\/span>: reduir el consum d&#8217;energia el\u00e8ctrica un 4% sobre l&#8217;any 2019 (L\u00ednia Base Pla Director 2021-2026)<br \/><strong>Objectiu aconseguit<\/strong>: En el per\u00edode gener-desembre 2024, el consum d&#8217;energia el\u00e8ctrica s&#8217;ha redu\u00eft en un 17,6% respecte a l&#8217;any 2019.<br \/><span style=\"text-decoration: underline;\">Indicador<\/span>: reduir el consum d&#8217;aigua un 1% sobre l&#8217;any 2019 (L\u00ednia Base Pla Director 2021-2026)<br \/><strong>Objectiu aconseguit<\/strong>: En el per\u00edode gener-desembre 2024, el consum d&#8217;aigua per persona s&#8217;ha redu\u00eft en un 16,16% respecte a l&#8217;any 2019.<\/p><h4 style=\"font-size: 26px;\"><span style=\"text-decoration: underline;\"><strong>EFICI\u00c8NCIA ENERG\u00c8TICA<\/strong><\/span><\/h4><p><span style=\"text-decoration: underline;\">Objectiu 7: Efectuar la millora de l&#8217;acompliment energ\u00e8tic el 2024-2025 en l&#8217;\u00daS il\u00b7luminaci\u00f3 mitjan\u00e7ant la reducci\u00f3 en un 1% de les l\u00ednies de base energ\u00e8tica de 2023.<\/span><br \/><span style=\"text-decoration: underline;\">Indicador<\/span>: reducci\u00f3 del consum energ\u00e8tic d&#8217;il\u00b7luminaci\u00f3 en un 1% respecte a la l\u00ednia de base energ\u00e8tica de 2023.<br \/><strong>Objectiu no aconseguit<\/strong>: En el per\u00edode gener-desembre 2024, el consum energ\u00e8tic en il\u00b7luminaci\u00f3 ha augmentat en un 3,91% respecte a la l\u00ednia base de 2023, a causa d&#8217;obres d&#8217;accessibilitat als aparcaments i zones comunes, en horari di\u00fcrn i nocturn, amb una durada de 4 mesos.<\/p><p><span style=\"text-decoration: underline;\">Objectiu 8: Efectuar la millora de l&#8217;acompliment energ\u00e8tic el 2024-2025 en l&#8217;\u00daS climatitzaci\u00f3 mitjan\u00e7ant la reducci\u00f3 en un 0,5% de les l\u00ednies de base energ\u00e8tica de 2023.<\/span><br \/><span style=\"text-decoration: underline;\">Indicador<\/span>: reducci\u00f3 del consum energ\u00e8tic de climatitzaci\u00f3 en un 0,5% respecte a la l\u00ednia de base energ\u00e8tica de 2023.<br \/><strong>Objectiu aconseguit<\/strong>: En el per\u00edode gener-desembre 2024, el consum energ\u00e8tic en climatitzaci\u00f3, s&#8217;ha redu\u00eft en un 11,7% respecte a la l\u00ednia de base energ\u00e8tica de 2023.<\/p><p><span style=\"text-decoration: underline;\">Objectiu 9: Efectuar la millora de l&#8217;acompliment energ\u00e8tic el 2024-2025 en l&#8217;\u00daS for\u00e7a mitjan\u00e7ant la reducci\u00f3 en un 0,5% de les l\u00ednies de base energ\u00e8tica de 2023.<\/span><br \/><span style=\"text-decoration: underline;\">Indicador<\/span>: reducci\u00f3 del consum energ\u00e8tic de for\u00e7a en un 0,5% respecte a la l\u00ednia de base energ\u00e8tica de 2023.<br \/><strong>Objectiu no aconseguit<\/strong>: En el per\u00edode gener-desembre 2024, el consum energ\u00e8tic en for\u00e7a, ha augmentat en un 9,71% respecte a la l\u00ednia de base energ\u00e8tica de 2023, a causa d&#8217;obres d&#8217;accessibilitat als aparcaments i zones comunes, en horari di\u00fcrn i nocturn, amb una durada de 4 mesos.<\/p><h3 style=\"font-size: 32px; color: #5077b5;\">ALTRES INDICADORS D&#8217;INTER\u00c8S<\/h3><table style=\"width: 50%; border-collapse: collapse; border: 1px solid black;\"><tbody><tr style=\"background-color: #f2f2f2;\"><th style=\"border: 1px solid black; padding: 8px; text-align: left;\">Indicador<\/th><th style=\"border: 1px solid black; padding: 8px; text-align: left;\">2024<\/th><\/tr><tr><td style=\"border: 1px solid black; padding: 8px;\">CONSUM EL\u00c8CTRIC (kWh)<\/td><td style=\"border: 1px solid black; padding: 8px;\">2.089.743<\/td><\/tr><tr><td style=\"border: 1px solid black; padding: 8px;\">CONSUM AIGUA (m3)<\/td><td style=\"border: 1px solid black; padding: 8px;\">12.391<\/td><\/tr><tr><td style=\"border: 1px solid black; padding: 8px;\">RESIDUS TOTALS GESTIONATS (Tn)<\/td><td style=\"border: 1px solid black; padding: 8px;\">870<\/td><\/tr><tr><td style=\"border: 1px solid black; padding: 8px;\">RESIDUS RECICLATS\/REUTILITZATS<\/td><td style=\"border: 1px solid black; padding: 8px;\">202<\/td><\/tr><\/tbody><\/table>\t\t\t\t\t\t\t\t<\/div>\n\t\t\t\t<\/div>\n\t\t\t\t<\/div>\n\t\t\t\t\t<\/div>\n\t\t\t\t<\/div>\n\t\t\t\t<\/div>\n\t\t","protected":false},"excerpt":{"rendered":"<p>OBJECTIUS Durant el 2024 el Centre Comercial \u00c0NECBLAU ha mantingut un Sistema de Gesti\u00f3 Ambiental i de Seguretat i Salut basat en els requisits de les normes ISO 14.001 i ISO 45.001 i ha implantat un Sistema de Gesti\u00f3 Energ\u00e8tica basat en els requisits de la norma ISO 50.001. Aquests sistemes van ser sotmesos a [&hellip;]<\/p>\n","protected":false},"author":6,"featured_media":0,"parent":0,"menu_order":0,"comment_status":"closed","ping_status":"closed","template":"","meta":{"footnotes":""},"class_list":["post-85335","page","type-page","status-publish","hentry"],"yoast_head":"<!-- This site is optimized with the Yoast SEO plugin v25.4 - https:\/\/yoast.com\/wordpress\/plugins\/seo\/ -->\n<title>Objectius | Centro Comercial \u00c0necblau<\/title>\n<meta name=\"description\" content=\"OBJECTIUS Durant el 2024 el Centre Comercial \u00c0NECBLAU ha mantingut un Sistema de Gesti\u00f3 Ambiental i de Seguretat i Salut basat en els requisits de les\" \/>\n<meta name=\"robots\" content=\"noindex, follow, max-snippet:-1, max-image-preview:large, max-video-preview:-1\" \/>\n<meta property=\"og:locale\" content=\"ca_ES\" \/>\n<meta property=\"og:type\" content=\"article\" \/>\n<meta property=\"og:title\" content=\"Objectius | Centro Comercial \u00c0necblau\" \/>\n<meta property=\"og:description\" content=\"OBJECTIUS Durant el 2024 el Centre Comercial \u00c0NECBLAU ha mantingut un Sistema de Gesti\u00f3 Ambiental i de Seguretat i Salut basat en els requisits de les\" \/>\n<meta property=\"og:url\" content=\"https:\/\/ccanecblau.valordeley.es\/ca\/objectius\/\" \/>\n<meta property=\"og:site_name\" content=\"Centro Comercial \u00c0necblau\" \/>\n<meta property=\"article:modified_time\" content=\"2025-09-18T09:55:32+00:00\" \/>\n<meta name=\"twitter:card\" content=\"summary_large_image\" \/>\n<meta name=\"twitter:label1\" content=\"Est. reading time\" \/>\n\t<meta name=\"twitter:data1\" content=\"6 minutes\" \/>\n<script type=\"application\/ld+json\" class=\"yoast-schema-graph\">{\"@context\":\"https:\/\/schema.org\",\"@graph\":[{\"@type\":\"WebPage\",\"@id\":\"https:\/\/ccanecblau.valordeley.es\/ca\/objectius\/\",\"url\":\"https:\/\/ccanecblau.valordeley.es\/ca\/objectius\/\",\"name\":\"Objectius | Centro Comercial \u00c0necblau\",\"isPartOf\":{\"@id\":\"https:\/\/ccanecblau.valordeley.es\/ca\/#website\"},\"datePublished\":\"2025-09-18T09:53:34+00:00\",\"dateModified\":\"2025-09-18T09:55:32+00:00\",\"description\":\"OBJECTIUS Durant el 2024 el Centre Comercial \u00c0NECBLAU ha mantingut un Sistema de Gesti\u00f3 Ambiental i de Seguretat i Salut basat en els requisits de les\",\"breadcrumb\":{\"@id\":\"https:\/\/ccanecblau.valordeley.es\/ca\/objectius\/#breadcrumb\"},\"inLanguage\":\"ca-ES\",\"potentialAction\":[{\"@type\":\"ReadAction\",\"target\":[\"https:\/\/ccanecblau.valordeley.es\/ca\/objectius\/\"]}]},{\"@type\":\"BreadcrumbList\",\"@id\":\"https:\/\/ccanecblau.valordeley.es\/ca\/objectius\/#breadcrumb\",\"itemListElement\":[{\"@type\":\"ListItem\",\"position\":1,\"name\":\"Portada\",\"item\":\"https:\/\/ccanecblau.valordeley.es\/ca\/\"},{\"@type\":\"ListItem\",\"position\":2,\"name\":\"Objectius\"}]},{\"@type\":\"WebSite\",\"@id\":\"https:\/\/ccanecblau.valordeley.es\/ca\/#website\",\"url\":\"https:\/\/ccanecblau.valordeley.es\/ca\/\",\"name\":\"Centro Comercial \u00c0necblau\",\"description\":\"Centro Comercial | \u00c0necblau\",\"publisher\":{\"@id\":\"https:\/\/ccanecblau.valordeley.es\/ca\/#organization\"},\"potentialAction\":[{\"@type\":\"SearchAction\",\"target\":{\"@type\":\"EntryPoint\",\"urlTemplate\":\"https:\/\/ccanecblau.valordeley.es\/ca\/?s={search_term_string}\"},\"query-input\":{\"@type\":\"PropertyValueSpecification\",\"valueRequired\":true,\"valueName\":\"search_term_string\"}}],\"inLanguage\":\"ca-ES\"},{\"@type\":\"Organization\",\"@id\":\"https:\/\/ccanecblau.valordeley.es\/ca\/#organization\",\"name\":\"Anecblau\",\"alternateName\":\"Centro Comercial | \u00c0necblau\",\"url\":\"https:\/\/ccanecblau.valordeley.es\/ca\/\",\"logo\":{\"@type\":\"ImageObject\",\"inLanguage\":\"ca-ES\",\"@id\":\"https:\/\/ccanecblau.valordeley.es\/ca\/#\/schema\/logo\/image\/\",\"url\":\"https:\/\/ccanecblau.valordeley.es\/wp-content\/uploads\/2021\/04\/anecblau-logo-diciembrecolor.svg\",\"contentUrl\":\"https:\/\/ccanecblau.valordeley.es\/wp-content\/uploads\/2021\/04\/anecblau-logo-diciembrecolor.svg\",\"width\":1,\"height\":1,\"caption\":\"Anecblau\"},\"image\":{\"@id\":\"https:\/\/ccanecblau.valordeley.es\/ca\/#\/schema\/logo\/image\/\"}}]}<\/script>\n<!-- \/ Yoast SEO plugin. -->","yoast_head_json":{"title":"Objectius | Centro Comercial \u00c0necblau","description":"OBJECTIUS Durant el 2024 el Centre Comercial \u00c0NECBLAU ha mantingut un Sistema de Gesti\u00f3 Ambiental i de Seguretat i Salut basat en els requisits de les","robots":{"index":"noindex","follow":"follow","max-snippet":"max-snippet:-1","max-image-preview":"max-image-preview:large","max-video-preview":"max-video-preview:-1"},"og_locale":"ca_ES","og_type":"article","og_title":"Objectius | Centro Comercial \u00c0necblau","og_description":"OBJECTIUS Durant el 2024 el Centre Comercial \u00c0NECBLAU ha mantingut un Sistema de Gesti\u00f3 Ambiental i de Seguretat i Salut basat en els requisits de les","og_url":"https:\/\/ccanecblau.valordeley.es\/ca\/objectius\/","og_site_name":"Centro Comercial \u00c0necblau","article_modified_time":"2025-09-18T09:55:32+00:00","twitter_card":"summary_large_image","twitter_misc":{"Est. reading time":"6 minutes"},"schema":{"@context":"https:\/\/schema.org","@graph":[{"@type":"WebPage","@id":"https:\/\/ccanecblau.valordeley.es\/ca\/objectius\/","url":"https:\/\/ccanecblau.valordeley.es\/ca\/objectius\/","name":"Objectius | Centro Comercial \u00c0necblau","isPartOf":{"@id":"https:\/\/ccanecblau.valordeley.es\/ca\/#website"},"datePublished":"2025-09-18T09:53:34+00:00","dateModified":"2025-09-18T09:55:32+00:00","description":"OBJECTIUS Durant el 2024 el Centre Comercial \u00c0NECBLAU ha mantingut un Sistema de Gesti\u00f3 Ambiental i de Seguretat i Salut basat en els requisits de les","breadcrumb":{"@id":"https:\/\/ccanecblau.valordeley.es\/ca\/objectius\/#breadcrumb"},"inLanguage":"ca-ES","potentialAction":[{"@type":"ReadAction","target":["https:\/\/ccanecblau.valordeley.es\/ca\/objectius\/"]}]},{"@type":"BreadcrumbList","@id":"https:\/\/ccanecblau.valordeley.es\/ca\/objectius\/#breadcrumb","itemListElement":[{"@type":"ListItem","position":1,"name":"Portada","item":"https:\/\/ccanecblau.valordeley.es\/ca\/"},{"@type":"ListItem","position":2,"name":"Objectius"}]},{"@type":"WebSite","@id":"https:\/\/ccanecblau.valordeley.es\/ca\/#website","url":"https:\/\/ccanecblau.valordeley.es\/ca\/","name":"Centro Comercial \u00c0necblau","description":"Centro Comercial | \u00c0necblau","publisher":{"@id":"https:\/\/ccanecblau.valordeley.es\/ca\/#organization"},"potentialAction":[{"@type":"SearchAction","target":{"@type":"EntryPoint","urlTemplate":"https:\/\/ccanecblau.valordeley.es\/ca\/?s={search_term_string}"},"query-input":{"@type":"PropertyValueSpecification","valueRequired":true,"valueName":"search_term_string"}}],"inLanguage":"ca-ES"},{"@type":"Organization","@id":"https:\/\/ccanecblau.valordeley.es\/ca\/#organization","name":"Anecblau","alternateName":"Centro Comercial | \u00c0necblau","url":"https:\/\/ccanecblau.valordeley.es\/ca\/","logo":{"@type":"ImageObject","inLanguage":"ca-ES","@id":"https:\/\/ccanecblau.valordeley.es\/ca\/#\/schema\/logo\/image\/","url":"https:\/\/ccanecblau.valordeley.es\/wp-content\/uploads\/2021\/04\/anecblau-logo-diciembrecolor.svg","contentUrl":"https:\/\/ccanecblau.valordeley.es\/wp-content\/uploads\/2021\/04\/anecblau-logo-diciembrecolor.svg","width":1,"height":1,"caption":"Anecblau"},"image":{"@id":"https:\/\/ccanecblau.valordeley.es\/ca\/#\/schema\/logo\/image\/"}}]}},"publishpress_future_action":{"enabled":false,"date":"2026-04-25 17:40:24","action":"change-status","newStatus":"draft","terms":[],"taxonomy":"translation_priority"},"publishpress_future_workflow_manual_trigger":{"enabledWorkflows":[]},"_links":{"self":[{"href":"https:\/\/ccanecblau.valordeley.es\/ca\/wp-json\/wp\/v2\/pages\/85335","targetHints":{"allow":["GET"]}}],"collection":[{"href":"https:\/\/ccanecblau.valordeley.es\/ca\/wp-json\/wp\/v2\/pages"}],"about":[{"href":"https:\/\/ccanecblau.valordeley.es\/ca\/wp-json\/wp\/v2\/types\/page"}],"author":[{"embeddable":true,"href":"https:\/\/ccanecblau.valordeley.es\/ca\/wp-json\/wp\/v2\/users\/6"}],"replies":[{"embeddable":true,"href":"https:\/\/ccanecblau.valordeley.es\/ca\/wp-json\/wp\/v2\/comments?post=85335"}],"version-history":[{"count":4,"href":"https:\/\/ccanecblau.valordeley.es\/ca\/wp-json\/wp\/v2\/pages\/85335\/revisions"}],"predecessor-version":[{"id":85339,"href":"https:\/\/ccanecblau.valordeley.es\/ca\/wp-json\/wp\/v2\/pages\/85335\/revisions\/85339"}],"wp:attachment":[{"href":"https:\/\/ccanecblau.valordeley.es\/ca\/wp-json\/wp\/v2\/media?parent=85335"}],"curies":[{"name":"wp","href":"https:\/\/api.w.org\/{rel}","templated":true}]}}