{"id":85320,"date":"2025-09-18T11:45:12","date_gmt":"2025-09-18T09:45:12","guid":{"rendered":"https:\/\/ccanecblau.valordeley.es\/?page_id=85320"},"modified":"2025-09-18T11:45:48","modified_gmt":"2025-09-18T09:45:48","slug":"politica-de-seguretat-i-salut","status":"publish","type":"page","link":"https:\/\/ccanecblau.valordeley.es\/ca\/politica-de-seguretat-i-salut\/","title":{"rendered":"POL\u00cdTICA DE SEGURETAT I SALUT"},"content":{"rendered":"\t\t<div data-elementor-type=\"wp-page\" data-elementor-id=\"85320\" class=\"elementor elementor-85320 elementor-85315\">\n\t\t\t\t\t\t<section class=\"elementor-section elementor-top-section elementor-element elementor-element-e9b755f elementor-section-height-min-height elementor-hidden-mobile elementor-hidden-tablet elementor-section-boxed elementor-section-height-default elementor-section-items-middle\" data-id=\"e9b755f\" data-element_type=\"section\" data-settings=\"{&quot;background_background&quot;:&quot;classic&quot;}\">\n\t\t\t\t\t\t<div class=\"elementor-container elementor-column-gap-default\">\n\t\t\t\t\t<div class=\" elementor-column elementor-col-100 elementor-top-column elementor-element elementor-element-5d2ad49\" data-fullscreen-column-settings=\"{&quot;fullscreen&quot;:&quot;&quot;}\" data-id=\"5d2ad49\" data-element_type=\"column\">\n\t\t\t<div class=\"elementor-widget-wrap\">\n\t\t\t\t\t\t\t<\/div>\n\t\t<\/div>\n\t\t\t\t\t<\/div>\n\t\t<\/section>\n\t\t<div class=\"elementor-element elementor-element-9258bd8 e-flex e-con-boxed e-con e-parent\" data-id=\"9258bd8\" data-element_type=\"container\" data-settings=\"{&quot;background_background&quot;:&quot;classic&quot;}\">\n\t\t\t\t\t<div class=\"e-con-inner\">\n\t\t<div class=\"elementor-element elementor-element-f2d126d e-con-full e-flex e-con e-child\" data-id=\"f2d126d\" data-element_type=\"container\">\n\t\t\t\t<div class=\"elementor-element elementor-element-849913c elementor-widget elementor-widget-heading\" data-id=\"849913c\" data-element_type=\"widget\" data-widget_type=\"heading.default\">\n\t\t\t\t<div class=\"elementor-widget-container\">\n\t\t\t\t\t<h1 class=\"elementor-heading-title elementor-size-default\">POL\u00cdTICA DE SEGURETAT I SALUT<\/h1>\t\t\t\t<\/div>\n\t\t\t\t<\/div>\n\t\t\t\t<\/div>\n\t\t\t\t\t<\/div>\n\t\t\t\t<\/div>\n\t\t<div class=\"elementor-element elementor-element-13b2916 e-flex e-con-boxed e-con e-parent\" data-id=\"13b2916\" data-element_type=\"container\" data-settings=\"{&quot;background_background&quot;:&quot;classic&quot;}\">\n\t\t\t\t\t<div class=\"e-con-inner\">\n\t\t<div class=\"elementor-element elementor-element-0d8c447 e-con-full e-flex e-con e-child\" data-id=\"0d8c447\" data-element_type=\"container\">\n\t\t\t\t<div class=\"elementor-element elementor-element-8abf8d2 elementor-widget elementor-widget-text-editor\" data-id=\"8abf8d2\" data-element_type=\"widget\" data-widget_type=\"text-editor.default\">\n\t\t\t\t<div class=\"elementor-widget-container\">\n\t\t\t\t\t\t\t\t\t<p>El Centre Comercial \u00c0NECBLAU considera la protecci\u00f3 de les condicions de seguretat i salut en el treball com un valor fonamental de la seva estrat\u00e8gia empresarial. Per aix\u00f2, realitza les activitats conforme als principis de desenvolupament segur, protegint les persones, comprometent-se a prevenir els danys i el deteriorament de la salut dels seus treballadors, aix\u00ed com contribuint a la minimitzaci\u00f3 dels riscos laborals de les empreses contractades, i dels treballadors dels locals comercials i cessions d&#8217;espai mitjan\u00e7ant el control adequat de les zones i instal\u00b7lacions comunes.<\/p><p>En conseq\u00fc\u00e8ncia i en compliment d\u2019aquests compromisos de prevenci\u00f3 de riscos laborals, aplica els fonaments de la seg\u00fcent pol\u00edtica de seguretat i salut en el treball, i requereix a les empreses contractades i als prove\u00efdors que prestin els seus serveis complint aquests mateixos principis:<\/p><p><span style=\"color: #5077b5;\">\u25aa <strong>INTEGRAR LA PROTECCI\u00d3 DE LES CONDICIONS DE SEGURETAT EN LA NOSTRA ESTRAT\u00c8GIA EMPRESARIAL<\/strong>:<\/span> Aplicar aquest criteri en la presa de decisions, assegurant que \u00e9s una prioritat i alhora una pr\u00e0ctica, garantint que aquest \u00e9s adequat al context i prop\u00f2sit de la nostra organitzaci\u00f3 i implicant-hi tots els nivells de la mateixa i altres parts interessades.<\/p><p><span style=\"color: #5077b5;\">\u25aa <strong>PREVENIR ELS DANYS I DETERIORAMENTS DE LA SALUT DERIVATS DELS RISCOS LABORALS<\/strong>:<\/span> Garantir que s\u2019adopten les mesures destinades a gestionar adequadament les condicions de seguretat i salut en qu\u00e8 es desenvolupen les activitats, amb l\u2019objectiu de prevenir els danys i\/o deterioraments de la salut que podrien patir els treballadors propis, els treballadors de les empreses contractades, locals comercials i cessions d\u2019espai o qualsevol altra persona amb acc\u00e9s al Centre Comercial. A m\u00e9s, establim els mitjans per controlar els riscos per a la seguretat i salut en el treball utilitzant com a jerarquia dels controls l\u2019eliminaci\u00f3 de perills; substituci\u00f3 amb materials, processos, operacions o equips menys perillosos; utilitzaci\u00f3 de controls d\u2019enginyeria; utilitzaci\u00f3 de controls administratius; i dotaci\u00f3 de proteccions col\u00b7lectives i equips de protecci\u00f3 individual adequats.<\/p><p><span style=\"color: #5077b5;\">\u25aa <strong>GARANTIR UNA QUALITAT DE L\u2019AIRE \u00d2PTIMA EN LES NOSTRES INSTAL\u00b7LACIONS<\/strong>:<\/span> Contribuir al benestar dels clients, usuaris, col\u00b7laboradors i empleats a trav\u00e9s de l\u2019\u00fas eficient dels equips de climatitzaci\u00f3.<\/p><p><span style=\"color: #5077b5;\">\u25aa <strong>REDUIR ELS INCIDENTS<\/strong>:<\/span> Integrar la seguretat i salut laboral dins de la gesti\u00f3 global de manera que totes les activitats siguin considerades des d\u2019una perspectiva de prevenci\u00f3 de tot tipus d\u2019accidents i protecci\u00f3 de les persones en l\u2019entorn laboral. A m\u00e9s, disposem de plans d\u2019emerg\u00e8ncia i conting\u00e8ncia per controlar els riscos residuals, minimitzant les possibles amenaces al negoci i protegint els nostres actius.<\/p><p><span style=\"color: #5077b5;\">\u25aa <strong>POTENCIAR LA INNOVACI\u00d3 I EL DESENVOLUPAMENT<\/strong>:<\/span> Aplicar a les nostres instal\u00b7lacions les solucions m\u00e9s netes, segures, eficaces disponibles i econ\u00f2micament viables, potenciant la millora de les condicions de seguretat i salut en el treball.<\/p><p><span style=\"color: #5077b5;\">\u25aa <strong>COMPLIR LES EXIG\u00c8NCIES LEGALS I ALTRES REQUISITS SUBSCRITS I RESPECTAR L\u2019\u00c8TICA I ELS VALORS<\/strong>:<\/span> Mantenir un control permanent del compliment de la legislaci\u00f3 vigent i altres requisits de seguretat i salut en el treball subscrits, revisar de manera peri\u00f2dica la seguretat de les nostres instal\u00b7lacions, aix\u00ed com requerir als nostres contractistes i prove\u00efdors que compleixin aquests mateixos principis.<\/p><p><span style=\"color: #5077b5;\">\u25aa <strong>PROPORCIONAR ELS RECURSOS HUMANS I MATERIALS NECESSARIS PER ELIMINAR ELS PERILLS I REDUIR ELS RISCOS PER A LA SEGURETAT I SALUT EN EL TREBALL<\/strong>:<\/span> Dotar dels mitjans adequats perqu\u00e8 tot el personal pugui desenvolupar la seva feina amb els nivells de seguretat i salut desitjats.<\/p><p><span style=\"color: #5077b5;\">\u25aa <strong>CONSIDERAR ELS CRITERIS DE SEGURETAT I SALUT EN LES COMPRES<\/strong>:<\/span> Seguir els principis de compres segures en la cadena de subministrament, afavorint l\u2019adquisici\u00f3 de productes, b\u00e9ns i serveis segurs i generats en condicions socialment justes.<\/p><p><span style=\"color: #5077b5;\">\u25aa <strong>RECOLZAR LES PERSONES<\/strong>:<\/span> Promoure i participar en actuacions que fomentin la conscienciaci\u00f3, formaci\u00f3 i sensibilitzaci\u00f3 i el progr\u00e9s cap a un desenvolupament segur dels nostres treballadors, clients, visitants i de la societat, en general, com a principi b\u00e0sic de la millora cont\u00ednua de la nostra relaci\u00f3 amb la prevenci\u00f3 de riscos laborals i els grups d\u2019inter\u00e8s vinculats al Centre Comercial.<\/p><p><span style=\"color: #5077b5;\">\u25aa <strong>ACONSEGUIR LA PARTICIPACI\u00d3 DEL PERSONAL<\/strong>:<\/span> Afavorir un ambient participatiu entre el personal propi, el de les contractes i el dels locals comercials i cessions d\u2019espai, integrant-se en l\u2019objectiu com\u00fa i millorant les comunicacions que facilitin el treball en equip, el reconeixement individual, les suggeriments de millora i les consultes als treballadors i els seus representants, induint a tots ells cap a una actitud responsable mitjan\u00e7ant la seva sensibilitzaci\u00f3 i formaci\u00f3.<\/p><p><span style=\"color: #5077b5;\">\u25aa <strong>INFORMAR ACTIVAMENT SOBRE ELS RESULTATS DEL RENDIMENT DE LA SEGURETAT I SALUT EN EL TREBALL<\/strong>:<\/span> Comunicar activament els resultats socials, de seguretat i salut i les iniciatives en mat\u00e8ria de prevenci\u00f3 de riscos laborals.<\/p><p><span style=\"color: #5077b5;\">\u25aa <strong>PERSEVERAR EN LA MILLORA CONT\u00cdNUA<\/strong>:<\/span> Planificar a mitj\u00e0 i llarg termini els objectius que s\u00f3n la causa i l&#8217;efecte de la millora cont\u00ednua, essent conscients que aquests nom\u00e9s s\u00f3n assolibles mitjan\u00e7ant l\u2019esfor\u00e7 i l\u2019adaptaci\u00f3 als canvis; revisar el Sistema de Gesti\u00f3 de la Seguretat i Salut en el Treball amb l\u2019objectiu d\u2019introduir els canvis necessaris per aconseguir els objectius fixats; aix\u00ed com promoure la seguretat i la salut dels treballadors mitjan\u00e7ant l\u2019aplicaci\u00f3 de mesures i el desenvolupament de les activitats necess\u00e0ries per a la prevenci\u00f3 dels riscos derivats del treball.<\/p><p>Aquest document serveix com a marc per a l\u2019establiment de l\u2019estrat\u00e8gia, els plans i el dia a dia de la Propietat del Centre Comercial \u00c0NECBLAU en el desenvolupament de les seves activitats i est\u00e0 a disposici\u00f3 p\u00fablica.<\/p><p style=\"text-align: right;\">OCTUBRE 2023<\/p>\t\t\t\t\t\t\t\t<\/div>\n\t\t\t\t<\/div>\n\t\t\t\t<\/div>\n\t\t\t\t\t<\/div>\n\t\t\t\t<\/div>\n\t\t\t\t<\/div>\n\t\t","protected":false},"excerpt":{"rendered":"<p>POL\u00cdTICA DE SEGURETAT I SALUT El Centre Comercial \u00c0NECBLAU considera la protecci\u00f3 de les condicions de seguretat i salut en el treball com un valor fonamental de la seva estrat\u00e8gia empresarial. Per aix\u00f2, realitza les activitats conforme als principis de desenvolupament segur, protegint les persones, comprometent-se a prevenir els danys i el deteriorament de la [&hellip;]<\/p>\n","protected":false},"author":6,"featured_media":0,"parent":0,"menu_order":0,"comment_status":"closed","ping_status":"closed","template":"","meta":{"footnotes":""},"class_list":["post-85320","page","type-page","status-publish","hentry"],"yoast_head":"<!-- This site is optimized with the Yoast SEO plugin v25.4 - https:\/\/yoast.com\/wordpress\/plugins\/seo\/ -->\n<title>POL\u00cdTICA DE SEGURETAT I SALUT | Centro Comercial \u00c0necblau<\/title>\n<meta name=\"description\" content=\"POL\u00cdTICA DE SEGURETAT I SALUT El Centre Comercial \u00c0NECBLAU considera la protecci\u00f3 de les condicions de seguretat i salut en el treball com un valor\" \/>\n<meta name=\"robots\" content=\"noindex, follow, max-snippet:-1, max-image-preview:large, max-video-preview:-1\" \/>\n<meta property=\"og:locale\" content=\"ca_ES\" \/>\n<meta property=\"og:type\" content=\"article\" \/>\n<meta property=\"og:title\" content=\"POL\u00cdTICA DE SEGURETAT I SALUT | Centro Comercial \u00c0necblau\" \/>\n<meta property=\"og:description\" content=\"POL\u00cdTICA DE SEGURETAT I SALUT El Centre Comercial \u00c0NECBLAU considera la protecci\u00f3 de les condicions de seguretat i salut en el treball com un valor\" \/>\n<meta property=\"og:url\" content=\"https:\/\/ccanecblau.valordeley.es\/ca\/politica-de-seguretat-i-salut\/\" \/>\n<meta property=\"og:site_name\" content=\"Centro Comercial \u00c0necblau\" \/>\n<meta property=\"article:modified_time\" content=\"2025-09-18T09:45:48+00:00\" \/>\n<meta name=\"twitter:card\" content=\"summary_large_image\" \/>\n<meta name=\"twitter:label1\" content=\"Est. reading time\" \/>\n\t<meta name=\"twitter:data1\" content=\"8 minutes\" \/>\n<script type=\"application\/ld+json\" class=\"yoast-schema-graph\">{\"@context\":\"https:\/\/schema.org\",\"@graph\":[{\"@type\":\"WebPage\",\"@id\":\"https:\/\/ccanecblau.valordeley.es\/ca\/politica-de-seguretat-i-salut\/\",\"url\":\"https:\/\/ccanecblau.valordeley.es\/ca\/politica-de-seguretat-i-salut\/\",\"name\":\"POL\u00cdTICA DE SEGURETAT I SALUT | Centro Comercial \u00c0necblau\",\"isPartOf\":{\"@id\":\"https:\/\/ccanecblau.valordeley.es\/ca\/#website\"},\"datePublished\":\"2025-09-18T09:45:12+00:00\",\"dateModified\":\"2025-09-18T09:45:48+00:00\",\"description\":\"POL\u00cdTICA DE SEGURETAT I SALUT El Centre Comercial \u00c0NECBLAU considera la protecci\u00f3 de les condicions de seguretat i salut en el treball com un valor\",\"breadcrumb\":{\"@id\":\"https:\/\/ccanecblau.valordeley.es\/ca\/politica-de-seguretat-i-salut\/#breadcrumb\"},\"inLanguage\":\"ca-ES\",\"potentialAction\":[{\"@type\":\"ReadAction\",\"target\":[\"https:\/\/ccanecblau.valordeley.es\/ca\/politica-de-seguretat-i-salut\/\"]}]},{\"@type\":\"BreadcrumbList\",\"@id\":\"https:\/\/ccanecblau.valordeley.es\/ca\/politica-de-seguretat-i-salut\/#breadcrumb\",\"itemListElement\":[{\"@type\":\"ListItem\",\"position\":1,\"name\":\"Portada\",\"item\":\"https:\/\/ccanecblau.valordeley.es\/ca\/\"},{\"@type\":\"ListItem\",\"position\":2,\"name\":\"POL\u00cdTICA DE SEGURETAT I SALUT\"}]},{\"@type\":\"WebSite\",\"@id\":\"https:\/\/ccanecblau.valordeley.es\/ca\/#website\",\"url\":\"https:\/\/ccanecblau.valordeley.es\/ca\/\",\"name\":\"Centro Comercial \u00c0necblau\",\"description\":\"Centro Comercial | \u00c0necblau\",\"publisher\":{\"@id\":\"https:\/\/ccanecblau.valordeley.es\/ca\/#organization\"},\"potentialAction\":[{\"@type\":\"SearchAction\",\"target\":{\"@type\":\"EntryPoint\",\"urlTemplate\":\"https:\/\/ccanecblau.valordeley.es\/ca\/?s={search_term_string}\"},\"query-input\":{\"@type\":\"PropertyValueSpecification\",\"valueRequired\":true,\"valueName\":\"search_term_string\"}}],\"inLanguage\":\"ca-ES\"},{\"@type\":\"Organization\",\"@id\":\"https:\/\/ccanecblau.valordeley.es\/ca\/#organization\",\"name\":\"Anecblau\",\"alternateName\":\"Centro Comercial | \u00c0necblau\",\"url\":\"https:\/\/ccanecblau.valordeley.es\/ca\/\",\"logo\":{\"@type\":\"ImageObject\",\"inLanguage\":\"ca-ES\",\"@id\":\"https:\/\/ccanecblau.valordeley.es\/ca\/#\/schema\/logo\/image\/\",\"url\":\"https:\/\/ccanecblau.valordeley.es\/wp-content\/uploads\/2021\/04\/anecblau-logo-diciembrecolor.svg\",\"contentUrl\":\"https:\/\/ccanecblau.valordeley.es\/wp-content\/uploads\/2021\/04\/anecblau-logo-diciembrecolor.svg\",\"width\":1,\"height\":1,\"caption\":\"Anecblau\"},\"image\":{\"@id\":\"https:\/\/ccanecblau.valordeley.es\/ca\/#\/schema\/logo\/image\/\"}}]}<\/script>\n<!-- \/ Yoast SEO plugin. -->","yoast_head_json":{"title":"POL\u00cdTICA DE SEGURETAT I SALUT | Centro Comercial \u00c0necblau","description":"POL\u00cdTICA DE SEGURETAT I SALUT El Centre Comercial \u00c0NECBLAU considera la protecci\u00f3 de les condicions de seguretat i salut en el treball com un valor","robots":{"index":"noindex","follow":"follow","max-snippet":"max-snippet:-1","max-image-preview":"max-image-preview:large","max-video-preview":"max-video-preview:-1"},"og_locale":"ca_ES","og_type":"article","og_title":"POL\u00cdTICA DE SEGURETAT I SALUT | Centro Comercial \u00c0necblau","og_description":"POL\u00cdTICA DE SEGURETAT I SALUT El Centre Comercial \u00c0NECBLAU considera la protecci\u00f3 de les condicions de seguretat i salut en el treball com un valor","og_url":"https:\/\/ccanecblau.valordeley.es\/ca\/politica-de-seguretat-i-salut\/","og_site_name":"Centro Comercial \u00c0necblau","article_modified_time":"2025-09-18T09:45:48+00:00","twitter_card":"summary_large_image","twitter_misc":{"Est. reading time":"8 minutes"},"schema":{"@context":"https:\/\/schema.org","@graph":[{"@type":"WebPage","@id":"https:\/\/ccanecblau.valordeley.es\/ca\/politica-de-seguretat-i-salut\/","url":"https:\/\/ccanecblau.valordeley.es\/ca\/politica-de-seguretat-i-salut\/","name":"POL\u00cdTICA DE SEGURETAT I SALUT | Centro Comercial \u00c0necblau","isPartOf":{"@id":"https:\/\/ccanecblau.valordeley.es\/ca\/#website"},"datePublished":"2025-09-18T09:45:12+00:00","dateModified":"2025-09-18T09:45:48+00:00","description":"POL\u00cdTICA DE SEGURETAT I SALUT El Centre Comercial \u00c0NECBLAU considera la protecci\u00f3 de les condicions de seguretat i salut en el treball com un valor","breadcrumb":{"@id":"https:\/\/ccanecblau.valordeley.es\/ca\/politica-de-seguretat-i-salut\/#breadcrumb"},"inLanguage":"ca-ES","potentialAction":[{"@type":"ReadAction","target":["https:\/\/ccanecblau.valordeley.es\/ca\/politica-de-seguretat-i-salut\/"]}]},{"@type":"BreadcrumbList","@id":"https:\/\/ccanecblau.valordeley.es\/ca\/politica-de-seguretat-i-salut\/#breadcrumb","itemListElement":[{"@type":"ListItem","position":1,"name":"Portada","item":"https:\/\/ccanecblau.valordeley.es\/ca\/"},{"@type":"ListItem","position":2,"name":"POL\u00cdTICA DE SEGURETAT I SALUT"}]},{"@type":"WebSite","@id":"https:\/\/ccanecblau.valordeley.es\/ca\/#website","url":"https:\/\/ccanecblau.valordeley.es\/ca\/","name":"Centro Comercial \u00c0necblau","description":"Centro Comercial | \u00c0necblau","publisher":{"@id":"https:\/\/ccanecblau.valordeley.es\/ca\/#organization"},"potentialAction":[{"@type":"SearchAction","target":{"@type":"EntryPoint","urlTemplate":"https:\/\/ccanecblau.valordeley.es\/ca\/?s={search_term_string}"},"query-input":{"@type":"PropertyValueSpecification","valueRequired":true,"valueName":"search_term_string"}}],"inLanguage":"ca-ES"},{"@type":"Organization","@id":"https:\/\/ccanecblau.valordeley.es\/ca\/#organization","name":"Anecblau","alternateName":"Centro Comercial | \u00c0necblau","url":"https:\/\/ccanecblau.valordeley.es\/ca\/","logo":{"@type":"ImageObject","inLanguage":"ca-ES","@id":"https:\/\/ccanecblau.valordeley.es\/ca\/#\/schema\/logo\/image\/","url":"https:\/\/ccanecblau.valordeley.es\/wp-content\/uploads\/2021\/04\/anecblau-logo-diciembrecolor.svg","contentUrl":"https:\/\/ccanecblau.valordeley.es\/wp-content\/uploads\/2021\/04\/anecblau-logo-diciembrecolor.svg","width":1,"height":1,"caption":"Anecblau"},"image":{"@id":"https:\/\/ccanecblau.valordeley.es\/ca\/#\/schema\/logo\/image\/"}}]}},"publishpress_future_action":{"enabled":false,"date":"2026-04-25 18:01:54","action":"change-status","newStatus":"draft","terms":[],"taxonomy":"translation_priority"},"publishpress_future_workflow_manual_trigger":{"enabledWorkflows":[]},"_links":{"self":[{"href":"https:\/\/ccanecblau.valordeley.es\/ca\/wp-json\/wp\/v2\/pages\/85320","targetHints":{"allow":["GET"]}}],"collection":[{"href":"https:\/\/ccanecblau.valordeley.es\/ca\/wp-json\/wp\/v2\/pages"}],"about":[{"href":"https:\/\/ccanecblau.valordeley.es\/ca\/wp-json\/wp\/v2\/types\/page"}],"author":[{"embeddable":true,"href":"https:\/\/ccanecblau.valordeley.es\/ca\/wp-json\/wp\/v2\/users\/6"}],"replies":[{"embeddable":true,"href":"https:\/\/ccanecblau.valordeley.es\/ca\/wp-json\/wp\/v2\/comments?post=85320"}],"version-history":[{"count":4,"href":"https:\/\/ccanecblau.valordeley.es\/ca\/wp-json\/wp\/v2\/pages\/85320\/revisions"}],"predecessor-version":[{"id":85324,"href":"https:\/\/ccanecblau.valordeley.es\/ca\/wp-json\/wp\/v2\/pages\/85320\/revisions\/85324"}],"wp:attachment":[{"href":"https:\/\/ccanecblau.valordeley.es\/ca\/wp-json\/wp\/v2\/media?parent=85320"}],"curies":[{"name":"wp","href":"https:\/\/api.w.org\/{rel}","templated":true}]}}