{"id":85305,"date":"2025-09-18T11:39:46","date_gmt":"2025-09-18T09:39:46","guid":{"rendered":"https:\/\/ccanecblau.valordeley.es\/?page_id=85305"},"modified":"2025-10-07T14:50:11","modified_gmt":"2025-10-07T12:50:11","slug":"politica-ambiental-3","status":"publish","type":"page","link":"https:\/\/ccanecblau.valordeley.es\/ca\/politica-ambiental-3\/","title":{"rendered":"Pol\u00edtica ambiental"},"content":{"rendered":"\t\t<div data-elementor-type=\"wp-page\" data-elementor-id=\"85305\" class=\"elementor elementor-85305 elementor-85300\">\n\t\t\t\t\t\t<section class=\"elementor-section elementor-top-section elementor-element elementor-element-e9b755f elementor-section-height-min-height elementor-hidden-mobile elementor-hidden-tablet elementor-section-boxed elementor-section-height-default elementor-section-items-middle\" data-id=\"e9b755f\" data-element_type=\"section\" data-settings=\"{&quot;background_background&quot;:&quot;classic&quot;}\">\n\t\t\t\t\t\t<div class=\"elementor-container elementor-column-gap-default\">\n\t\t\t\t\t<div class=\" elementor-column elementor-col-100 elementor-top-column elementor-element elementor-element-5d2ad49\" data-fullscreen-column-settings=\"{&quot;fullscreen&quot;:&quot;&quot;}\" data-id=\"5d2ad49\" data-element_type=\"column\">\n\t\t\t<div class=\"elementor-widget-wrap\">\n\t\t\t\t\t\t\t<\/div>\n\t\t<\/div>\n\t\t\t\t\t<\/div>\n\t\t<\/section>\n\t\t<div class=\"elementor-element elementor-element-9258bd8 e-flex e-con-boxed e-con e-parent\" data-id=\"9258bd8\" data-element_type=\"container\" data-settings=\"{&quot;background_background&quot;:&quot;classic&quot;}\">\n\t\t\t\t\t<div class=\"e-con-inner\">\n\t\t<div class=\"elementor-element elementor-element-f2d126d e-con-full e-flex e-con e-child\" data-id=\"f2d126d\" data-element_type=\"container\">\n\t\t\t\t<div class=\"elementor-element elementor-element-849913c elementor-widget elementor-widget-heading\" data-id=\"849913c\" data-element_type=\"widget\" data-widget_type=\"heading.default\">\n\t\t\t\t<div class=\"elementor-widget-container\">\n\t\t\t\t\t<h1 class=\"elementor-heading-title elementor-size-default\">POL\u00cdTICA AMBIENTAL<\/h1>\t\t\t\t<\/div>\n\t\t\t\t<\/div>\n\t\t\t\t<\/div>\n\t\t\t\t\t<\/div>\n\t\t\t\t<\/div>\n\t\t<div class=\"elementor-element elementor-element-13b2916 e-flex e-con-boxed e-con e-parent\" data-id=\"13b2916\" data-element_type=\"container\" data-settings=\"{&quot;background_background&quot;:&quot;classic&quot;}\">\n\t\t\t\t\t<div class=\"e-con-inner\">\n\t\t<div class=\"elementor-element elementor-element-0d8c447 e-con-full e-flex e-con e-child\" data-id=\"0d8c447\" data-element_type=\"container\">\n\t\t\t\t<div class=\"elementor-element elementor-element-8abf8d2 elementor-widget elementor-widget-text-editor\" data-id=\"8abf8d2\" data-element_type=\"widget\" data-widget_type=\"text-editor.default\">\n\t\t\t\t<div class=\"elementor-widget-container\">\n\t\t\t\t\t\t\t\t\t<p>El Centre Comercial \u00c0NECBLAU considera l&#8217;excel\u00b7l\u00e8ncia mediambiental com un valor fonamental de la seva estrat\u00e8gia empresarial. Per aquest motiu, realitza les activitats protegint el medi ambient, conforme als principis de desenvolupament segur i sostenible i a la gesti\u00f3 de riscos ambientals, implementant millores que permeten protegir l&#8217;edifici del seu entorn, lluitar contra el canvi clim\u00e0tic, protegir la biodiversitat, aix\u00ed com reduir els consums de recursos i mat\u00e8ries primeres, la generaci\u00f3 de residus i les emissions inherents a l&#8217;activitat.<\/p><p>En conseq\u00fc\u00e8ncia i en compliment d&#8217;aquests compromisos ambientals, aplica els fonaments de la seg\u00fcent pol\u00edtica ambiental, i requereix a les empreses contractades i als prove\u00efdors que prestin els seus serveis complint aquests mateixos principis:<\/p><p><span style=\"color: #5077b5;\">\u2022 <strong>PROTECCI\u00d3 DEL MEDI AMBIENT, PREVENCI\u00d3 I MINIMITZACI\u00d3 DE LA CONTAMINACI\u00d3 I PRESERVACI\u00d3 DELS RECURSOS NATURALS<\/strong>:<\/span> Adoptar mesures per a la protecci\u00f3 del medi ambient i la prevenci\u00f3 de la contaminaci\u00f3 de forma general, optimitzant el consum de recursos, prioritzant l&#8217;\u00fas de recursos renovables, disminuint la quantitat de residus i aplicant mesures per a la reducci\u00f3 d&#8217;emissions.<\/p><p><span style=\"color: #5077b5;\">\u2022 <strong>INTEGRAR LA SOSTENIBILITAT EN LA NOSTRA ESTRAT\u00c8GIA EMPRESARIAL<\/strong>:<\/span> Assegurar que la sostenibilitat \u00e9s una prioritat i una pr\u00e0ctica, i garantir que els criteris que la condueixen s\u00f3n adequats al context i prop\u00f2sit de la nostra organitzaci\u00f3. Utilitzar racionalment els recursos i minimitzar els impactes ambientals, aix\u00ed com la generaci\u00f3 de residus, emissions i vessaments mitjan\u00e7ant l&#8217;aplicaci\u00f3 dels processos de millora cont\u00ednua, l&#8217;establiment d&#8217;objectius i metes ambientals, la millora del cicle de vida de l&#8217;actiu, les millors pr\u00e0ctiques d&#8217;operaci\u00f3 i manteniment i l&#8217;aplicaci\u00f3 dels principis d&#8217;economia circular.<\/p><p><span style=\"color: #5077b5;\">\u2022 <strong>INCORPORAR LA CONSERVACI\u00d3 DE LA BIODIVERSITAT EN LA PRESA DE DECISIONS<\/strong>:<\/span> Considerar la biodiversitat com un element destacat a l&#8217;hora d&#8217;optar per solucions en l&#8217;\u00e0mbit de la planificaci\u00f3, implantaci\u00f3, i operaci\u00f3 de les instal\u00b7lacions.<\/p><p><span style=\"color: #5077b5;\">\u2022 <strong>PROMOURE LA LLUITA CONTRA EL CANVI CLIM\u00c0TIC<\/strong>:<\/span> Fomentar l&#8217;\u00fas d&#8217;energies renovables, promoure l&#8217;estalvi i l&#8217;efici\u00e8ncia energ\u00e8tica i preveure l&#8217;adaptaci\u00f3 a les noves condicions derivades del canvi clim\u00e0tic.<\/p><p><span style=\"color: #5077b5;\">\u2022 <strong>POTENCIAR LA INNOVACI\u00d3 I EL DESENVOLUPAMENT<\/strong>:<\/span> Fomentar a les nostres instal\u00b7lacions la innovaci\u00f3 i l&#8217;\u00fas de les millors tecnologies que apliquin els criteris d&#8217;efici\u00e8ncia energ\u00e8tica, consum responsable d&#8217;aigua, \u00fas racional dels recursos naturals i minimitzaci\u00f3 dels residus generats.<\/p><p><span style=\"color: #5077b5;\">\u2022 <strong>FOMENTAR LA MILLORA CONT\u00cdNUA DEL CICLE DE VIDA DE L&#8217;ACTIU, OPERACIONS I PR&amp;AGRAVE;CTIQUES DE MANTENIMENT<\/strong>:<\/span> Minimitzar la generaci\u00f3 sup\u00e8rflua i potenciar la reutilitzaci\u00f3 i reciclatge dels b\u00e9ns, aix\u00ed com la reducci\u00f3 de les emissions de gasos d&#8217;efecte hivernacle.<\/p><p><span style=\"color: #5077b5;\">\u2022 <strong>MILLORAR LA PROTECCI\u00d3 DE L&#8217;EDIFICI<\/strong>:<\/span> Avaluar els riscos ambientals per tal de verificar l&#8217;estat de l&#8217;edifici davant els riscos naturals propis del seu entorn i adoptar mesures de millora cont\u00ednua en base als resultats obtinguts.<\/p><p><span style=\"color: #5077b5;\">\u2022 <strong>MENTENIR UNA CULTURA DE RESILI\u00c8NCIA<\/strong>:<\/span> Promoure l&#8217;adaptaci\u00f3 als canvis ambientals i, fonamentalment, al canvi clim\u00e0tic, maximitzant la resili\u00e8ncia de l&#8217;actiu.<\/p><p><span style=\"color: #5077b5;\">\u2022 <strong>COMPLIR LES EXIG\u00c8NCIES LEGALS I ALTRES REQUISITS SUBSCRITS I RESPECTAR L&#8217;\u00c8TICA I ELS VALORS<\/strong>:<\/span> Mantenir un control permanent del compliment de la legislaci\u00f3 vigent i altres requisits ambientals subscrits, revisar de manera peri\u00f2dica el comportament ambiental, aix\u00ed com requerir als nostres contractistes i prove\u00efdors que compleixin amb aquests mateixos principis.<\/p><p><span style=\"color: #5077b5;\">\u2022 <strong>PROPORCIONAR ELS RECURSOS NECESSARIS<\/strong>:<\/span> Dotar dels mitjans adequats perqu\u00e8 tot el personal pugui identificar i aplicar les directrius de sostenibilitat en el desenvolupament de la seva feina.<\/p><p><span style=\"color: #5077b5;\">\u2022 <strong>CONSIDERAR ELS CRITERIS AMBIENTALS EN LES COMPRES<\/strong>:<\/span> Seguir els principis de compres sostenibles en la cadena de subministrament, afavorint l&#8217;adquisici\u00f3 de productes, b\u00e9ns i serveis respectuosos amb el medi ambient.<\/p><p><span style=\"color: #5077b5;\">\u2022 <strong>RECOLZAR LES PERSONES<\/strong>:<\/span> Promoure i participar en actuacions que fomentin la conscienciaci\u00f3, formaci\u00f3 i sensibilitzaci\u00f3 i el progr\u00e9s cap a un desenvolupament sostenible dels nostres treballadors, clients, visitants i de la societat, en general, com a principi b\u00e0sic de la millora cont\u00ednua de la nostra relaci\u00f3 amb el medi ambient i els grups d&#8217;inter\u00e8s vinculats al Centre Comercial.<\/p><p><span style=\"color: #5077b5;\">\u2022 <strong>INFORMAR ACTIVAMENT SOBRE ELS RESULTATS DEL RENDIMENT AMBIENTAL<\/strong>:<\/span> Comunicar activament els resultats socials, ambientals, i les iniciatives en mat\u00e8ria de sostenibilitat.<\/p><p><span style=\"color: #5077b5;\">\u2022 <strong>PERSEVERAR EN LA MILLORA CONT\u00cdNUA<\/strong>:<\/span> Planificar a mitj\u00e0 i llarg termini els objectius que s\u00f3n la causa i l&#8217;efecte de la millora cont\u00ednua, sent conscients que aquests nom\u00e9s s\u00f3n assolibles mitjan\u00e7ant l&#8217;esfor\u00e7 i la deguda adaptaci\u00f3 als canvis; revisar el Sistema de Gesti\u00f3 Ambiental amb l&#8217;objectiu d&#8217;introduir els canvis necessaris per aconseguir els objectius de millora fixats, orientats aquests a reduir el consum de recursos naturals (energia i aigua) i a minimitzar els residus generats i afavorir el seu reciclatge; aix\u00ed com fomentar la conservaci\u00f3 dels recursos mitjan\u00e7ant la implantaci\u00f3 de pr\u00e0ctiques de reducci\u00f3, reutilitzaci\u00f3 i reciclatge.<\/p><p>Aquest document serveix com a marc per a l&#8217;establiment de l&#8217;estrat\u00e8gia, els plans i el dia a dia de la Propietat del Centre Comercial \u00c0NECBLAU en el desenvolupament de les seves activitats i est\u00e0 a disposici\u00f3 p\u00fablica.<\/p><p style=\"text-align: right;\">FEBRER 2024<\/p>\t\t\t\t\t\t\t\t<\/div>\n\t\t\t\t<\/div>\n\t\t\t\t<\/div>\n\t\t\t\t\t<\/div>\n\t\t\t\t<\/div>\n\t\t\t\t<\/div>\n\t\t","protected":false},"excerpt":{"rendered":"<p>POL\u00cdTICA AMBIENTAL El Centre Comercial \u00c0NECBLAU considera l&#8217;excel\u00b7l\u00e8ncia mediambiental com un valor fonamental de la seva estrat\u00e8gia empresarial. Per aquest motiu, realitza les activitats protegint el medi ambient, conforme als principis de desenvolupament segur i sostenible i a la gesti\u00f3 de riscos ambientals, implementant millores que permeten protegir l&#8217;edifici del seu entorn, lluitar contra el [&hellip;]<\/p>\n","protected":false},"author":6,"featured_media":0,"parent":0,"menu_order":0,"comment_status":"closed","ping_status":"closed","template":"","meta":{"footnotes":""},"class_list":["post-85305","page","type-page","status-publish","hentry"],"yoast_head":"<!-- This site is optimized with the Yoast SEO plugin v25.4 - https:\/\/yoast.com\/wordpress\/plugins\/seo\/ -->\n<title>Pol\u00edtica ambiental | Centro Comercial \u00c0necblau<\/title>\n<meta name=\"description\" content=\"POL\u00cdTICA AMBIENTAL El Centre Comercial \u00c0NECBLAU considera l&#039;excel\u00b7l\u00e8ncia mediambiental com un valor fonamental de la seva estrat\u00e8gia empresarial. Per\" \/>\n<meta name=\"robots\" content=\"noindex, follow, max-snippet:-1, max-image-preview:large, max-video-preview:-1\" \/>\n<meta property=\"og:locale\" content=\"ca_ES\" \/>\n<meta property=\"og:type\" content=\"article\" \/>\n<meta property=\"og:title\" content=\"Pol\u00edtica ambiental | Centro Comercial \u00c0necblau\" \/>\n<meta property=\"og:description\" content=\"POL\u00cdTICA AMBIENTAL El Centre Comercial \u00c0NECBLAU considera l&#039;excel\u00b7l\u00e8ncia mediambiental com un valor fonamental de la seva estrat\u00e8gia empresarial. Per\" \/>\n<meta property=\"og:url\" content=\"https:\/\/ccanecblau.valordeley.es\/ca\/politica-ambiental-3\/\" \/>\n<meta property=\"og:site_name\" content=\"Centro Comercial \u00c0necblau\" \/>\n<meta property=\"article:modified_time\" content=\"2025-10-07T12:50:11+00:00\" \/>\n<meta name=\"twitter:card\" content=\"summary_large_image\" \/>\n<meta name=\"twitter:label1\" content=\"Est. reading time\" \/>\n\t<meta name=\"twitter:data1\" content=\"4 minutes\" \/>\n<script type=\"application\/ld+json\" class=\"yoast-schema-graph\">{\"@context\":\"https:\/\/schema.org\",\"@graph\":[{\"@type\":\"WebPage\",\"@id\":\"https:\/\/ccanecblau.valordeley.es\/ca\/politica-ambiental-3\/\",\"url\":\"https:\/\/ccanecblau.valordeley.es\/ca\/politica-ambiental-3\/\",\"name\":\"Pol\u00edtica ambiental | Centro Comercial \u00c0necblau\",\"isPartOf\":{\"@id\":\"https:\/\/ccanecblau.valordeley.es\/ca\/#website\"},\"datePublished\":\"2025-09-18T09:39:46+00:00\",\"dateModified\":\"2025-10-07T12:50:11+00:00\",\"description\":\"POL\u00cdTICA AMBIENTAL El Centre Comercial \u00c0NECBLAU considera l'excel\u00b7l\u00e8ncia mediambiental com un valor fonamental de la seva estrat\u00e8gia empresarial. Per\",\"breadcrumb\":{\"@id\":\"https:\/\/ccanecblau.valordeley.es\/ca\/politica-ambiental-3\/#breadcrumb\"},\"inLanguage\":\"ca-ES\",\"potentialAction\":[{\"@type\":\"ReadAction\",\"target\":[\"https:\/\/ccanecblau.valordeley.es\/ca\/politica-ambiental-3\/\"]}]},{\"@type\":\"BreadcrumbList\",\"@id\":\"https:\/\/ccanecblau.valordeley.es\/ca\/politica-ambiental-3\/#breadcrumb\",\"itemListElement\":[{\"@type\":\"ListItem\",\"position\":1,\"name\":\"Portada\",\"item\":\"https:\/\/ccanecblau.valordeley.es\/ca\/\"},{\"@type\":\"ListItem\",\"position\":2,\"name\":\"Pol\u00edtica ambiental\"}]},{\"@type\":\"WebSite\",\"@id\":\"https:\/\/ccanecblau.valordeley.es\/ca\/#website\",\"url\":\"https:\/\/ccanecblau.valordeley.es\/ca\/\",\"name\":\"Centro Comercial \u00c0necblau\",\"description\":\"Centro Comercial | \u00c0necblau\",\"publisher\":{\"@id\":\"https:\/\/ccanecblau.valordeley.es\/ca\/#organization\"},\"potentialAction\":[{\"@type\":\"SearchAction\",\"target\":{\"@type\":\"EntryPoint\",\"urlTemplate\":\"https:\/\/ccanecblau.valordeley.es\/ca\/?s={search_term_string}\"},\"query-input\":{\"@type\":\"PropertyValueSpecification\",\"valueRequired\":true,\"valueName\":\"search_term_string\"}}],\"inLanguage\":\"ca-ES\"},{\"@type\":\"Organization\",\"@id\":\"https:\/\/ccanecblau.valordeley.es\/ca\/#organization\",\"name\":\"Anecblau\",\"alternateName\":\"Centro Comercial | \u00c0necblau\",\"url\":\"https:\/\/ccanecblau.valordeley.es\/ca\/\",\"logo\":{\"@type\":\"ImageObject\",\"inLanguage\":\"ca-ES\",\"@id\":\"https:\/\/ccanecblau.valordeley.es\/ca\/#\/schema\/logo\/image\/\",\"url\":\"https:\/\/ccanecblau.valordeley.es\/wp-content\/uploads\/2021\/04\/anecblau-logo-diciembrecolor.svg\",\"contentUrl\":\"https:\/\/ccanecblau.valordeley.es\/wp-content\/uploads\/2021\/04\/anecblau-logo-diciembrecolor.svg\",\"width\":1,\"height\":1,\"caption\":\"Anecblau\"},\"image\":{\"@id\":\"https:\/\/ccanecblau.valordeley.es\/ca\/#\/schema\/logo\/image\/\"}}]}<\/script>\n<!-- \/ Yoast SEO plugin. -->","yoast_head_json":{"title":"Pol\u00edtica ambiental | Centro Comercial \u00c0necblau","description":"POL\u00cdTICA AMBIENTAL El Centre Comercial \u00c0NECBLAU considera l'excel\u00b7l\u00e8ncia mediambiental com un valor fonamental de la seva estrat\u00e8gia empresarial. Per","robots":{"index":"noindex","follow":"follow","max-snippet":"max-snippet:-1","max-image-preview":"max-image-preview:large","max-video-preview":"max-video-preview:-1"},"og_locale":"ca_ES","og_type":"article","og_title":"Pol\u00edtica ambiental | Centro Comercial \u00c0necblau","og_description":"POL\u00cdTICA AMBIENTAL El Centre Comercial \u00c0NECBLAU considera l'excel\u00b7l\u00e8ncia mediambiental com un valor fonamental de la seva estrat\u00e8gia empresarial. Per","og_url":"https:\/\/ccanecblau.valordeley.es\/ca\/politica-ambiental-3\/","og_site_name":"Centro Comercial \u00c0necblau","article_modified_time":"2025-10-07T12:50:11+00:00","twitter_card":"summary_large_image","twitter_misc":{"Est. reading time":"4 minutes"},"schema":{"@context":"https:\/\/schema.org","@graph":[{"@type":"WebPage","@id":"https:\/\/ccanecblau.valordeley.es\/ca\/politica-ambiental-3\/","url":"https:\/\/ccanecblau.valordeley.es\/ca\/politica-ambiental-3\/","name":"Pol\u00edtica ambiental | Centro Comercial \u00c0necblau","isPartOf":{"@id":"https:\/\/ccanecblau.valordeley.es\/ca\/#website"},"datePublished":"2025-09-18T09:39:46+00:00","dateModified":"2025-10-07T12:50:11+00:00","description":"POL\u00cdTICA AMBIENTAL El Centre Comercial \u00c0NECBLAU considera l'excel\u00b7l\u00e8ncia mediambiental com un valor fonamental de la seva estrat\u00e8gia empresarial. Per","breadcrumb":{"@id":"https:\/\/ccanecblau.valordeley.es\/ca\/politica-ambiental-3\/#breadcrumb"},"inLanguage":"ca-ES","potentialAction":[{"@type":"ReadAction","target":["https:\/\/ccanecblau.valordeley.es\/ca\/politica-ambiental-3\/"]}]},{"@type":"BreadcrumbList","@id":"https:\/\/ccanecblau.valordeley.es\/ca\/politica-ambiental-3\/#breadcrumb","itemListElement":[{"@type":"ListItem","position":1,"name":"Portada","item":"https:\/\/ccanecblau.valordeley.es\/ca\/"},{"@type":"ListItem","position":2,"name":"Pol\u00edtica ambiental"}]},{"@type":"WebSite","@id":"https:\/\/ccanecblau.valordeley.es\/ca\/#website","url":"https:\/\/ccanecblau.valordeley.es\/ca\/","name":"Centro Comercial \u00c0necblau","description":"Centro Comercial | \u00c0necblau","publisher":{"@id":"https:\/\/ccanecblau.valordeley.es\/ca\/#organization"},"potentialAction":[{"@type":"SearchAction","target":{"@type":"EntryPoint","urlTemplate":"https:\/\/ccanecblau.valordeley.es\/ca\/?s={search_term_string}"},"query-input":{"@type":"PropertyValueSpecification","valueRequired":true,"valueName":"search_term_string"}}],"inLanguage":"ca-ES"},{"@type":"Organization","@id":"https:\/\/ccanecblau.valordeley.es\/ca\/#organization","name":"Anecblau","alternateName":"Centro Comercial | \u00c0necblau","url":"https:\/\/ccanecblau.valordeley.es\/ca\/","logo":{"@type":"ImageObject","inLanguage":"ca-ES","@id":"https:\/\/ccanecblau.valordeley.es\/ca\/#\/schema\/logo\/image\/","url":"https:\/\/ccanecblau.valordeley.es\/wp-content\/uploads\/2021\/04\/anecblau-logo-diciembrecolor.svg","contentUrl":"https:\/\/ccanecblau.valordeley.es\/wp-content\/uploads\/2021\/04\/anecblau-logo-diciembrecolor.svg","width":1,"height":1,"caption":"Anecblau"},"image":{"@id":"https:\/\/ccanecblau.valordeley.es\/ca\/#\/schema\/logo\/image\/"}}]}},"publishpress_future_action":{"enabled":false,"date":"2026-04-25 19:25:20","action":"change-status","newStatus":"draft","terms":[],"taxonomy":"translation_priority"},"publishpress_future_workflow_manual_trigger":{"enabledWorkflows":[]},"_links":{"self":[{"href":"https:\/\/ccanecblau.valordeley.es\/ca\/wp-json\/wp\/v2\/pages\/85305","targetHints":{"allow":["GET"]}}],"collection":[{"href":"https:\/\/ccanecblau.valordeley.es\/ca\/wp-json\/wp\/v2\/pages"}],"about":[{"href":"https:\/\/ccanecblau.valordeley.es\/ca\/wp-json\/wp\/v2\/types\/page"}],"author":[{"embeddable":true,"href":"https:\/\/ccanecblau.valordeley.es\/ca\/wp-json\/wp\/v2\/users\/6"}],"replies":[{"embeddable":true,"href":"https:\/\/ccanecblau.valordeley.es\/ca\/wp-json\/wp\/v2\/comments?post=85305"}],"version-history":[{"count":5,"href":"https:\/\/ccanecblau.valordeley.es\/ca\/wp-json\/wp\/v2\/pages\/85305\/revisions"}],"predecessor-version":[{"id":86046,"href":"https:\/\/ccanecblau.valordeley.es\/ca\/wp-json\/wp\/v2\/pages\/85305\/revisions\/86046"}],"wp:attachment":[{"href":"https:\/\/ccanecblau.valordeley.es\/ca\/wp-json\/wp\/v2\/media?parent=85305"}],"curies":[{"name":"wp","href":"https:\/\/api.w.org\/{rel}","templated":true}]}}