{"id":85138,"date":"2025-09-17T10:37:58","date_gmt":"2025-09-17T08:37:58","guid":{"rendered":"https:\/\/ccanecblau.valordeley.es\/?page_id=85138"},"modified":"2025-09-17T11:06:40","modified_gmt":"2025-09-17T09:06:40","slug":"sadmeten-mascotes","status":"publish","type":"page","link":"https:\/\/ccanecblau.valordeley.es\/ca\/sadmeten-mascotes\/","title":{"rendered":"S&#8217;admeten mascotes"},"content":{"rendered":"\t\t<div data-elementor-type=\"wp-page\" data-elementor-id=\"85138\" class=\"elementor elementor-85138 elementor-76439\">\n\t\t\t\t\t\t<section class=\"elementor-section elementor-top-section elementor-element elementor-element-99fe2a6 elementor-section-height-min-height elementor-hidden-mobile elementor-hidden-tablet elementor-section-boxed elementor-section-height-default elementor-section-items-middle\" data-id=\"99fe2a6\" data-element_type=\"section\" data-settings=\"{&quot;background_background&quot;:&quot;classic&quot;}\">\n\t\t\t\t\t\t<div class=\"elementor-container elementor-column-gap-default\">\n\t\t\t\t\t<div class=\" elementor-column elementor-col-100 elementor-top-column elementor-element elementor-element-1c3978f\" data-fullscreen-column-settings=\"{&quot;fullscreen&quot;:&quot;&quot;}\" data-id=\"1c3978f\" data-element_type=\"column\">\n\t\t\t<div class=\"elementor-widget-wrap\">\n\t\t\t\t\t\t\t<\/div>\n\t\t<\/div>\n\t\t\t\t\t<\/div>\n\t\t<\/section>\n\t\t<div class=\"elementor-element elementor-element-dea015c e-flex e-con-boxed e-con e-parent\" data-id=\"dea015c\" data-element_type=\"container\" data-settings=\"{&quot;background_background&quot;:&quot;classic&quot;}\">\n\t\t\t\t\t<div class=\"e-con-inner\">\n\t\t<div class=\"elementor-element elementor-element-c75084d e-con-full e-flex e-con e-child\" data-id=\"c75084d\" data-element_type=\"container\">\n\t\t\t\t<div class=\"elementor-element elementor-element-0869622 elementor-widget elementor-widget-heading\" data-id=\"0869622\" data-element_type=\"widget\" data-widget_type=\"heading.default\">\n\t\t\t\t<div class=\"elementor-widget-container\">\n\t\t\t\t\t<h1 class=\"elementor-heading-title elementor-size-default\">Vine amb el teu millor amic, admetem mascotes<\/h1>\t\t\t\t<\/div>\n\t\t\t\t<\/div>\n\t\t\t\t<\/div>\n\t\t\t\t\t<\/div>\n\t\t\t\t<\/div>\n\t\t\t\t<section class=\"elementor-section elementor-top-section elementor-element elementor-element-fb39c9b elementor-section-content-middle elementor-section-boxed elementor-section-height-default elementor-section-height-default\" data-id=\"fb39c9b\" data-element_type=\"section\" data-settings=\"{&quot;background_background&quot;:&quot;classic&quot;}\">\n\t\t\t\t\t\t<div class=\"elementor-container elementor-column-gap-default\">\n\t\t\t\t\t<div class=\" elementor-column elementor-col-50 elementor-top-column elementor-element elementor-element-8c5abb3\" data-fullscreen-column-settings=\"{&quot;fullscreen&quot;:&quot;&quot;}\" data-id=\"8c5abb3\" data-element_type=\"column\">\n\t\t\t<div class=\"elementor-widget-wrap elementor-element-populated\">\n\t\t\t\t\t\t<div class=\"elementor-element elementor-element-4c35829 elementor-widget elementor-widget-text-editor\" data-id=\"4c35829\" data-element_type=\"widget\" data-widget_type=\"text-editor.default\">\n\t\t\t\t<div class=\"elementor-widget-container\">\n\t\t\t\t\t\t\t\t\t<strong>Ens ho vau demanar i ho hem aconseguit: <\/strong>\nAra som Pet Friendly! Ara ja podeu venir al centre amb la vostra mascota i gaudir d&#8217;una experi\u00e8ncia \u00fanica junts. Per garantir una bona conviv\u00e8ncia entre tots, us convidem a consultar les normes i descobrir quins operadors formen part d&#8217;aquesta iniciativa.\t\t\t\t\t\t\t\t<\/div>\n\t\t\t\t<\/div>\n\t\t\t\t<div class=\"elementor-element elementor-element-a41099e elementor-widget elementor-widget-text-editor\" data-id=\"a41099e\" data-element_type=\"widget\" data-widget_type=\"text-editor.default\">\n\t\t\t\t<div class=\"elementor-widget-container\">\n\t\t\t\t\t\t\t\t\t<a href=\"\/wp-content\/uploads\/2025\/07\/NormasPetFriendlyEN.pdf\" target=\"_blank\" rel=\"noopener\">Consulteu les regles completes<\/a> <i class=\"menu-item-icon fa-solid fa-download\"><\/i>\t\t\t\t\t\t\t\t<\/div>\n\t\t\t\t<\/div>\n\t\t\t\t<div class=\"elementor-element elementor-element-b9bb8ee elementor-widget elementor-widget-text-editor\" data-id=\"b9bb8ee\" data-element_type=\"widget\" data-widget_type=\"text-editor.default\">\n\t\t\t\t<div class=\"elementor-widget-container\">\n\t\t\t\t\t\t\t\t\t<a href=\"\/wp-content\/uploads\/2025\/07\/Comercios_Petfriendly_MAYO_20_EN.pdf\" target=\"_blank\" rel=\"noopener\">Consulta els operadors participants<\/a> <i class=\"menu-item-icon fa-solid fa-download\"><\/i>\t\t\t\t\t\t\t\t<\/div>\n\t\t\t\t<\/div>\n\t\t\t\t\t<\/div>\n\t\t<\/div>\n\t\t\t\t<div class=\" elementor-column elementor-col-50 elementor-top-column elementor-element elementor-element-b66d176 elementor-invisible\" data-fullscreen-column-settings=\"{&quot;fullscreen&quot;:&quot;&quot;}\" data-id=\"b66d176\" data-element_type=\"column\" data-settings=\"{&quot;animation&quot;:&quot;fadeIn&quot;,&quot;animation_delay&quot;:200}\">\n\t\t\t<div class=\"elementor-widget-wrap elementor-element-populated\">\n\t\t\t\t\t\t<div class=\"elementor-element elementor-element-0ab9d37 elementor-widget elementor-widget-image\" data-id=\"0ab9d37\" data-element_type=\"widget\" data-widget_type=\"image.default\">\n\t\t\t\t<div class=\"elementor-widget-container\">\n\t\t\t\t\t\t\t\t\t\t\t\t\t\t\t<img fetchpriority=\"high\" decoding=\"async\" width=\"683\" height=\"306\" src=\"https:\/\/ccanecblau.valordeley.es\/wp-content\/uploads\/2024\/09\/Frame-177.png\" class=\"attachment-full size-full wp-image-85139\" alt=\"\" srcset=\"https:\/\/ccanecblau.valordeley.es\/wp-content\/uploads\/2024\/09\/Frame-177.png 683w, https:\/\/ccanecblau.valordeley.es\/wp-content\/uploads\/2024\/09\/Frame-177-300x134.png 300w, https:\/\/ccanecblau.valordeley.es\/wp-content\/uploads\/2024\/09\/Frame-177-200x90.png 200w\" sizes=\"(max-width: 683px) 100vw, 683px\" \/>\t\t\t\t\t\t\t\t\t\t\t\t\t\t\t<\/div>\n\t\t\t\t<\/div>\n\t\t\t\t\t<\/div>\n\t\t<\/div>\n\t\t\t\t\t<\/div>\n\t\t<\/section>\n\t\t\t\t<section class=\"elementor-section elementor-top-section elementor-element elementor-element-f6c4a5e elementor-section-content-middle elementor-section-boxed elementor-section-height-default elementor-section-height-default\" data-id=\"f6c4a5e\" data-element_type=\"section\" data-settings=\"{&quot;background_background&quot;:&quot;classic&quot;}\">\n\t\t\t\t\t\t<div class=\"elementor-container elementor-column-gap-default\">\n\t\t\t\t\t<div class=\" elementor-column elementor-col-50 elementor-top-column elementor-element elementor-element-a16cfe7 order-2 elementor-invisible\" data-fullscreen-column-settings=\"{&quot;fullscreen&quot;:&quot;&quot;}\" data-id=\"a16cfe7\" data-element_type=\"column\" data-settings=\"{&quot;animation&quot;:&quot;fadeIn&quot;,&quot;animation_delay&quot;:200}\">\n\t\t\t<div class=\"elementor-widget-wrap elementor-element-populated\">\n\t\t\t\t\t\t<div class=\"elementor-element elementor-element-ec51d97 elementor-widget elementor-widget-image\" data-id=\"ec51d97\" data-element_type=\"widget\" data-widget_type=\"image.default\">\n\t\t\t\t<div class=\"elementor-widget-container\">\n\t\t\t\t\t\t\t\t\t\t\t\t\t\t\t<img decoding=\"async\" width=\"334\" height=\"382\" src=\"https:\/\/ccanecblau.valordeley.es\/wp-content\/uploads\/2024\/09\/Frame-181.png\" class=\"attachment-full size-full wp-image-85140\" alt=\"\" srcset=\"https:\/\/ccanecblau.valordeley.es\/wp-content\/uploads\/2024\/09\/Frame-181.png 334w, https:\/\/ccanecblau.valordeley.es\/wp-content\/uploads\/2024\/09\/Frame-181-262x300.png 262w, https:\/\/ccanecblau.valordeley.es\/wp-content\/uploads\/2024\/09\/Frame-181-200x229.png 200w\" sizes=\"(max-width: 334px) 100vw, 334px\" \/>\t\t\t\t\t\t\t\t\t\t\t\t\t\t\t<\/div>\n\t\t\t\t<\/div>\n\t\t\t\t\t<\/div>\n\t\t<\/div>\n\t\t\t\t<div class=\" elementor-column elementor-col-50 elementor-top-column elementor-element elementor-element-65cd7a5 order-1\" data-fullscreen-column-settings=\"{&quot;fullscreen&quot;:&quot;&quot;}\" data-id=\"65cd7a5\" data-element_type=\"column\">\n\t\t\t<div class=\"elementor-widget-wrap elementor-element-populated\">\n\t\t\t\t\t\t<div class=\"elementor-element elementor-element-0e7bf5d elementor-widget elementor-widget-text-editor\" data-id=\"0e7bf5d\" data-element_type=\"widget\" data-widget_type=\"text-editor.default\">\n\t\t\t\t<div class=\"elementor-widget-container\">\n\t\t\t\t\t\t\t\t\tTot a punt perqu\u00e8 els peluts <strong>s&#8217;ho passin d&#8217;all\u00f2 m\u00e9s b\u00e9<\/strong>\t\t\t\t\t\t\t\t<\/div>\n\t\t\t\t<\/div>\n\t\t\t\t<div class=\"elementor-element elementor-element-e6866ad elementor-widget elementor-widget-text-editor\" data-id=\"e6866ad\" data-element_type=\"widget\" data-widget_type=\"text-editor.default\">\n\t\t\t\t<div class=\"elementor-widget-container\">\n\t\t\t\t\t\t\t\t\t<ul>\n<li><strong>Font d&#8217;aigua<\/strong> a l&#8217;exterior.<\/li>\n<li><strong>Acc\u00e9s principal per a vianants<\/strong>.<\/li>\n<li><strong>Lloguer de corretges i morrions<\/strong> al Punt d&#8217;Informaci\u00f3.<\/li>\n<li><strong>Bosses de pl\u00e0stic per a la recollida d&#8217;excrements, en cas d&#8217;emerg\u00e8ncia,<\/strong> al Punt d&#8217;Atenci\u00f3 al Client.<\/li>\n<\/ul>\n\t\t\t\t\t\t\t\t<\/div>\n\t\t\t\t<\/div>\n\t\t\t\t<div class=\"elementor-element elementor-element-4b2a741 elementor-widget__width-auto elementor-hidden-mobile elementor-widget elementor-widget-image\" data-id=\"4b2a741\" data-element_type=\"widget\" data-widget_type=\"image.default\">\n\t\t\t\t<div class=\"elementor-widget-container\">\n\t\t\t\t\t\t\t\t\t\t\t\t\t\t\t<img decoding=\"async\" width=\"61\" height=\"52\" src=\"https:\/\/ccanecblau.valordeley.es\/wp-content\/uploads\/2024\/09\/Union.png\" class=\"attachment-large size-large wp-image-85141\" alt=\"\" \/>\t\t\t\t\t\t\t\t\t\t\t\t\t\t\t<\/div>\n\t\t\t\t<\/div>\n\t\t\t\t<div class=\"elementor-element elementor-element-78be2ad elementor-widget__width-initial mensaje-info elementor-widget elementor-widget-text-editor\" data-id=\"78be2ad\" data-element_type=\"widget\" data-widget_type=\"text-editor.default\">\n\t\t\t\t<div class=\"elementor-widget-container\">\n\t\t\t\t\t\t\t\t\tEn cas de necessitat i\/o emerg\u00e8ncia, podeu trucar o enviar un WhatsApp al n\u00famero de tel\u00e8fon <span style=\"text-decoration: underline;\"><strong>936 364 243<\/strong><\/span>\t\t\t\t\t\t\t\t<\/div>\n\t\t\t\t<\/div>\n\t\t\t\t\t<\/div>\n\t\t<\/div>\n\t\t\t\t\t<\/div>\n\t\t<\/section>\n\t\t\t\t<\/div>\n\t\t","protected":false},"excerpt":{"rendered":"<p>Vine amb el teu millor amic, admetem mascotes Ens ho vau demanar i ho hem aconseguit: Ara som Pet Friendly! Ara ja podeu venir al centre amb la vostra mascota i gaudir d&#8217;una experi\u00e8ncia \u00fanica junts. Per garantir una bona conviv\u00e8ncia entre tots, us convidem a consultar les normes i descobrir quins operadors formen part [&hellip;]<\/p>\n","protected":false},"author":3,"featured_media":0,"parent":0,"menu_order":233,"comment_status":"closed","ping_status":"closed","template":"","meta":{"footnotes":""},"class_list":["post-85138","page","type-page","status-publish","hentry"],"yoast_head":"<!-- This site is optimized with the Yoast SEO plugin v25.4 - https:\/\/yoast.com\/wordpress\/plugins\/seo\/ -->\n<title>S&#039;admeten mascotes | Centro Comercial \u00c0necblau<\/title>\n<meta name=\"description\" content=\"Vine amb el teu millor amic, admetem mascotes Ens ho vau demanar i ho hem aconseguit: Ara som Pet Friendly! Ara ja podeu venir al centre amb la vostra\" \/>\n<meta name=\"robots\" content=\"noindex, follow, max-snippet:-1, max-image-preview:large, max-video-preview:-1\" \/>\n<meta property=\"og:locale\" content=\"ca_ES\" \/>\n<meta property=\"og:type\" content=\"article\" \/>\n<meta property=\"og:title\" content=\"S&#039;admeten mascotes | Centro Comercial \u00c0necblau\" \/>\n<meta property=\"og:description\" content=\"Vine amb el teu millor amic, admetem mascotes Ens ho vau demanar i ho hem aconseguit: Ara som Pet Friendly! Ara ja podeu venir al centre amb la vostra\" \/>\n<meta property=\"og:url\" content=\"https:\/\/ccanecblau.valordeley.es\/ca\/sadmeten-mascotes\/\" \/>\n<meta property=\"og:site_name\" content=\"Centro Comercial \u00c0necblau\" \/>\n<meta property=\"article:modified_time\" content=\"2025-09-17T09:06:40+00:00\" \/>\n<meta property=\"og:image\" content=\"https:\/\/ccanecblau.valordeley.es\/wp-content\/uploads\/2024\/09\/Frame-177.png\" \/>\n\t<meta property=\"og:image:width\" content=\"683\" \/>\n\t<meta property=\"og:image:height\" content=\"306\" \/>\n\t<meta property=\"og:image:type\" content=\"image\/png\" \/>\n<meta name=\"twitter:card\" content=\"summary_large_image\" \/>\n<meta name=\"twitter:label1\" content=\"Est. reading time\" \/>\n\t<meta name=\"twitter:data1\" content=\"2 minutes\" \/>\n<script type=\"application\/ld+json\" class=\"yoast-schema-graph\">{\"@context\":\"https:\/\/schema.org\",\"@graph\":[{\"@type\":\"WebPage\",\"@id\":\"https:\/\/ccanecblau.valordeley.es\/ca\/sadmeten-mascotes\/\",\"url\":\"https:\/\/ccanecblau.valordeley.es\/ca\/sadmeten-mascotes\/\",\"name\":\"S'admeten mascotes | Centro Comercial \u00c0necblau\",\"isPartOf\":{\"@id\":\"https:\/\/ccanecblau.valordeley.es\/ca\/#website\"},\"primaryImageOfPage\":{\"@id\":\"https:\/\/ccanecblau.valordeley.es\/ca\/sadmeten-mascotes\/#primaryimage\"},\"image\":{\"@id\":\"https:\/\/ccanecblau.valordeley.es\/ca\/sadmeten-mascotes\/#primaryimage\"},\"thumbnailUrl\":\"https:\/\/ccanecblau.valordeley.es\/wp-content\/uploads\/2024\/09\/Frame-177.png\",\"datePublished\":\"2025-09-17T08:37:58+00:00\",\"dateModified\":\"2025-09-17T09:06:40+00:00\",\"description\":\"Vine amb el teu millor amic, admetem mascotes Ens ho vau demanar i ho hem aconseguit: Ara som Pet Friendly! Ara ja podeu venir al centre amb la vostra\",\"breadcrumb\":{\"@id\":\"https:\/\/ccanecblau.valordeley.es\/ca\/sadmeten-mascotes\/#breadcrumb\"},\"inLanguage\":\"ca-ES\",\"potentialAction\":[{\"@type\":\"ReadAction\",\"target\":[\"https:\/\/ccanecblau.valordeley.es\/ca\/sadmeten-mascotes\/\"]}]},{\"@type\":\"ImageObject\",\"inLanguage\":\"ca-ES\",\"@id\":\"https:\/\/ccanecblau.valordeley.es\/ca\/sadmeten-mascotes\/#primaryimage\",\"url\":\"https:\/\/ccanecblau.valordeley.es\/wp-content\/uploads\/2024\/09\/Frame-177.png\",\"contentUrl\":\"https:\/\/ccanecblau.valordeley.es\/wp-content\/uploads\/2024\/09\/Frame-177.png\"},{\"@type\":\"BreadcrumbList\",\"@id\":\"https:\/\/ccanecblau.valordeley.es\/ca\/sadmeten-mascotes\/#breadcrumb\",\"itemListElement\":[{\"@type\":\"ListItem\",\"position\":1,\"name\":\"Portada\",\"item\":\"https:\/\/ccanecblau.valordeley.es\/ca\/\"},{\"@type\":\"ListItem\",\"position\":2,\"name\":\"S&#8217;admeten mascotes\"}]},{\"@type\":\"WebSite\",\"@id\":\"https:\/\/ccanecblau.valordeley.es\/ca\/#website\",\"url\":\"https:\/\/ccanecblau.valordeley.es\/ca\/\",\"name\":\"Centro Comercial \u00c0necblau\",\"description\":\"Centro Comercial | \u00c0necblau\",\"publisher\":{\"@id\":\"https:\/\/ccanecblau.valordeley.es\/ca\/#organization\"},\"potentialAction\":[{\"@type\":\"SearchAction\",\"target\":{\"@type\":\"EntryPoint\",\"urlTemplate\":\"https:\/\/ccanecblau.valordeley.es\/ca\/?s={search_term_string}\"},\"query-input\":{\"@type\":\"PropertyValueSpecification\",\"valueRequired\":true,\"valueName\":\"search_term_string\"}}],\"inLanguage\":\"ca-ES\"},{\"@type\":\"Organization\",\"@id\":\"https:\/\/ccanecblau.valordeley.es\/ca\/#organization\",\"name\":\"Anecblau\",\"alternateName\":\"Centro Comercial | \u00c0necblau\",\"url\":\"https:\/\/ccanecblau.valordeley.es\/ca\/\",\"logo\":{\"@type\":\"ImageObject\",\"inLanguage\":\"ca-ES\",\"@id\":\"https:\/\/ccanecblau.valordeley.es\/ca\/#\/schema\/logo\/image\/\",\"url\":\"https:\/\/ccanecblau.valordeley.es\/wp-content\/uploads\/2021\/04\/anecblau-logo-diciembrecolor.svg\",\"contentUrl\":\"https:\/\/ccanecblau.valordeley.es\/wp-content\/uploads\/2021\/04\/anecblau-logo-diciembrecolor.svg\",\"width\":1,\"height\":1,\"caption\":\"Anecblau\"},\"image\":{\"@id\":\"https:\/\/ccanecblau.valordeley.es\/ca\/#\/schema\/logo\/image\/\"}}]}<\/script>\n<!-- \/ Yoast SEO plugin. -->","yoast_head_json":{"title":"S'admeten mascotes | Centro Comercial \u00c0necblau","description":"Vine amb el teu millor amic, admetem mascotes Ens ho vau demanar i ho hem aconseguit: Ara som Pet Friendly! Ara ja podeu venir al centre amb la vostra","robots":{"index":"noindex","follow":"follow","max-snippet":"max-snippet:-1","max-image-preview":"max-image-preview:large","max-video-preview":"max-video-preview:-1"},"og_locale":"ca_ES","og_type":"article","og_title":"S'admeten mascotes | Centro Comercial \u00c0necblau","og_description":"Vine amb el teu millor amic, admetem mascotes Ens ho vau demanar i ho hem aconseguit: Ara som Pet Friendly! Ara ja podeu venir al centre amb la vostra","og_url":"https:\/\/ccanecblau.valordeley.es\/ca\/sadmeten-mascotes\/","og_site_name":"Centro Comercial \u00c0necblau","article_modified_time":"2025-09-17T09:06:40+00:00","og_image":[{"width":683,"height":306,"url":"https:\/\/ccanecblau.valordeley.es\/wp-content\/uploads\/2024\/09\/Frame-177.png","type":"image\/png"}],"twitter_card":"summary_large_image","twitter_misc":{"Est. reading time":"2 minutes"},"schema":{"@context":"https:\/\/schema.org","@graph":[{"@type":"WebPage","@id":"https:\/\/ccanecblau.valordeley.es\/ca\/sadmeten-mascotes\/","url":"https:\/\/ccanecblau.valordeley.es\/ca\/sadmeten-mascotes\/","name":"S'admeten mascotes | Centro Comercial \u00c0necblau","isPartOf":{"@id":"https:\/\/ccanecblau.valordeley.es\/ca\/#website"},"primaryImageOfPage":{"@id":"https:\/\/ccanecblau.valordeley.es\/ca\/sadmeten-mascotes\/#primaryimage"},"image":{"@id":"https:\/\/ccanecblau.valordeley.es\/ca\/sadmeten-mascotes\/#primaryimage"},"thumbnailUrl":"https:\/\/ccanecblau.valordeley.es\/wp-content\/uploads\/2024\/09\/Frame-177.png","datePublished":"2025-09-17T08:37:58+00:00","dateModified":"2025-09-17T09:06:40+00:00","description":"Vine amb el teu millor amic, admetem mascotes Ens ho vau demanar i ho hem aconseguit: Ara som Pet Friendly! Ara ja podeu venir al centre amb la vostra","breadcrumb":{"@id":"https:\/\/ccanecblau.valordeley.es\/ca\/sadmeten-mascotes\/#breadcrumb"},"inLanguage":"ca-ES","potentialAction":[{"@type":"ReadAction","target":["https:\/\/ccanecblau.valordeley.es\/ca\/sadmeten-mascotes\/"]}]},{"@type":"ImageObject","inLanguage":"ca-ES","@id":"https:\/\/ccanecblau.valordeley.es\/ca\/sadmeten-mascotes\/#primaryimage","url":"https:\/\/ccanecblau.valordeley.es\/wp-content\/uploads\/2024\/09\/Frame-177.png","contentUrl":"https:\/\/ccanecblau.valordeley.es\/wp-content\/uploads\/2024\/09\/Frame-177.png"},{"@type":"BreadcrumbList","@id":"https:\/\/ccanecblau.valordeley.es\/ca\/sadmeten-mascotes\/#breadcrumb","itemListElement":[{"@type":"ListItem","position":1,"name":"Portada","item":"https:\/\/ccanecblau.valordeley.es\/ca\/"},{"@type":"ListItem","position":2,"name":"S&#8217;admeten mascotes"}]},{"@type":"WebSite","@id":"https:\/\/ccanecblau.valordeley.es\/ca\/#website","url":"https:\/\/ccanecblau.valordeley.es\/ca\/","name":"Centro Comercial \u00c0necblau","description":"Centro Comercial | \u00c0necblau","publisher":{"@id":"https:\/\/ccanecblau.valordeley.es\/ca\/#organization"},"potentialAction":[{"@type":"SearchAction","target":{"@type":"EntryPoint","urlTemplate":"https:\/\/ccanecblau.valordeley.es\/ca\/?s={search_term_string}"},"query-input":{"@type":"PropertyValueSpecification","valueRequired":true,"valueName":"search_term_string"}}],"inLanguage":"ca-ES"},{"@type":"Organization","@id":"https:\/\/ccanecblau.valordeley.es\/ca\/#organization","name":"Anecblau","alternateName":"Centro Comercial | \u00c0necblau","url":"https:\/\/ccanecblau.valordeley.es\/ca\/","logo":{"@type":"ImageObject","inLanguage":"ca-ES","@id":"https:\/\/ccanecblau.valordeley.es\/ca\/#\/schema\/logo\/image\/","url":"https:\/\/ccanecblau.valordeley.es\/wp-content\/uploads\/2021\/04\/anecblau-logo-diciembrecolor.svg","contentUrl":"https:\/\/ccanecblau.valordeley.es\/wp-content\/uploads\/2021\/04\/anecblau-logo-diciembrecolor.svg","width":1,"height":1,"caption":"Anecblau"},"image":{"@id":"https:\/\/ccanecblau.valordeley.es\/ca\/#\/schema\/logo\/image\/"}}]}},"publishpress_future_action":{"enabled":false,"date":"2026-04-25 16:12:09","action":"change-status","newStatus":"draft","terms":[],"taxonomy":"translation_priority"},"publishpress_future_workflow_manual_trigger":{"enabledWorkflows":[]},"_links":{"self":[{"href":"https:\/\/ccanecblau.valordeley.es\/ca\/wp-json\/wp\/v2\/pages\/85138","targetHints":{"allow":["GET"]}}],"collection":[{"href":"https:\/\/ccanecblau.valordeley.es\/ca\/wp-json\/wp\/v2\/pages"}],"about":[{"href":"https:\/\/ccanecblau.valordeley.es\/ca\/wp-json\/wp\/v2\/types\/page"}],"author":[{"embeddable":true,"href":"https:\/\/ccanecblau.valordeley.es\/ca\/wp-json\/wp\/v2\/users\/3"}],"replies":[{"embeddable":true,"href":"https:\/\/ccanecblau.valordeley.es\/ca\/wp-json\/wp\/v2\/comments?post=85138"}],"version-history":[{"count":5,"href":"https:\/\/ccanecblau.valordeley.es\/ca\/wp-json\/wp\/v2\/pages\/85138\/revisions"}],"predecessor-version":[{"id":85148,"href":"https:\/\/ccanecblau.valordeley.es\/ca\/wp-json\/wp\/v2\/pages\/85138\/revisions\/85148"}],"wp:attachment":[{"href":"https:\/\/ccanecblau.valordeley.es\/ca\/wp-json\/wp\/v2\/media?parent=85138"}],"curies":[{"name":"wp","href":"https:\/\/api.w.org\/{rel}","templated":true}]}}