{"id":85076,"date":"2025-09-09T14:16:19","date_gmt":"2025-09-09T12:16:19","guid":{"rendered":"https:\/\/ccanecblau.valordeley.es\/?page_id=85076"},"modified":"2025-09-09T14:18:31","modified_gmt":"2025-09-09T12:18:31","slug":"horaris","status":"publish","type":"page","link":"https:\/\/ccanecblau.valordeley.es\/ca\/horaris\/","title":{"rendered":"Horaris"},"content":{"rendered":"\t\t<div data-elementor-type=\"wp-page\" data-elementor-id=\"85076\" class=\"elementor elementor-85076 elementor-77411\">\n\t\t\t\t\t\t<section class=\"elementor-section elementor-top-section elementor-element elementor-element-99018d1 elementor-section-height-min-height elementor-hidden-mobile elementor-hidden-tablet elementor-section-boxed elementor-section-height-default elementor-section-items-middle\" data-id=\"99018d1\" data-element_type=\"section\" data-settings=\"{&quot;background_background&quot;:&quot;classic&quot;}\">\n\t\t\t\t\t\t<div class=\"elementor-container elementor-column-gap-default\">\n\t\t\t\t\t<div class=\" elementor-column elementor-col-100 elementor-top-column elementor-element elementor-element-843436d\" data-fullscreen-column-settings=\"{&quot;fullscreen&quot;:&quot;&quot;}\" data-id=\"843436d\" data-element_type=\"column\">\n\t\t\t<div class=\"elementor-widget-wrap\">\n\t\t\t\t\t\t\t<\/div>\n\t\t<\/div>\n\t\t\t\t\t<\/div>\n\t\t<\/section>\n\t\t<div class=\"elementor-element elementor-element-ef4e103 e-flex e-con-boxed e-con e-parent\" data-id=\"ef4e103\" data-element_type=\"container\" data-settings=\"{&quot;background_background&quot;:&quot;classic&quot;}\">\n\t\t\t\t\t<div class=\"e-con-inner\">\n\t\t<div class=\"elementor-element elementor-element-98b2f25 e-con-full e-flex e-con e-child\" data-id=\"98b2f25\" data-element_type=\"container\">\n\t\t\t\t<div class=\"elementor-element elementor-element-06f694e elementor-widget elementor-widget-heading\" data-id=\"06f694e\" data-element_type=\"widget\" data-widget_type=\"heading.default\">\n\t\t\t\t<div class=\"elementor-widget-container\">\n\t\t\t\t\t<h1 class=\"elementor-heading-title elementor-size-default\">Horari d'obertura\n<\/h1>\t\t\t\t<\/div>\n\t\t\t\t<\/div>\n\t\t\t\t<\/div>\n\t\t\t\t\t<\/div>\n\t\t\t\t<\/div>\n\t\t<div class=\"elementor-element elementor-element-12a4335 e-flex e-con-boxed e-con e-parent\" data-id=\"12a4335\" data-element_type=\"container\">\n\t\t\t\t\t<div class=\"e-con-inner\">\n\t\t<div class=\"elementor-element elementor-element-8a4f094 e-con-full e-flex e-con e-child\" data-id=\"8a4f094\" data-element_type=\"container\" data-settings=\"{&quot;background_background&quot;:&quot;classic&quot;}\">\n\t\t\t\t<div class=\"elementor-element elementor-element-c20692b elementor-widget elementor-widget-text-editor\" data-id=\"c20692b\" data-element_type=\"widget\" data-widget_type=\"text-editor.default\">\n\t\t\t\t<div class=\"elementor-widget-container\">\n\t\t\t\t\t\t\t\t\t<h5 style=\"margin-bottom: 10px;\">ZONA COMERCIAL<\/h5><p><strong>Horari d\u2019hivern<\/strong> (de l\u20191 d\u2019octubre al 30 de maig) de 09:00h a 21:00h<\/p><p><strong>Horari d\u2019estiu<\/strong> (de l\u20191 de juny al 30 de setembre) de 10:00h a 22:00h<\/p>\t\t\t\t\t\t\t\t<\/div>\n\t\t\t\t<\/div>\n\t\t\t\t<\/div>\n\t\t<div class=\"elementor-element elementor-element-8a5e758 e-con-full e-flex e-con e-child\" data-id=\"8a5e758\" data-element_type=\"container\" data-settings=\"{&quot;background_background&quot;:&quot;classic&quot;}\">\n\t\t\t\t<div class=\"elementor-element elementor-element-2747ecd elementor-widget elementor-widget-text-editor\" data-id=\"2747ecd\" data-element_type=\"widget\" data-widget_type=\"text-editor.default\">\n\t\t\t\t<div class=\"elementor-widget-container\">\n\t\t\t\t\t\t\t\t\t<h5 style=\"margin-bottom: 10px;\">MERCADONA<\/h5><p>De dilluns a dissabte d\u2019obertura: 9:00h a 21:30h<\/p><h5 style=\"margin-bottom: 10px;\">P\u00c0RQUING<\/h5><p>Tots els dies de 08:30h a 01:00h<\/p>\t\t\t\t\t\t\t\t<\/div>\n\t\t\t\t<\/div>\n\t\t\t\t<\/div>\n\t\t<div class=\"elementor-element elementor-element-accbe00 e-con-full e-flex e-con e-child\" data-id=\"accbe00\" data-element_type=\"container\" data-settings=\"{&quot;background_background&quot;:&quot;classic&quot;}\">\n\t\t\t\t<div class=\"elementor-element elementor-element-1ca3f92 elementor-widget elementor-widget-text-editor\" data-id=\"1ca3f92\" data-element_type=\"widget\" data-widget_type=\"text-editor.default\">\n\t\t\t\t<div class=\"elementor-widget-container\">\n\t\t\t\t\t\t\t\t\t<h5 style=\"margin-bottom: 10px;\">RESTAURACI\u00d3<\/h5><p>De dilluns a diumenge: de 09:00h a 23:00h.<\/p><p><strong>Horari d\u2019hivern<\/strong> (de l\u20191 d\u2019octubre al 30 de maig) de 09:00h a 00:00h<\/p><p><strong>Horari d\u2019estiu<\/strong> (de l\u20191 de juny al 30 de setembre) de 09:00h a 00:00h<\/p>\t\t\t\t\t\t\t\t<\/div>\n\t\t\t\t<\/div>\n\t\t\t\t<\/div>\n\t\t<div class=\"elementor-element elementor-element-92b5a64 e-con-full e-flex e-con e-child\" data-id=\"92b5a64\" data-element_type=\"container\" data-settings=\"{&quot;background_background&quot;:&quot;classic&quot;}\">\n\t\t\t\t<div class=\"elementor-element elementor-element-e21e2ad elementor-widget elementor-widget-text-editor\" data-id=\"e21e2ad\" data-element_type=\"widget\" data-widget_type=\"text-editor.default\">\n\t\t\t\t<div class=\"elementor-widget-container\">\n\t\t\t\t\t\t\t\t\t<h5 style=\"margin-bottom: 10px;\">CINEMES<\/h5><p>Consulta la cartellera i compra les teves entrades a la seva p\u00e0gina web: <a href=\"https:\/\/yelmocines.es\/\" target=\"_blank\" rel=\"noopener\">https:\/\/yelmocines.es\/<\/a><\/p><h5 style=\"margin-bottom: 10px;\">PUNT D\u2019INFORMACI\u00d3<\/h5><p>De dilluns a diumenge d\u201911h a 20h<\/p>\t\t\t\t\t\t\t\t<\/div>\n\t\t\t\t<\/div>\n\t\t\t\t<\/div>\n\t\t\t\t\t<\/div>\n\t\t\t\t<\/div>\n\t\t<div class=\"elementor-element elementor-element-c924927 e-flex e-con-boxed e-con e-parent\" data-id=\"c924927\" data-element_type=\"container\" data-settings=\"{&quot;background_background&quot;:&quot;classic&quot;}\">\n\t\t\t\t\t<div class=\"e-con-inner\">\n\t\t<div class=\"elementor-element elementor-element-909999c e-con-full e-flex e-con e-child\" data-id=\"909999c\" data-element_type=\"container\">\n\t\t\t\t<div class=\"elementor-element elementor-element-4f4df22 elementor-widget elementor-widget-heading\" data-id=\"4f4df22\" data-element_type=\"widget\" data-widget_type=\"heading.default\">\n\t\t\t\t<div class=\"elementor-widget-container\">\n\t\t\t\t\t<h2 class=\"elementor-heading-title elementor-size-default\">Obertura diumenges i festius\n<\/h2>\t\t\t\t<\/div>\n\t\t\t\t<\/div>\n\t\t\t\t<\/div>\n\t\t\t\t\t<\/div>\n\t\t\t\t<\/div>\n\t\t\t\t<section class=\"elementor-section elementor-top-section elementor-element elementor-element-daf71d0 elementor-section-content-middle elementor-section-boxed elementor-section-height-default elementor-section-height-default\" data-id=\"daf71d0\" data-element_type=\"section\" data-settings=\"{&quot;background_background&quot;:&quot;classic&quot;}\">\n\t\t\t\t\t\t<div class=\"elementor-container elementor-column-gap-default\">\n\t\t\t\t\t<div class=\" elementor-column elementor-col-100 elementor-top-column elementor-element elementor-element-d363564\" data-fullscreen-column-settings=\"{&quot;fullscreen&quot;:&quot;&quot;}\" data-id=\"d363564\" data-element_type=\"column\">\n\t\t\t<div class=\"elementor-widget-wrap elementor-element-populated\">\n\t\t\t\t\t\t<div class=\"elementor-element elementor-element-a416116 elementor-widget elementor-widget-simple-calendar-for-elementor\" data-id=\"a416116\" data-element_type=\"widget\" data-widget_type=\"simple-calendar-for-elementor.default\">\n\t\t\t\t<div class=\"elementor-widget-container\">\n\t\t\t\t\t<div class=\"miga_calendar miga_calendar_full legend_below \" data-year=\"2026\" data-month=\"04\" data-showtitle=\"\" data-showbutton=\"\" data-calendar=\"2\"><div class=\"miga_calendar_box \"><div class=\"calendar\"><div class=\"calendar__header\"><button class=\"calendar__prev\" onclick=\"miga_calendar_loadPrev(this); return false;\"><svg width=\"15\" height=\"15\" version=\"1.1\" viewBox=\"0 0 24 24\" xmlns=\"http:\/\/www.w3.org\/2000\/svg\"><path transform=\"matrix(-.2605 .8617 .9721 .2309 6.828 -1.227)\" d=\"m21.73 21.86-23.06-6.178 16.88-16.88 3.089 11.53z\"\/><\/svg><\/button><div class=\"calendar__title\">Apr 2026<\/div><button class=\"calendar__next\" onclick=\"miga_calendar_loadNext(this)\"><svg width=\"15\" height=\"15\" version=\"1.1\" viewBox=\"0 0 24 24\" xmlns=\"http:\/\/www.w3.org\/2000\/svg\"><path transform=\"matrix(.2605 .8617 -.9721 .2309 17.05 -1.227)\" d=\"m21.73 21.86-23.06-6.178 16.88-16.88 3.089 11.53z\"\/><\/svg><\/button><\/div><div class=\"calendar__dates\"><div class=\"calendar__week\"><div class=\"calendar__day_name\">Mo<\/div><div class=\"calendar__day_name\">Tu<\/div><div class=\"calendar__day_name\">We<\/div><div class=\"calendar__day_name\">Th<\/div><div class=\"calendar__day_name\">Fr<\/div><div class=\"calendar__day_name\">Sa<\/div><div class=\"calendar__day_name\">Su<\/div><\/div><div class=\"calendar__week\"><div class=\"calendar__day calendar__day--empty\"><\/div><div class=\"calendar__day calendar__day--empty\"><\/div><div title=\"\" class=\"calendar__day   \" data-weekday=\"3\">1<\/div><div title=\"\" class=\"calendar__day   \" data-weekday=\"4\">2<\/div><div title=\"\" class=\"calendar__day   \" data-weekday=\"5\">3<\/div><div title=\"\" class=\"calendar__day   \" data-weekday=\"6\">4<\/div><div title=\"\" class=\"calendar__day   \" data-weekday=\"0\">5<\/div><\/div><div class=\"calendar__week\"><div title=\"\" class=\"calendar__day   \" data-weekday=\"1\">6<\/div><div title=\"\" class=\"calendar__day   \" data-weekday=\"2\">7<\/div><div title=\"\" class=\"calendar__day   \" data-weekday=\"3\">8<\/div><div title=\"\" class=\"calendar__day   \" data-weekday=\"4\">9<\/div><div title=\"\" class=\"calendar__day   \" data-weekday=\"5\">10<\/div><div title=\"\" class=\"calendar__day   \" data-weekday=\"6\">11<\/div><div title=\"\" class=\"calendar__day   \" data-weekday=\"0\">12<\/div><\/div><div class=\"calendar__week\"><div title=\"\" class=\"calendar__day   \" data-weekday=\"1\">13<\/div><div title=\"\" class=\"calendar__day   \" data-weekday=\"2\">14<\/div><div title=\"\" class=\"calendar__day   \" data-weekday=\"3\">15<\/div><div title=\"\" class=\"calendar__day   \" data-weekday=\"4\">16<\/div><div title=\"\" class=\"calendar__day   \" data-weekday=\"5\">17<\/div><div title=\"\" class=\"calendar__day calendar__day--today  \" data-weekday=\"6\">18<\/div><div title=\"\" class=\"calendar__day   \" data-weekday=\"0\">19<\/div><\/div><div class=\"calendar__week\"><div title=\"\" class=\"calendar__day   \" data-weekday=\"1\">20<\/div><div title=\"\" class=\"calendar__day   \" data-weekday=\"2\">21<\/div><div title=\"\" class=\"calendar__day   \" data-weekday=\"3\">22<\/div><div title=\"\" class=\"calendar__day   \" data-weekday=\"4\">23<\/div><div title=\"\" class=\"calendar__day   \" data-weekday=\"5\">24<\/div><div title=\"\" class=\"calendar__day   \" data-weekday=\"6\">25<\/div><div title=\"\" class=\"calendar__day   \" data-weekday=\"0\">26<\/div><\/div><div class=\"calendar__week\"><div title=\"\" class=\"calendar__day   \" data-weekday=\"1\">27<\/div><div title=\"\" class=\"calendar__day   \" data-weekday=\"2\">28<\/div><div title=\"\" class=\"calendar__day   \" data-weekday=\"3\">29<\/div><div title=\"\" class=\"calendar__day   \" data-weekday=\"4\">30<\/div><div class=\"calendar__day calendar__day--empty\"><\/div><div class=\"calendar__day calendar__day--empty\"><\/div><div class=\"calendar__day calendar__day--empty\"><\/div><\/div><\/div><\/div><div class=\"loading_spinner\"><\/div><\/div><div class=\"calendar__legend \"><div class=\"calendar__legend_title\">Legend<\/div><div class=\"calendar__legend_row\"><div class=\"calendar__legend_item festivos_apertura\"><\/div><div class=\"calendar__legend_row_status\">D\u00edas festivos de apertura<\/div><\/div><div class=\"calendar__legend_row\"><div class=\"calendar__legend_item festivos_no_aperturables\"><\/div><div class=\"calendar__legend_row_status\">D\u00edas festivos no aperturables<\/div><\/div><div class=\"calendar__legend_row\"><div class=\"calendar__legend_item festivo_solo_mercadona\"><\/div><div class=\"calendar__legend_row_status\">Festivo de apertura (excepto Mercadona)<\/div><\/div><\/div><\/div>\t\t\t\t<\/div>\n\t\t\t\t<\/div>\n\t\t\t\t\t<\/div>\n\t\t<\/div>\n\t\t\t\t\t<\/div>\n\t\t<\/section>\n\t\t\t\t<\/div>\n\t\t","protected":false},"excerpt":{"rendered":"<p>Horari d&#8217;obertura ZONA COMERCIAL Horari d\u2019hivern (de l\u20191 d\u2019octubre al 30 de maig) de 09:00h a 21:00h Horari d\u2019estiu (de l\u20191 de juny al 30 de setembre) de 10:00h a 22:00h MERCADONA De dilluns a dissabte d\u2019obertura: 9:00h a 21:30h P\u00c0RQUING Tots els dies de 08:30h a 01:00h RESTAURACI\u00d3 De dilluns a diumenge: de 09:00h [&hellip;]<\/p>\n","protected":false},"author":6,"featured_media":0,"parent":0,"menu_order":233,"comment_status":"closed","ping_status":"closed","template":"","meta":{"footnotes":""},"class_list":["post-85076","page","type-page","status-publish","hentry"],"yoast_head":"<!-- This site is optimized with the Yoast SEO plugin v25.4 - https:\/\/yoast.com\/wordpress\/plugins\/seo\/ -->\n<title>Horaris del Centre Comercial \u00c0necblau | \u00c0necblau<\/title>\n<meta name=\"description\" content=\"Horaris i festius del Centre Comercial \u00c0necblau a Castelldefels. Totes les nostres botigues i els seus horaris d&#039;obertura. T&#039;esperem!\" \/>\n<meta name=\"robots\" content=\"noindex, follow, max-snippet:-1, max-image-preview:large, max-video-preview:-1\" \/>\n<meta property=\"og:locale\" content=\"ca_ES\" \/>\n<meta property=\"og:type\" content=\"article\" \/>\n<meta property=\"og:title\" content=\"Horaris del Centre Comercial \u00c0necblau | \u00c0necblau\" \/>\n<meta property=\"og:description\" content=\"Horaris i festius del Centre Comercial \u00c0necblau a Castelldefels. Totes les nostres botigues i els seus horaris d&#039;obertura. T&#039;esperem!\" \/>\n<meta property=\"og:url\" content=\"https:\/\/ccanecblau.valordeley.es\/ca\/horaris\/\" \/>\n<meta property=\"og:site_name\" content=\"Centro Comercial \u00c0necblau\" \/>\n<meta property=\"article:modified_time\" content=\"2025-09-09T12:18:31+00:00\" \/>\n<meta name=\"twitter:card\" content=\"summary_large_image\" \/>\n<meta name=\"twitter:label1\" content=\"Est. reading time\" \/>\n\t<meta name=\"twitter:data1\" content=\"1 minute\" \/>\n<script type=\"application\/ld+json\" class=\"yoast-schema-graph\">{\"@context\":\"https:\/\/schema.org\",\"@graph\":[{\"@type\":\"WebPage\",\"@id\":\"https:\/\/ccanecblau.valordeley.es\/ca\/horaris\/\",\"url\":\"https:\/\/ccanecblau.valordeley.es\/ca\/horaris\/\",\"name\":\"Horaris del Centre Comercial \u00c0necblau | \u00c0necblau\",\"isPartOf\":{\"@id\":\"https:\/\/ccanecblau.valordeley.es\/ca\/#website\"},\"datePublished\":\"2025-09-09T12:16:19+00:00\",\"dateModified\":\"2025-09-09T12:18:31+00:00\",\"description\":\"Horaris i festius del Centre Comercial \u00c0necblau a Castelldefels. Totes les nostres botigues i els seus horaris d'obertura. T'esperem!\",\"breadcrumb\":{\"@id\":\"https:\/\/ccanecblau.valordeley.es\/ca\/horaris\/#breadcrumb\"},\"inLanguage\":\"ca-ES\",\"potentialAction\":[{\"@type\":\"ReadAction\",\"target\":[\"https:\/\/ccanecblau.valordeley.es\/ca\/horaris\/\"]}]},{\"@type\":\"BreadcrumbList\",\"@id\":\"https:\/\/ccanecblau.valordeley.es\/ca\/horaris\/#breadcrumb\",\"itemListElement\":[{\"@type\":\"ListItem\",\"position\":1,\"name\":\"Portada\",\"item\":\"https:\/\/ccanecblau.valordeley.es\/ca\/\"},{\"@type\":\"ListItem\",\"position\":2,\"name\":\"Horaris\"}]},{\"@type\":\"WebSite\",\"@id\":\"https:\/\/ccanecblau.valordeley.es\/ca\/#website\",\"url\":\"https:\/\/ccanecblau.valordeley.es\/ca\/\",\"name\":\"Centro Comercial \u00c0necblau\",\"description\":\"Centro Comercial | \u00c0necblau\",\"publisher\":{\"@id\":\"https:\/\/ccanecblau.valordeley.es\/ca\/#organization\"},\"potentialAction\":[{\"@type\":\"SearchAction\",\"target\":{\"@type\":\"EntryPoint\",\"urlTemplate\":\"https:\/\/ccanecblau.valordeley.es\/ca\/?s={search_term_string}\"},\"query-input\":{\"@type\":\"PropertyValueSpecification\",\"valueRequired\":true,\"valueName\":\"search_term_string\"}}],\"inLanguage\":\"ca-ES\"},{\"@type\":\"Organization\",\"@id\":\"https:\/\/ccanecblau.valordeley.es\/ca\/#organization\",\"name\":\"Anecblau\",\"alternateName\":\"Centro Comercial | \u00c0necblau\",\"url\":\"https:\/\/ccanecblau.valordeley.es\/ca\/\",\"logo\":{\"@type\":\"ImageObject\",\"inLanguage\":\"ca-ES\",\"@id\":\"https:\/\/ccanecblau.valordeley.es\/ca\/#\/schema\/logo\/image\/\",\"url\":\"https:\/\/ccanecblau.valordeley.es\/wp-content\/uploads\/2021\/04\/anecblau-logo-diciembrecolor.svg\",\"contentUrl\":\"https:\/\/ccanecblau.valordeley.es\/wp-content\/uploads\/2021\/04\/anecblau-logo-diciembrecolor.svg\",\"width\":1,\"height\":1,\"caption\":\"Anecblau\"},\"image\":{\"@id\":\"https:\/\/ccanecblau.valordeley.es\/ca\/#\/schema\/logo\/image\/\"}}]}<\/script>\n<!-- \/ Yoast SEO plugin. -->","yoast_head_json":{"title":"Horaris del Centre Comercial \u00c0necblau | \u00c0necblau","description":"Horaris i festius del Centre Comercial \u00c0necblau a Castelldefels. Totes les nostres botigues i els seus horaris d'obertura. T'esperem!","robots":{"index":"noindex","follow":"follow","max-snippet":"max-snippet:-1","max-image-preview":"max-image-preview:large","max-video-preview":"max-video-preview:-1"},"og_locale":"ca_ES","og_type":"article","og_title":"Horaris del Centre Comercial \u00c0necblau | \u00c0necblau","og_description":"Horaris i festius del Centre Comercial \u00c0necblau a Castelldefels. Totes les nostres botigues i els seus horaris d'obertura. T'esperem!","og_url":"https:\/\/ccanecblau.valordeley.es\/ca\/horaris\/","og_site_name":"Centro Comercial \u00c0necblau","article_modified_time":"2025-09-09T12:18:31+00:00","twitter_card":"summary_large_image","twitter_misc":{"Est. reading time":"1 minute"},"schema":{"@context":"https:\/\/schema.org","@graph":[{"@type":"WebPage","@id":"https:\/\/ccanecblau.valordeley.es\/ca\/horaris\/","url":"https:\/\/ccanecblau.valordeley.es\/ca\/horaris\/","name":"Horaris del Centre Comercial \u00c0necblau | \u00c0necblau","isPartOf":{"@id":"https:\/\/ccanecblau.valordeley.es\/ca\/#website"},"datePublished":"2025-09-09T12:16:19+00:00","dateModified":"2025-09-09T12:18:31+00:00","description":"Horaris i festius del Centre Comercial \u00c0necblau a Castelldefels. Totes les nostres botigues i els seus horaris d'obertura. T'esperem!","breadcrumb":{"@id":"https:\/\/ccanecblau.valordeley.es\/ca\/horaris\/#breadcrumb"},"inLanguage":"ca-ES","potentialAction":[{"@type":"ReadAction","target":["https:\/\/ccanecblau.valordeley.es\/ca\/horaris\/"]}]},{"@type":"BreadcrumbList","@id":"https:\/\/ccanecblau.valordeley.es\/ca\/horaris\/#breadcrumb","itemListElement":[{"@type":"ListItem","position":1,"name":"Portada","item":"https:\/\/ccanecblau.valordeley.es\/ca\/"},{"@type":"ListItem","position":2,"name":"Horaris"}]},{"@type":"WebSite","@id":"https:\/\/ccanecblau.valordeley.es\/ca\/#website","url":"https:\/\/ccanecblau.valordeley.es\/ca\/","name":"Centro Comercial \u00c0necblau","description":"Centro Comercial | \u00c0necblau","publisher":{"@id":"https:\/\/ccanecblau.valordeley.es\/ca\/#organization"},"potentialAction":[{"@type":"SearchAction","target":{"@type":"EntryPoint","urlTemplate":"https:\/\/ccanecblau.valordeley.es\/ca\/?s={search_term_string}"},"query-input":{"@type":"PropertyValueSpecification","valueRequired":true,"valueName":"search_term_string"}}],"inLanguage":"ca-ES"},{"@type":"Organization","@id":"https:\/\/ccanecblau.valordeley.es\/ca\/#organization","name":"Anecblau","alternateName":"Centro Comercial | \u00c0necblau","url":"https:\/\/ccanecblau.valordeley.es\/ca\/","logo":{"@type":"ImageObject","inLanguage":"ca-ES","@id":"https:\/\/ccanecblau.valordeley.es\/ca\/#\/schema\/logo\/image\/","url":"https:\/\/ccanecblau.valordeley.es\/wp-content\/uploads\/2021\/04\/anecblau-logo-diciembrecolor.svg","contentUrl":"https:\/\/ccanecblau.valordeley.es\/wp-content\/uploads\/2021\/04\/anecblau-logo-diciembrecolor.svg","width":1,"height":1,"caption":"Anecblau"},"image":{"@id":"https:\/\/ccanecblau.valordeley.es\/ca\/#\/schema\/logo\/image\/"}}]}},"publishpress_future_action":{"enabled":false,"date":"2026-04-25 16:12:35","action":"change-status","newStatus":"draft","terms":[],"taxonomy":"translation_priority"},"publishpress_future_workflow_manual_trigger":{"enabledWorkflows":[]},"_links":{"self":[{"href":"https:\/\/ccanecblau.valordeley.es\/ca\/wp-json\/wp\/v2\/pages\/85076","targetHints":{"allow":["GET"]}}],"collection":[{"href":"https:\/\/ccanecblau.valordeley.es\/ca\/wp-json\/wp\/v2\/pages"}],"about":[{"href":"https:\/\/ccanecblau.valordeley.es\/ca\/wp-json\/wp\/v2\/types\/page"}],"author":[{"embeddable":true,"href":"https:\/\/ccanecblau.valordeley.es\/ca\/wp-json\/wp\/v2\/users\/6"}],"replies":[{"embeddable":true,"href":"https:\/\/ccanecblau.valordeley.es\/ca\/wp-json\/wp\/v2\/comments?post=85076"}],"version-history":[{"count":5,"href":"https:\/\/ccanecblau.valordeley.es\/ca\/wp-json\/wp\/v2\/pages\/85076\/revisions"}],"predecessor-version":[{"id":85081,"href":"https:\/\/ccanecblau.valordeley.es\/ca\/wp-json\/wp\/v2\/pages\/85076\/revisions\/85081"}],"wp:attachment":[{"href":"https:\/\/ccanecblau.valordeley.es\/ca\/wp-json\/wp\/v2\/media?parent=85076"}],"curies":[{"name":"wp","href":"https:\/\/api.w.org\/{rel}","templated":true}]}}