{"id":84849,"date":"2025-09-09T13:01:29","date_gmt":"2025-09-09T11:01:29","guid":{"rendered":"https:\/\/ccanecblau.valordeley.es\/?page_id=84849"},"modified":"2025-09-09T13:02:25","modified_gmt":"2025-09-09T11:02:25","slug":"sortejos-i-esdeveniments-del-club","status":"publish","type":"page","link":"https:\/\/ccanecblau.valordeley.es\/ca\/club-dels-disfrutones\/sortejos-i-esdeveniments-del-club\/","title":{"rendered":"Sortejos i esdeveniments del Club"},"content":{"rendered":"\t\t<div data-elementor-type=\"wp-page\" data-elementor-id=\"84849\" class=\"elementor elementor-84849 elementor-78223\">\n\t\t\t\t\t\t<section class=\"elementor-section elementor-top-section elementor-element elementor-element-88a9512 elementor-section-height-min-height elementor-hidden-mobile elementor-hidden-tablet elementor-section-boxed elementor-section-height-default elementor-section-items-middle\" data-id=\"88a9512\" data-element_type=\"section\" data-settings=\"{&quot;background_background&quot;:&quot;classic&quot;}\">\n\t\t\t\t\t\t<div class=\"elementor-container elementor-column-gap-default\">\n\t\t\t\t\t<div class=\" elementor-column elementor-col-100 elementor-top-column elementor-element elementor-element-34a0d52\" data-fullscreen-column-settings=\"{&quot;fullscreen&quot;:&quot;&quot;}\" data-id=\"34a0d52\" data-element_type=\"column\">\n\t\t\t<div class=\"elementor-widget-wrap\">\n\t\t\t\t\t\t\t<\/div>\n\t\t<\/div>\n\t\t\t\t\t<\/div>\n\t\t<\/section>\n\t\t<div class=\"elementor-element elementor-element-e56ded4 e-flex e-con-boxed e-con e-parent\" data-id=\"e56ded4\" data-element_type=\"container\" data-settings=\"{&quot;background_background&quot;:&quot;classic&quot;}\">\n\t\t\t\t\t<div class=\"e-con-inner\">\n\t\t<div class=\"elementor-element elementor-element-c01f4b3 e-con-full e-flex e-con e-child\" data-id=\"c01f4b3\" data-element_type=\"container\">\n\t\t\t\t<div class=\"elementor-element elementor-element-0abc845 elementor-widget elementor-widget-heading\" data-id=\"0abc845\" data-element_type=\"widget\" data-widget_type=\"heading.default\">\n\t\t\t\t<div class=\"elementor-widget-container\">\n\t\t\t\t\t<h1 class=\"elementor-heading-title elementor-size-default\">Sortejos i esdeveniments del Club\n<\/h1>\t\t\t\t<\/div>\n\t\t\t\t<\/div>\n\t\t\t\t<\/div>\n\t\t\t\t\t<\/div>\n\t\t\t\t<\/div>\n\t\t\t\t<section class=\"elementor-section elementor-top-section elementor-element elementor-element-aadb19d elementor-section-boxed elementor-section-height-default elementor-section-height-default\" data-id=\"aadb19d\" data-element_type=\"section\">\n\t\t\t\t\t\t<div class=\"elementor-container elementor-column-gap-default\">\n\t\t\t\t\t<div class=\" elementor-column elementor-col-100 elementor-top-column elementor-element elementor-element-46c6ffb\" data-fullscreen-column-settings=\"{&quot;fullscreen&quot;:&quot;&quot;}\" data-id=\"46c6ffb\" data-element_type=\"column\">\n\t\t\t<div class=\"elementor-widget-wrap elementor-element-populated\">\n\t\t\t\t\t\t<div class=\"elementor-element elementor-element-583c31a elementor-widget elementor-widget-shortcode\" data-id=\"583c31a\" data-element_type=\"widget\" data-widget_type=\"shortcode.default\">\n\t\t\t\t<div class=\"elementor-widget-container\">\n\t\t\t\t\t\t\t<div class=\"elementor-shortcode\"><div class=\"eventos-sorteos\">\n<article class=\"item-evento\" id=\"a0QQs00000UAax8MAD\">\n    <div class=\"row\">\n        <div class=\"col-md-4 fechaspromocion\">\n            <div class=\"foto\"><img decoding=\"async\" src=\"https:\/\/storage.googleapis.com\/g-lar--cent-commerc--pro--statics--4257\/sites\/6\/2026\/04\/CASAL-CANAL-OLIMPIC_EVENTO-APP_CAST.png\" title=\"Promociones Sorteo Casal Canal Ol\u00edmpic Castelldefels Anecblau Abril 2026\" alt=\"Promociones Sorteo Casal Canal Ol\u00edmpic Castelldefels Anecblau Abril 2026\"><\/div>\n            <div class=\"post_fecha_new\"><time> Del <strong>01<\/strong><\/time><time> <strong>Apr<\/strong><\/time><time> al <strong>03<\/strong><\/time><time> <strong>May<\/strong><\/time><\/div>\n        <\/div>\n        <div class=\"col-md-8\">\n            <div class=\"content\">\n                <div class=\"row\">\n                    <div class=\"col-md-9\">\n                        <h2>Sorteo Casal Canal Ol\u00edmpic Castelldefels Anecblau Abril 2026<\/h2>\n                        <p>Participa en el sorteo de una semana de casal de verano en el Canal Ol\u00edmpic de Castelldefels para que los m\u00e1s peque\u00f1os de la casa disfruten al m\u00e1ximo<\/p>\n                    <\/div>\n                <\/div>\n                <div class=\"row\">\n                    <div class=\"col-md-12\">\n                        <a href=\"https:\/\/www.elclubdelosdisfrutones.com\/Intro\" class=\"btn\">Participa<\/a>\n                    <\/div>\n                <\/div>\n            <\/div>\n        <\/div>\n    <\/div>\n<\/article><\/div><\/div>\n\t\t\t\t\t\t<\/div>\n\t\t\t\t<\/div>\n\t\t\t\t\t<\/div>\n\t\t<\/div>\n\t\t\t\t\t<\/div>\n\t\t<\/section>\n\t\t\t\t<\/div>\n\t\t","protected":false},"excerpt":{"rendered":"","protected":false},"author":6,"featured_media":0,"parent":84818,"menu_order":233,"comment_status":"closed","ping_status":"closed","template":"","meta":{"footnotes":""},"class_list":["post-84849","page","type-page","status-publish","hentry"],"yoast_head":"<!-- This site is optimized with the Yoast SEO plugin v25.4 - https:\/\/yoast.com\/wordpress\/plugins\/seo\/ -->\n<title>Sortejos i esdeveniments del Club | Centro Comercial \u00c0necblau<\/title>\n<meta name=\"description\" content=\"Mant\u00e9n-te informat de tots els esdeveniments i sortejos que el Club dels Gaudidors d\u2019\u00c0necblau t\u00e9 preparats, t\u2019ho passar\u00e0s d\u2019all\u00f2 m\u00e9s b\u00e9!\" \/>\n<meta name=\"robots\" content=\"noindex, follow, max-snippet:-1, max-image-preview:large, max-video-preview:-1\" \/>\n<meta property=\"og:locale\" content=\"ca_ES\" \/>\n<meta property=\"og:type\" content=\"article\" \/>\n<meta property=\"og:title\" content=\"Sortejos i esdeveniments del Club | Centro Comercial \u00c0necblau\" \/>\n<meta property=\"og:description\" content=\"Mant\u00e9n-te informat de tots els esdeveniments i sortejos que el Club dels Gaudidors d\u2019\u00c0necblau t\u00e9 preparats, t\u2019ho passar\u00e0s d\u2019all\u00f2 m\u00e9s b\u00e9!\" \/>\n<meta property=\"og:url\" content=\"https:\/\/ccanecblau.valordeley.es\/ca\/club-dels-disfrutones\/sortejos-i-esdeveniments-del-club\/\" \/>\n<meta property=\"og:site_name\" content=\"Centro Comercial \u00c0necblau\" \/>\n<meta property=\"article:modified_time\" content=\"2025-09-09T11:02:25+00:00\" \/>\n<meta name=\"twitter:card\" content=\"summary_large_image\" \/>\n<script type=\"application\/ld+json\" class=\"yoast-schema-graph\">{\"@context\":\"https:\/\/schema.org\",\"@graph\":[{\"@type\":\"WebPage\",\"@id\":\"https:\/\/ccanecblau.valordeley.es\/ca\/club-dels-disfrutones\/sortejos-i-esdeveniments-del-club\/\",\"url\":\"https:\/\/ccanecblau.valordeley.es\/ca\/club-dels-disfrutones\/sortejos-i-esdeveniments-del-club\/\",\"name\":\"Sortejos i esdeveniments del Club | Centro Comercial \u00c0necblau\",\"isPartOf\":{\"@id\":\"https:\/\/ccanecblau.valordeley.es\/ca\/#website\"},\"datePublished\":\"2025-09-09T11:01:29+00:00\",\"dateModified\":\"2025-09-09T11:02:25+00:00\",\"description\":\"Mant\u00e9n-te informat de tots els esdeveniments i sortejos que el Club dels Gaudidors d\u2019\u00c0necblau t\u00e9 preparats, t\u2019ho passar\u00e0s d\u2019all\u00f2 m\u00e9s b\u00e9!\",\"breadcrumb\":{\"@id\":\"https:\/\/ccanecblau.valordeley.es\/ca\/club-dels-disfrutones\/sortejos-i-esdeveniments-del-club\/#breadcrumb\"},\"inLanguage\":\"ca-ES\",\"potentialAction\":[{\"@type\":\"ReadAction\",\"target\":[\"https:\/\/ccanecblau.valordeley.es\/ca\/club-dels-disfrutones\/sortejos-i-esdeveniments-del-club\/\"]}]},{\"@type\":\"BreadcrumbList\",\"@id\":\"https:\/\/ccanecblau.valordeley.es\/ca\/club-dels-disfrutones\/sortejos-i-esdeveniments-del-club\/#breadcrumb\",\"itemListElement\":[{\"@type\":\"ListItem\",\"position\":1,\"name\":\"Portada\",\"item\":\"https:\/\/ccanecblau.valordeley.es\/ca\/\"},{\"@type\":\"ListItem\",\"position\":2,\"name\":\"Club de los disfrutones\",\"item\":\"https:\/\/ccanecblau.valordeley.es\/ca\/club-dels-disfrutones\/\"},{\"@type\":\"ListItem\",\"position\":3,\"name\":\"Sortejos i esdeveniments del Club\"}]},{\"@type\":\"WebSite\",\"@id\":\"https:\/\/ccanecblau.valordeley.es\/ca\/#website\",\"url\":\"https:\/\/ccanecblau.valordeley.es\/ca\/\",\"name\":\"Centro Comercial \u00c0necblau\",\"description\":\"Centro Comercial | \u00c0necblau\",\"publisher\":{\"@id\":\"https:\/\/ccanecblau.valordeley.es\/ca\/#organization\"},\"potentialAction\":[{\"@type\":\"SearchAction\",\"target\":{\"@type\":\"EntryPoint\",\"urlTemplate\":\"https:\/\/ccanecblau.valordeley.es\/ca\/?s={search_term_string}\"},\"query-input\":{\"@type\":\"PropertyValueSpecification\",\"valueRequired\":true,\"valueName\":\"search_term_string\"}}],\"inLanguage\":\"ca-ES\"},{\"@type\":\"Organization\",\"@id\":\"https:\/\/ccanecblau.valordeley.es\/ca\/#organization\",\"name\":\"Anecblau\",\"alternateName\":\"Centro Comercial | \u00c0necblau\",\"url\":\"https:\/\/ccanecblau.valordeley.es\/ca\/\",\"logo\":{\"@type\":\"ImageObject\",\"inLanguage\":\"ca-ES\",\"@id\":\"https:\/\/ccanecblau.valordeley.es\/ca\/#\/schema\/logo\/image\/\",\"url\":\"https:\/\/ccanecblau.valordeley.es\/wp-content\/uploads\/2021\/04\/anecblau-logo-diciembrecolor.svg\",\"contentUrl\":\"https:\/\/ccanecblau.valordeley.es\/wp-content\/uploads\/2021\/04\/anecblau-logo-diciembrecolor.svg\",\"width\":1,\"height\":1,\"caption\":\"Anecblau\"},\"image\":{\"@id\":\"https:\/\/ccanecblau.valordeley.es\/ca\/#\/schema\/logo\/image\/\"}}]}<\/script>\n<!-- \/ Yoast SEO plugin. -->","yoast_head_json":{"title":"Sortejos i esdeveniments del Club | Centro Comercial \u00c0necblau","description":"Mant\u00e9n-te informat de tots els esdeveniments i sortejos que el Club dels Gaudidors d\u2019\u00c0necblau t\u00e9 preparats, t\u2019ho passar\u00e0s d\u2019all\u00f2 m\u00e9s b\u00e9!","robots":{"index":"noindex","follow":"follow","max-snippet":"max-snippet:-1","max-image-preview":"max-image-preview:large","max-video-preview":"max-video-preview:-1"},"og_locale":"ca_ES","og_type":"article","og_title":"Sortejos i esdeveniments del Club | Centro Comercial \u00c0necblau","og_description":"Mant\u00e9n-te informat de tots els esdeveniments i sortejos que el Club dels Gaudidors d\u2019\u00c0necblau t\u00e9 preparats, t\u2019ho passar\u00e0s d\u2019all\u00f2 m\u00e9s b\u00e9!","og_url":"https:\/\/ccanecblau.valordeley.es\/ca\/club-dels-disfrutones\/sortejos-i-esdeveniments-del-club\/","og_site_name":"Centro Comercial \u00c0necblau","article_modified_time":"2025-09-09T11:02:25+00:00","twitter_card":"summary_large_image","schema":{"@context":"https:\/\/schema.org","@graph":[{"@type":"WebPage","@id":"https:\/\/ccanecblau.valordeley.es\/ca\/club-dels-disfrutones\/sortejos-i-esdeveniments-del-club\/","url":"https:\/\/ccanecblau.valordeley.es\/ca\/club-dels-disfrutones\/sortejos-i-esdeveniments-del-club\/","name":"Sortejos i esdeveniments del Club | Centro Comercial \u00c0necblau","isPartOf":{"@id":"https:\/\/ccanecblau.valordeley.es\/ca\/#website"},"datePublished":"2025-09-09T11:01:29+00:00","dateModified":"2025-09-09T11:02:25+00:00","description":"Mant\u00e9n-te informat de tots els esdeveniments i sortejos que el Club dels Gaudidors d\u2019\u00c0necblau t\u00e9 preparats, t\u2019ho passar\u00e0s d\u2019all\u00f2 m\u00e9s b\u00e9!","breadcrumb":{"@id":"https:\/\/ccanecblau.valordeley.es\/ca\/club-dels-disfrutones\/sortejos-i-esdeveniments-del-club\/#breadcrumb"},"inLanguage":"ca-ES","potentialAction":[{"@type":"ReadAction","target":["https:\/\/ccanecblau.valordeley.es\/ca\/club-dels-disfrutones\/sortejos-i-esdeveniments-del-club\/"]}]},{"@type":"BreadcrumbList","@id":"https:\/\/ccanecblau.valordeley.es\/ca\/club-dels-disfrutones\/sortejos-i-esdeveniments-del-club\/#breadcrumb","itemListElement":[{"@type":"ListItem","position":1,"name":"Portada","item":"https:\/\/ccanecblau.valordeley.es\/ca\/"},{"@type":"ListItem","position":2,"name":"Club de los disfrutones","item":"https:\/\/ccanecblau.valordeley.es\/ca\/club-dels-disfrutones\/"},{"@type":"ListItem","position":3,"name":"Sortejos i esdeveniments del Club"}]},{"@type":"WebSite","@id":"https:\/\/ccanecblau.valordeley.es\/ca\/#website","url":"https:\/\/ccanecblau.valordeley.es\/ca\/","name":"Centro Comercial \u00c0necblau","description":"Centro Comercial | \u00c0necblau","publisher":{"@id":"https:\/\/ccanecblau.valordeley.es\/ca\/#organization"},"potentialAction":[{"@type":"SearchAction","target":{"@type":"EntryPoint","urlTemplate":"https:\/\/ccanecblau.valordeley.es\/ca\/?s={search_term_string}"},"query-input":{"@type":"PropertyValueSpecification","valueRequired":true,"valueName":"search_term_string"}}],"inLanguage":"ca-ES"},{"@type":"Organization","@id":"https:\/\/ccanecblau.valordeley.es\/ca\/#organization","name":"Anecblau","alternateName":"Centro Comercial | \u00c0necblau","url":"https:\/\/ccanecblau.valordeley.es\/ca\/","logo":{"@type":"ImageObject","inLanguage":"ca-ES","@id":"https:\/\/ccanecblau.valordeley.es\/ca\/#\/schema\/logo\/image\/","url":"https:\/\/ccanecblau.valordeley.es\/wp-content\/uploads\/2021\/04\/anecblau-logo-diciembrecolor.svg","contentUrl":"https:\/\/ccanecblau.valordeley.es\/wp-content\/uploads\/2021\/04\/anecblau-logo-diciembrecolor.svg","width":1,"height":1,"caption":"Anecblau"},"image":{"@id":"https:\/\/ccanecblau.valordeley.es\/ca\/#\/schema\/logo\/image\/"}}]}},"publishpress_future_action":{"enabled":false,"date":"2026-04-25 16:13:33","action":"change-status","newStatus":"draft","terms":[],"taxonomy":"translation_priority"},"publishpress_future_workflow_manual_trigger":{"enabledWorkflows":[]},"_links":{"self":[{"href":"https:\/\/ccanecblau.valordeley.es\/ca\/wp-json\/wp\/v2\/pages\/84849","targetHints":{"allow":["GET"]}}],"collection":[{"href":"https:\/\/ccanecblau.valordeley.es\/ca\/wp-json\/wp\/v2\/pages"}],"about":[{"href":"https:\/\/ccanecblau.valordeley.es\/ca\/wp-json\/wp\/v2\/types\/page"}],"author":[{"embeddable":true,"href":"https:\/\/ccanecblau.valordeley.es\/ca\/wp-json\/wp\/v2\/users\/6"}],"replies":[{"embeddable":true,"href":"https:\/\/ccanecblau.valordeley.es\/ca\/wp-json\/wp\/v2\/comments?post=84849"}],"version-history":[{"count":5,"href":"https:\/\/ccanecblau.valordeley.es\/ca\/wp-json\/wp\/v2\/pages\/84849\/revisions"}],"predecessor-version":[{"id":84854,"href":"https:\/\/ccanecblau.valordeley.es\/ca\/wp-json\/wp\/v2\/pages\/84849\/revisions\/84854"}],"up":[{"embeddable":true,"href":"https:\/\/ccanecblau.valordeley.es\/ca\/wp-json\/wp\/v2\/pages\/84818"}],"wp:attachment":[{"href":"https:\/\/ccanecblau.valordeley.es\/ca\/wp-json\/wp\/v2\/media?parent=84849"}],"curies":[{"name":"wp","href":"https:\/\/api.w.org\/{rel}","templated":true}]}}