{"id":84784,"date":"2025-09-09T12:09:22","date_gmt":"2025-09-09T10:09:22","guid":{"rendered":"https:\/\/ccanecblau.valordeley.es\/?page_id=84784"},"modified":"2025-09-09T12:10:32","modified_gmt":"2025-09-09T10:10:32","slug":"avis-legal","status":"publish","type":"page","link":"https:\/\/ccanecblau.valordeley.es\/ca\/avis-legal\/","title":{"rendered":"Av\u00eds Legal"},"content":{"rendered":"\t\t<div data-elementor-type=\"wp-page\" data-elementor-id=\"84784\" class=\"elementor elementor-84784 elementor-79695\">\n\t\t\t\t\t\t<section class=\"elementor-section elementor-top-section elementor-element elementor-element-6e0b86c elementor-section-height-min-height elementor-hidden-mobile elementor-hidden-tablet elementor-section-boxed elementor-section-height-default elementor-section-items-middle\" data-id=\"6e0b86c\" data-element_type=\"section\" data-settings=\"{&quot;background_background&quot;:&quot;classic&quot;}\">\n\t\t\t\t\t\t<div class=\"elementor-container elementor-column-gap-default\">\n\t\t\t\t\t<div class=\" elementor-column elementor-col-100 elementor-top-column elementor-element elementor-element-5d39cfc\" data-fullscreen-column-settings=\"{&quot;fullscreen&quot;:&quot;&quot;}\" data-id=\"5d39cfc\" data-element_type=\"column\">\n\t\t\t<div class=\"elementor-widget-wrap\">\n\t\t\t\t\t\t\t<\/div>\n\t\t<\/div>\n\t\t\t\t\t<\/div>\n\t\t<\/section>\n\t\t<div class=\"elementor-element elementor-element-b1ccb02 e-flex e-con-boxed e-con e-parent\" data-id=\"b1ccb02\" data-element_type=\"container\" data-settings=\"{&quot;background_background&quot;:&quot;classic&quot;}\">\n\t\t\t\t\t<div class=\"e-con-inner\">\n\t\t<div class=\"elementor-element elementor-element-d1dff9e e-con-full e-flex e-con e-child\" data-id=\"d1dff9e\" data-element_type=\"container\">\n\t\t\t\t<div class=\"elementor-element elementor-element-d8835f7 elementor-widget elementor-widget-heading\" data-id=\"d8835f7\" data-element_type=\"widget\" data-widget_type=\"heading.default\">\n\t\t\t\t<div class=\"elementor-widget-container\">\n\t\t\t\t\t<h1 class=\"elementor-heading-title elementor-size-default\">AV\u00cdS LEGAL<\/h1>\t\t\t\t<\/div>\n\t\t\t\t<\/div>\n\t\t\t\t<\/div>\n\t\t\t\t\t<\/div>\n\t\t\t\t<\/div>\n\t\t<div class=\"elementor-element elementor-element-27e7f6b e-flex e-con-boxed e-con e-parent\" data-id=\"27e7f6b\" data-element_type=\"container\" data-settings=\"{&quot;background_background&quot;:&quot;classic&quot;}\">\n\t\t\t\t\t<div class=\"e-con-inner\">\n\t\t<div class=\"elementor-element elementor-element-bc501db e-con-full e-flex e-con e-child\" data-id=\"bc501db\" data-element_type=\"container\">\n\t\t\t\t<div class=\"elementor-element elementor-element-dfe7095 elementor-widget elementor-widget-text-editor\" data-id=\"dfe7095\" data-element_type=\"widget\" data-widget_type=\"text-editor.default\">\n\t\t\t\t<div class=\"elementor-widget-container\">\n\t\t\t\t\t\t\t\t\t<p><strong>LE RETAIL ANECBLAU, S.L.<\/strong> en compliment de la Llei 34\/2002, d\u201911 de juliol, de Serveis de la Societat de la Informaci\u00f3 i de Comer\u00e7 Electr\u00f2nic, l\u2019informa que:<\/p><p>&#8211; La seva denominaci\u00f3 social \u00e9s LE RETAIL ANECBLAU, S.L.<br \/>&#8211; El seu NIF \u00e9s B87555587.<br \/>&#8211; El seu domicili es troba a l\u2019Avinguda del Canal Ol\u00edmpic, 24, 08860, Castelldefels (Barcelona) Espanya.<br \/>&#8211; El seu tel\u00e8fon de contacte \u00e9s <a href=\"tel:936364243\" target=\"_blank\" rel=\"nofollow noopener noreferrer\">936364243<\/a><br \/>&#8211; I disposa de la seg\u00fcent adre\u00e7a de correu electr\u00f2nic: <a href=\"mailto:anecblau@anecblau.com\" target=\"_blank\" rel=\"nofollow noopener noreferrer\">anecblau@anecblau.com<\/a><\/p><p>Est\u00e0 inscrita al Registre Mercantil de Madrid:<br \/>LE RETAIL ANEC BLAU SL \u00e9s una empresa de mida mitjana. El seu darrer dip\u00f2sit de comptes disponible \u00e9s el de 2020 i el seu darrer anunci al BORME va ser publicat el 21\/01\/2022, al Registre Mercantil de Madrid, Butllet\u00ed 14, Refer\u00e8ncia 28711. Aquest canvi va ser Reeleccions, inscrit el 14\/01\/2022, Tom 34772, Foli 32, Secci\u00f3 8, Full 625417, Inscripci\u00f3 6. D\u2019altra banda, la darrera modificaci\u00f3 no mercantil de LE RETAIL ANEC BLAU SL va ser Nova informaci\u00f3 de cr\u00e8dit, el 31\/03\/2021.<\/p><p>LE RETAIL ANECBLAU SL es va constituir el dia 29\/04\/2016 amb l\u2019objectiu de l\u2019adquisici\u00f3 i promoci\u00f3 de b\u00e9ns immobles de naturalesa urbana per al seu lloguer. Est\u00e0 dins de la categoria CNAE 6820: Lloguer de b\u00e9ns immobles per compte propi. Dins del Sistema Internacional de Classificaci\u00f3 d\u2019Activitats Empresarials, l\u2019empresa LE RETAIL ANECBLAU SL es troba al SIC 6531. La posici\u00f3 que ocupa al r\u00e0nquing nacional i provincial \u00e9s 28237 i 6721 respectivament. Est\u00e0 registrada al domicili Carrer Mar\u00eda de Molina, Madrid. L\u2019empresa acumula un total de 119 consultes. Per informar-se de quines subvencions pot optar aquesta empresa ho pot fer aqu\u00ed mateix. Aquesta empresa t\u00e9 un capital aproximat d\u2019entre 0 i 3.100 \u20ac. Aquesta empresa figura inscrita al Registre Mercantil de Madrid i fins ara t\u00e9 9 actes inscrits al BORME.<\/p>\t\t\t\t\t\t\t\t<\/div>\n\t\t\t\t<\/div>\n\t\t\t\t<\/div>\n\t\t\t\t\t<\/div>\n\t\t\t\t<\/div>\n\t\t\t\t<\/div>\n\t\t","protected":false},"excerpt":{"rendered":"<p>AV\u00cdS LEGAL LE RETAIL ANECBLAU, S.L. en compliment de la Llei 34\/2002, d\u201911 de juliol, de Serveis de la Societat de la Informaci\u00f3 i de Comer\u00e7 Electr\u00f2nic, l\u2019informa que: &#8211; La seva denominaci\u00f3 social \u00e9s LE RETAIL ANECBLAU, S.L.&#8211; El seu NIF \u00e9s B87555587.&#8211; El seu domicili es troba a l\u2019Avinguda del Canal Ol\u00edmpic, 24, [&hellip;]<\/p>\n","protected":false},"author":6,"featured_media":0,"parent":0,"menu_order":233,"comment_status":"closed","ping_status":"closed","template":"","meta":{"footnotes":""},"class_list":["post-84784","page","type-page","status-publish","hentry"],"yoast_head":"<!-- This site is optimized with the Yoast SEO plugin v25.4 - https:\/\/yoast.com\/wordpress\/plugins\/seo\/ -->\n<title>Av\u00eds Legal | Centro Comercial \u00c0necblau<\/title>\n<meta name=\"description\" content=\"AV\u00cdS LEGAL LE RETAIL ANECBLAU, S.L. en compliment de la Llei 34\/2002, d\u201911 de juliol, de Serveis de la Societat de la Informaci\u00f3 i de Comer\u00e7 Electr\u00f2nic,\" \/>\n<meta name=\"robots\" content=\"noindex, follow, max-snippet:-1, max-image-preview:large, max-video-preview:-1\" \/>\n<meta property=\"og:locale\" content=\"ca_ES\" \/>\n<meta property=\"og:type\" content=\"article\" \/>\n<meta property=\"og:title\" content=\"Av\u00eds Legal | Centro Comercial \u00c0necblau\" \/>\n<meta property=\"og:description\" content=\"AV\u00cdS LEGAL LE RETAIL ANECBLAU, S.L. en compliment de la Llei 34\/2002, d\u201911 de juliol, de Serveis de la Societat de la Informaci\u00f3 i de Comer\u00e7 Electr\u00f2nic,\" \/>\n<meta property=\"og:url\" content=\"https:\/\/ccanecblau.valordeley.es\/ca\/avis-legal\/\" \/>\n<meta property=\"og:site_name\" content=\"Centro Comercial \u00c0necblau\" \/>\n<meta property=\"article:modified_time\" content=\"2025-09-09T10:10:32+00:00\" \/>\n<meta name=\"twitter:card\" content=\"summary_large_image\" \/>\n<meta name=\"twitter:label1\" content=\"Est. reading time\" \/>\n\t<meta name=\"twitter:data1\" content=\"2 minutes\" \/>\n<script type=\"application\/ld+json\" class=\"yoast-schema-graph\">{\"@context\":\"https:\/\/schema.org\",\"@graph\":[{\"@type\":\"WebPage\",\"@id\":\"https:\/\/ccanecblau.valordeley.es\/ca\/avis-legal\/\",\"url\":\"https:\/\/ccanecblau.valordeley.es\/ca\/avis-legal\/\",\"name\":\"Av\u00eds Legal | Centro Comercial \u00c0necblau\",\"isPartOf\":{\"@id\":\"https:\/\/ccanecblau.valordeley.es\/ca\/#website\"},\"datePublished\":\"2025-09-09T10:09:22+00:00\",\"dateModified\":\"2025-09-09T10:10:32+00:00\",\"description\":\"AV\u00cdS LEGAL LE RETAIL ANECBLAU, S.L. en compliment de la Llei 34\/2002, d\u201911 de juliol, de Serveis de la Societat de la Informaci\u00f3 i de Comer\u00e7 Electr\u00f2nic,\",\"breadcrumb\":{\"@id\":\"https:\/\/ccanecblau.valordeley.es\/ca\/avis-legal\/#breadcrumb\"},\"inLanguage\":\"ca-ES\",\"potentialAction\":[{\"@type\":\"ReadAction\",\"target\":[\"https:\/\/ccanecblau.valordeley.es\/ca\/avis-legal\/\"]}]},{\"@type\":\"BreadcrumbList\",\"@id\":\"https:\/\/ccanecblau.valordeley.es\/ca\/avis-legal\/#breadcrumb\",\"itemListElement\":[{\"@type\":\"ListItem\",\"position\":1,\"name\":\"Portada\",\"item\":\"https:\/\/ccanecblau.valordeley.es\/ca\/\"},{\"@type\":\"ListItem\",\"position\":2,\"name\":\"Av\u00eds Legal\"}]},{\"@type\":\"WebSite\",\"@id\":\"https:\/\/ccanecblau.valordeley.es\/ca\/#website\",\"url\":\"https:\/\/ccanecblau.valordeley.es\/ca\/\",\"name\":\"Centro Comercial \u00c0necblau\",\"description\":\"Centro Comercial | \u00c0necblau\",\"publisher\":{\"@id\":\"https:\/\/ccanecblau.valordeley.es\/ca\/#organization\"},\"potentialAction\":[{\"@type\":\"SearchAction\",\"target\":{\"@type\":\"EntryPoint\",\"urlTemplate\":\"https:\/\/ccanecblau.valordeley.es\/ca\/?s={search_term_string}\"},\"query-input\":{\"@type\":\"PropertyValueSpecification\",\"valueRequired\":true,\"valueName\":\"search_term_string\"}}],\"inLanguage\":\"ca-ES\"},{\"@type\":\"Organization\",\"@id\":\"https:\/\/ccanecblau.valordeley.es\/ca\/#organization\",\"name\":\"Anecblau\",\"alternateName\":\"Centro Comercial | \u00c0necblau\",\"url\":\"https:\/\/ccanecblau.valordeley.es\/ca\/\",\"logo\":{\"@type\":\"ImageObject\",\"inLanguage\":\"ca-ES\",\"@id\":\"https:\/\/ccanecblau.valordeley.es\/ca\/#\/schema\/logo\/image\/\",\"url\":\"https:\/\/ccanecblau.valordeley.es\/wp-content\/uploads\/2021\/04\/anecblau-logo-diciembrecolor.svg\",\"contentUrl\":\"https:\/\/ccanecblau.valordeley.es\/wp-content\/uploads\/2021\/04\/anecblau-logo-diciembrecolor.svg\",\"width\":1,\"height\":1,\"caption\":\"Anecblau\"},\"image\":{\"@id\":\"https:\/\/ccanecblau.valordeley.es\/ca\/#\/schema\/logo\/image\/\"}}]}<\/script>\n<!-- \/ Yoast SEO plugin. -->","yoast_head_json":{"title":"Av\u00eds Legal | Centro Comercial \u00c0necblau","description":"AV\u00cdS LEGAL LE RETAIL ANECBLAU, S.L. en compliment de la Llei 34\/2002, d\u201911 de juliol, de Serveis de la Societat de la Informaci\u00f3 i de Comer\u00e7 Electr\u00f2nic,","robots":{"index":"noindex","follow":"follow","max-snippet":"max-snippet:-1","max-image-preview":"max-image-preview:large","max-video-preview":"max-video-preview:-1"},"og_locale":"ca_ES","og_type":"article","og_title":"Av\u00eds Legal | Centro Comercial \u00c0necblau","og_description":"AV\u00cdS LEGAL LE RETAIL ANECBLAU, S.L. en compliment de la Llei 34\/2002, d\u201911 de juliol, de Serveis de la Societat de la Informaci\u00f3 i de Comer\u00e7 Electr\u00f2nic,","og_url":"https:\/\/ccanecblau.valordeley.es\/ca\/avis-legal\/","og_site_name":"Centro Comercial \u00c0necblau","article_modified_time":"2025-09-09T10:10:32+00:00","twitter_card":"summary_large_image","twitter_misc":{"Est. reading time":"2 minutes"},"schema":{"@context":"https:\/\/schema.org","@graph":[{"@type":"WebPage","@id":"https:\/\/ccanecblau.valordeley.es\/ca\/avis-legal\/","url":"https:\/\/ccanecblau.valordeley.es\/ca\/avis-legal\/","name":"Av\u00eds Legal | Centro Comercial \u00c0necblau","isPartOf":{"@id":"https:\/\/ccanecblau.valordeley.es\/ca\/#website"},"datePublished":"2025-09-09T10:09:22+00:00","dateModified":"2025-09-09T10:10:32+00:00","description":"AV\u00cdS LEGAL LE RETAIL ANECBLAU, S.L. en compliment de la Llei 34\/2002, d\u201911 de juliol, de Serveis de la Societat de la Informaci\u00f3 i de Comer\u00e7 Electr\u00f2nic,","breadcrumb":{"@id":"https:\/\/ccanecblau.valordeley.es\/ca\/avis-legal\/#breadcrumb"},"inLanguage":"ca-ES","potentialAction":[{"@type":"ReadAction","target":["https:\/\/ccanecblau.valordeley.es\/ca\/avis-legal\/"]}]},{"@type":"BreadcrumbList","@id":"https:\/\/ccanecblau.valordeley.es\/ca\/avis-legal\/#breadcrumb","itemListElement":[{"@type":"ListItem","position":1,"name":"Portada","item":"https:\/\/ccanecblau.valordeley.es\/ca\/"},{"@type":"ListItem","position":2,"name":"Av\u00eds Legal"}]},{"@type":"WebSite","@id":"https:\/\/ccanecblau.valordeley.es\/ca\/#website","url":"https:\/\/ccanecblau.valordeley.es\/ca\/","name":"Centro Comercial \u00c0necblau","description":"Centro Comercial | \u00c0necblau","publisher":{"@id":"https:\/\/ccanecblau.valordeley.es\/ca\/#organization"},"potentialAction":[{"@type":"SearchAction","target":{"@type":"EntryPoint","urlTemplate":"https:\/\/ccanecblau.valordeley.es\/ca\/?s={search_term_string}"},"query-input":{"@type":"PropertyValueSpecification","valueRequired":true,"valueName":"search_term_string"}}],"inLanguage":"ca-ES"},{"@type":"Organization","@id":"https:\/\/ccanecblau.valordeley.es\/ca\/#organization","name":"Anecblau","alternateName":"Centro Comercial | \u00c0necblau","url":"https:\/\/ccanecblau.valordeley.es\/ca\/","logo":{"@type":"ImageObject","inLanguage":"ca-ES","@id":"https:\/\/ccanecblau.valordeley.es\/ca\/#\/schema\/logo\/image\/","url":"https:\/\/ccanecblau.valordeley.es\/wp-content\/uploads\/2021\/04\/anecblau-logo-diciembrecolor.svg","contentUrl":"https:\/\/ccanecblau.valordeley.es\/wp-content\/uploads\/2021\/04\/anecblau-logo-diciembrecolor.svg","width":1,"height":1,"caption":"Anecblau"},"image":{"@id":"https:\/\/ccanecblau.valordeley.es\/ca\/#\/schema\/logo\/image\/"}}]}},"publishpress_future_action":{"enabled":false,"date":"2026-04-25 16:13:31","action":"change-status","newStatus":"draft","terms":[],"taxonomy":"translation_priority"},"publishpress_future_workflow_manual_trigger":{"enabledWorkflows":[]},"_links":{"self":[{"href":"https:\/\/ccanecblau.valordeley.es\/ca\/wp-json\/wp\/v2\/pages\/84784","targetHints":{"allow":["GET"]}}],"collection":[{"href":"https:\/\/ccanecblau.valordeley.es\/ca\/wp-json\/wp\/v2\/pages"}],"about":[{"href":"https:\/\/ccanecblau.valordeley.es\/ca\/wp-json\/wp\/v2\/types\/page"}],"author":[{"embeddable":true,"href":"https:\/\/ccanecblau.valordeley.es\/ca\/wp-json\/wp\/v2\/users\/6"}],"replies":[{"embeddable":true,"href":"https:\/\/ccanecblau.valordeley.es\/ca\/wp-json\/wp\/v2\/comments?post=84784"}],"version-history":[{"count":5,"href":"https:\/\/ccanecblau.valordeley.es\/ca\/wp-json\/wp\/v2\/pages\/84784\/revisions"}],"predecessor-version":[{"id":84792,"href":"https:\/\/ccanecblau.valordeley.es\/ca\/wp-json\/wp\/v2\/pages\/84784\/revisions\/84792"}],"wp:attachment":[{"href":"https:\/\/ccanecblau.valordeley.es\/ca\/wp-json\/wp\/v2\/media?parent=84784"}],"curies":[{"name":"wp","href":"https:\/\/api.w.org\/{rel}","templated":true}]}}