{"id":84761,"date":"2025-09-09T12:00:18","date_gmt":"2025-09-09T10:00:18","guid":{"rendered":"https:\/\/ccanecblau.valordeley.es\/?page_id=84761"},"modified":"2025-09-22T11:56:47","modified_gmt":"2025-09-22T09:56:47","slug":"infantils","status":"publish","type":"page","link":"https:\/\/ccanecblau.valordeley.es\/ca\/botigues\/infantils\/","title":{"rendered":"Botigues infantils a Castelldefels"},"content":{"rendered":"<p style=\"text-align: center;\">Descobreix la m\u00e0gia de la inf\u00e0ncia a les nostres botigues infantils al centre comercial \u00c0necblau a Castelldefels. Troba els millors productes i tend\u00e8ncies per als m\u00e9s petits, des de roba i cal\u00e7at fins a joguines i accessoris. Fes de l&#8217;experi\u00e8ncia de compra per als teus fills una cosa \u00fanica i especial a les nostres botigues pensades per a la seva diversi\u00f3 i comoditat.<\/p>\n","protected":false},"excerpt":{"rendered":"<p>Descobreix la m\u00e0gia de la inf\u00e0ncia a les nostres botigues infantils al centre comercial \u00c0necblau a Castelldefels. Troba els millors productes i tend\u00e8ncies per als m\u00e9s petits, des de roba i cal\u00e7at fins a joguines i accessoris. Fes de l&#8217;experi\u00e8ncia de compra per als teus fills una cosa \u00fanica i especial a les nostres botigues [&hellip;]<\/p>\n","protected":false},"author":6,"featured_media":0,"parent":84719,"menu_order":0,"comment_status":"closed","ping_status":"closed","template":"page-tiendas.php","meta":{"footnotes":""},"class_list":["post-84761","page","type-page","status-publish","hentry"],"yoast_head":"<!-- This site is optimized with the Yoast SEO plugin v25.4 - https:\/\/yoast.com\/wordpress\/plugins\/seo\/ -->\n<title>Botigues infantils a Castelldefels | \u00c0necblau<\/title>\n<meta name=\"description\" content=\"Descobreix la m\u00e0gia de la inf\u00e0ncia a les nostres botigues infantils al centre comercial \u00c0necblau a Castelldefels.\" \/>\n<meta name=\"robots\" content=\"noindex, follow, max-snippet:-1, max-image-preview:large, max-video-preview:-1\" \/>\n<meta property=\"og:locale\" content=\"ca_ES\" \/>\n<meta property=\"og:type\" content=\"article\" \/>\n<meta property=\"og:title\" content=\"Botigues infantils a Castelldefels | \u00c0necblau\" \/>\n<meta property=\"og:description\" content=\"Descobreix la m\u00e0gia de la inf\u00e0ncia a les nostres botigues infantils al centre comercial \u00c0necblau a Castelldefels.\" \/>\n<meta property=\"og:url\" content=\"https:\/\/ccanecblau.valordeley.es\/ca\/botigues\/infantils\/\" \/>\n<meta property=\"og:site_name\" content=\"Centro Comercial \u00c0necblau\" \/>\n<meta property=\"article:modified_time\" content=\"2025-09-22T09:56:47+00:00\" \/>\n<meta name=\"twitter:card\" content=\"summary_large_image\" \/>\n<meta name=\"twitter:label1\" content=\"Est. reading time\" \/>\n\t<meta name=\"twitter:data1\" content=\"1 minute\" \/>\n<script type=\"application\/ld+json\" class=\"yoast-schema-graph\">{\"@context\":\"https:\/\/schema.org\",\"@graph\":[{\"@type\":\"WebPage\",\"@id\":\"https:\/\/ccanecblau.valordeley.es\/ca\/botigues\/infantils\/\",\"url\":\"https:\/\/ccanecblau.valordeley.es\/ca\/botigues\/infantils\/\",\"name\":\"Botigues infantils a Castelldefels | \u00c0necblau\",\"isPartOf\":{\"@id\":\"https:\/\/ccanecblau.valordeley.es\/ca\/#website\"},\"datePublished\":\"2025-09-09T10:00:18+00:00\",\"dateModified\":\"2025-09-22T09:56:47+00:00\",\"description\":\"Descobreix la m\u00e0gia de la inf\u00e0ncia a les nostres botigues infantils al centre comercial \u00c0necblau a Castelldefels.\",\"breadcrumb\":{\"@id\":\"https:\/\/ccanecblau.valordeley.es\/ca\/botigues\/infantils\/#breadcrumb\"},\"inLanguage\":\"ca-ES\",\"potentialAction\":[{\"@type\":\"ReadAction\",\"target\":[\"https:\/\/ccanecblau.valordeley.es\/ca\/botigues\/infantils\/\"]}]},{\"@type\":\"BreadcrumbList\",\"@id\":\"https:\/\/ccanecblau.valordeley.es\/ca\/botigues\/infantils\/#breadcrumb\",\"itemListElement\":[{\"@type\":\"ListItem\",\"position\":1,\"name\":\"Portada\",\"item\":\"https:\/\/ccanecblau.valordeley.es\/ca\/\"},{\"@type\":\"ListItem\",\"position\":2,\"name\":\"Botigues\",\"item\":\"https:\/\/ccanecblau.valordeley.es\/ca\/botigues\/\"},{\"@type\":\"ListItem\",\"position\":3,\"name\":\"Botigues infantils a Castelldefels\"}]},{\"@type\":\"WebSite\",\"@id\":\"https:\/\/ccanecblau.valordeley.es\/ca\/#website\",\"url\":\"https:\/\/ccanecblau.valordeley.es\/ca\/\",\"name\":\"Centro Comercial \u00c0necblau\",\"description\":\"Centro Comercial | \u00c0necblau\",\"publisher\":{\"@id\":\"https:\/\/ccanecblau.valordeley.es\/ca\/#organization\"},\"potentialAction\":[{\"@type\":\"SearchAction\",\"target\":{\"@type\":\"EntryPoint\",\"urlTemplate\":\"https:\/\/ccanecblau.valordeley.es\/ca\/?s={search_term_string}\"},\"query-input\":{\"@type\":\"PropertyValueSpecification\",\"valueRequired\":true,\"valueName\":\"search_term_string\"}}],\"inLanguage\":\"ca-ES\"},{\"@type\":\"Organization\",\"@id\":\"https:\/\/ccanecblau.valordeley.es\/ca\/#organization\",\"name\":\"Anecblau\",\"alternateName\":\"Centro Comercial | \u00c0necblau\",\"url\":\"https:\/\/ccanecblau.valordeley.es\/ca\/\",\"logo\":{\"@type\":\"ImageObject\",\"inLanguage\":\"ca-ES\",\"@id\":\"https:\/\/ccanecblau.valordeley.es\/ca\/#\/schema\/logo\/image\/\",\"url\":\"https:\/\/ccanecblau.valordeley.es\/wp-content\/uploads\/2021\/04\/anecblau-logo-diciembrecolor.svg\",\"contentUrl\":\"https:\/\/ccanecblau.valordeley.es\/wp-content\/uploads\/2021\/04\/anecblau-logo-diciembrecolor.svg\",\"width\":1,\"height\":1,\"caption\":\"Anecblau\"},\"image\":{\"@id\":\"https:\/\/ccanecblau.valordeley.es\/ca\/#\/schema\/logo\/image\/\"}}]}<\/script>\n<!-- \/ Yoast SEO plugin. -->","yoast_head_json":{"title":"Botigues infantils a Castelldefels | \u00c0necblau","description":"Descobreix la m\u00e0gia de la inf\u00e0ncia a les nostres botigues infantils al centre comercial \u00c0necblau a Castelldefels.","robots":{"index":"noindex","follow":"follow","max-snippet":"max-snippet:-1","max-image-preview":"max-image-preview:large","max-video-preview":"max-video-preview:-1"},"og_locale":"ca_ES","og_type":"article","og_title":"Botigues infantils a Castelldefels | \u00c0necblau","og_description":"Descobreix la m\u00e0gia de la inf\u00e0ncia a les nostres botigues infantils al centre comercial \u00c0necblau a Castelldefels.","og_url":"https:\/\/ccanecblau.valordeley.es\/ca\/botigues\/infantils\/","og_site_name":"Centro Comercial \u00c0necblau","article_modified_time":"2025-09-22T09:56:47+00:00","twitter_card":"summary_large_image","twitter_misc":{"Est. reading time":"1 minute"},"schema":{"@context":"https:\/\/schema.org","@graph":[{"@type":"WebPage","@id":"https:\/\/ccanecblau.valordeley.es\/ca\/botigues\/infantils\/","url":"https:\/\/ccanecblau.valordeley.es\/ca\/botigues\/infantils\/","name":"Botigues infantils a Castelldefels | \u00c0necblau","isPartOf":{"@id":"https:\/\/ccanecblau.valordeley.es\/ca\/#website"},"datePublished":"2025-09-09T10:00:18+00:00","dateModified":"2025-09-22T09:56:47+00:00","description":"Descobreix la m\u00e0gia de la inf\u00e0ncia a les nostres botigues infantils al centre comercial \u00c0necblau a Castelldefels.","breadcrumb":{"@id":"https:\/\/ccanecblau.valordeley.es\/ca\/botigues\/infantils\/#breadcrumb"},"inLanguage":"ca-ES","potentialAction":[{"@type":"ReadAction","target":["https:\/\/ccanecblau.valordeley.es\/ca\/botigues\/infantils\/"]}]},{"@type":"BreadcrumbList","@id":"https:\/\/ccanecblau.valordeley.es\/ca\/botigues\/infantils\/#breadcrumb","itemListElement":[{"@type":"ListItem","position":1,"name":"Portada","item":"https:\/\/ccanecblau.valordeley.es\/ca\/"},{"@type":"ListItem","position":2,"name":"Botigues","item":"https:\/\/ccanecblau.valordeley.es\/ca\/botigues\/"},{"@type":"ListItem","position":3,"name":"Botigues infantils a Castelldefels"}]},{"@type":"WebSite","@id":"https:\/\/ccanecblau.valordeley.es\/ca\/#website","url":"https:\/\/ccanecblau.valordeley.es\/ca\/","name":"Centro Comercial \u00c0necblau","description":"Centro Comercial | \u00c0necblau","publisher":{"@id":"https:\/\/ccanecblau.valordeley.es\/ca\/#organization"},"potentialAction":[{"@type":"SearchAction","target":{"@type":"EntryPoint","urlTemplate":"https:\/\/ccanecblau.valordeley.es\/ca\/?s={search_term_string}"},"query-input":{"@type":"PropertyValueSpecification","valueRequired":true,"valueName":"search_term_string"}}],"inLanguage":"ca-ES"},{"@type":"Organization","@id":"https:\/\/ccanecblau.valordeley.es\/ca\/#organization","name":"Anecblau","alternateName":"Centro Comercial | \u00c0necblau","url":"https:\/\/ccanecblau.valordeley.es\/ca\/","logo":{"@type":"ImageObject","inLanguage":"ca-ES","@id":"https:\/\/ccanecblau.valordeley.es\/ca\/#\/schema\/logo\/image\/","url":"https:\/\/ccanecblau.valordeley.es\/wp-content\/uploads\/2021\/04\/anecblau-logo-diciembrecolor.svg","contentUrl":"https:\/\/ccanecblau.valordeley.es\/wp-content\/uploads\/2021\/04\/anecblau-logo-diciembrecolor.svg","width":1,"height":1,"caption":"Anecblau"},"image":{"@id":"https:\/\/ccanecblau.valordeley.es\/ca\/#\/schema\/logo\/image\/"}}]}},"publishpress_future_action":{"enabled":false,"date":"2026-04-25 18:01:54","action":"change-status","newStatus":"draft","terms":[],"taxonomy":"translation_priority"},"publishpress_future_workflow_manual_trigger":{"enabledWorkflows":[]},"_links":{"self":[{"href":"https:\/\/ccanecblau.valordeley.es\/ca\/wp-json\/wp\/v2\/pages\/84761","targetHints":{"allow":["GET"]}}],"collection":[{"href":"https:\/\/ccanecblau.valordeley.es\/ca\/wp-json\/wp\/v2\/pages"}],"about":[{"href":"https:\/\/ccanecblau.valordeley.es\/ca\/wp-json\/wp\/v2\/types\/page"}],"author":[{"embeddable":true,"href":"https:\/\/ccanecblau.valordeley.es\/ca\/wp-json\/wp\/v2\/users\/6"}],"replies":[{"embeddable":true,"href":"https:\/\/ccanecblau.valordeley.es\/ca\/wp-json\/wp\/v2\/comments?post=84761"}],"version-history":[{"count":1,"href":"https:\/\/ccanecblau.valordeley.es\/ca\/wp-json\/wp\/v2\/pages\/84761\/revisions"}],"predecessor-version":[{"id":84762,"href":"https:\/\/ccanecblau.valordeley.es\/ca\/wp-json\/wp\/v2\/pages\/84761\/revisions\/84762"}],"up":[{"embeddable":true,"href":"https:\/\/ccanecblau.valordeley.es\/ca\/wp-json\/wp\/v2\/pages\/84719"}],"wp:attachment":[{"href":"https:\/\/ccanecblau.valordeley.es\/ca\/wp-json\/wp\/v2\/media?parent=84761"}],"curies":[{"name":"wp","href":"https:\/\/api.w.org\/{rel}","templated":true}]}}