{"id":84675,"date":"2025-09-09T09:19:01","date_gmt":"2025-09-09T07:19:01","guid":{"rendered":"https:\/\/ccanecblau.valordeley.es\/?page_id=84675"},"modified":"2025-09-09T09:20:10","modified_gmt":"2025-09-09T07:20:10","slug":"politica-de-privacitat","status":"publish","type":"page","link":"https:\/\/ccanecblau.valordeley.es\/ca\/politica-de-privacitat\/","title":{"rendered":"Pol\u00edtica de privacitat"},"content":{"rendered":"\t\t<div data-elementor-type=\"wp-page\" data-elementor-id=\"84675\" class=\"elementor elementor-84675 elementor-80098\">\n\t\t\t\t\t\t<section class=\"elementor-section elementor-top-section elementor-element elementor-element-a421a90 elementor-section-height-min-height elementor-hidden-mobile elementor-hidden-tablet elementor-section-boxed elementor-section-height-default elementor-section-items-middle\" data-id=\"a421a90\" data-element_type=\"section\" data-settings=\"{&quot;background_background&quot;:&quot;classic&quot;}\">\n\t\t\t\t\t\t<div class=\"elementor-container elementor-column-gap-default\">\n\t\t\t\t\t<div class=\" elementor-column elementor-col-100 elementor-top-column elementor-element elementor-element-e006119\" data-fullscreen-column-settings=\"{&quot;fullscreen&quot;:&quot;&quot;}\" data-id=\"e006119\" data-element_type=\"column\">\n\t\t\t<div class=\"elementor-widget-wrap\">\n\t\t\t\t\t\t\t<\/div>\n\t\t<\/div>\n\t\t\t\t\t<\/div>\n\t\t<\/section>\n\t\t<div class=\"elementor-element elementor-element-8fcee05 e-flex e-con-boxed e-con e-parent\" data-id=\"8fcee05\" data-element_type=\"container\" data-settings=\"{&quot;background_background&quot;:&quot;classic&quot;}\">\n\t\t\t\t\t<div class=\"e-con-inner\">\n\t\t<div class=\"elementor-element elementor-element-00dcaed e-con-full e-flex e-con e-child\" data-id=\"00dcaed\" data-element_type=\"container\">\n\t\t\t\t<div class=\"elementor-element elementor-element-e59f60d elementor-widget elementor-widget-heading\" data-id=\"e59f60d\" data-element_type=\"widget\" data-widget_type=\"heading.default\">\n\t\t\t\t<div class=\"elementor-widget-container\">\n\t\t\t\t\t<h1 class=\"elementor-heading-title elementor-size-default\">POL\u00cdTICA DE PRIVACITAT<\/h1>\t\t\t\t<\/div>\n\t\t\t\t<\/div>\n\t\t\t\t<\/div>\n\t\t\t\t\t<\/div>\n\t\t\t\t<\/div>\n\t\t<div class=\"elementor-element elementor-element-7c5721a e-flex e-con-boxed e-con e-parent\" data-id=\"7c5721a\" data-element_type=\"container\" data-settings=\"{&quot;background_background&quot;:&quot;classic&quot;}\">\n\t\t\t\t\t<div class=\"e-con-inner\">\n\t\t<div class=\"elementor-element elementor-element-b58e610 e-con-full e-flex e-con e-child\" data-id=\"b58e610\" data-element_type=\"container\">\n\t\t\t\t<div class=\"elementor-element elementor-element-cd30175 elementor-widget elementor-widget-text-editor\" data-id=\"cd30175\" data-element_type=\"widget\" data-widget_type=\"text-editor.default\">\n\t\t\t\t<div class=\"elementor-widget-container\">\n\t\t\t\t\t\t\t\t\t<p>Les dades personals vinculades a aquesta p\u00e0gina web respecten les exig\u00e8ncies del Reglament (UE) 2016\/679 del Parlament Europeu i del Consell de 27 d\u2019abril de 2016 relatiu a la protecci\u00f3 de les persones f\u00edsiques pel que fa al tractament de dades personals i a la lliure circulaci\u00f3 d\u2019aquestes dades, la Llei Org\u00e0nica 3\/2018, de 5 de desembre, de Protecci\u00f3 de Dades Personals i garantia dels drets digitals i la resta de legislaci\u00f3 vigent en mat\u00e8ria de protecci\u00f3 de dades.<\/p><h2>Qui \u00e9s el responsable del tractament de les seves dades?<\/h2><p>El responsable del tractament de les seves dades \u00e9s LE RETAIL ANECBLAU, S.L., amb NIF B87555587, domicili al carrer Mar\u00eda de Molina 39, 10a planta, 28006 Madrid (Espanya), tel\u00e8fon 936 364 243 i correu electr\u00f2nic de contacte <a href=\"mailto:anecblau@anecblau.com\" target=\"_blank\" rel=\"nofollow noopener noreferrer\">anecblau@anecblau.com<\/a>.<\/p><h2>Quina \u00e9s la finalitat i la legitimaci\u00f3 amb qu\u00e8 tractem les seves dades i durant quant temps les conservem?<\/h2><p>Tractem les seves dades per atendre les sol\u00b7licituds d\u2019informaci\u00f3, dubtes, consultes, suggeriments o queixes que plantegi a trav\u00e9s del formulari i de la resta de mitjans de contacte. Podem tractar les seves dades amb aquesta finalitat perqu\u00e8 tenim un inter\u00e8s leg\u00edtim a atendre les comunicacions necess\u00e0ries per dur a terme la nostra activitat i les conservarem mentre subsisteixin.<\/p><h2>A qui es comunicaran les seves dades?<\/h2><p>No es cediran les seves dades a tercers. Es comunicaran als nostres encarregats de tractament quan sigui necessari per a la correcta prestaci\u00f3 dels serveis contractats als mateixos.<\/p><h2>Es realitzaran transfer\u00e8ncies de les seves dades a tercers pa\u00efsos?<\/h2><p>No es realitzaran Transfer\u00e8ncies Internacionals de les seves dades.<\/p><h2>Quins s\u00f3n els seus drets quan ens facilita les seves dades?<\/h2><p>&#8211; Acc\u00e9s: dret a obtenir confirmaci\u00f3 sobre si estem tractant dades personals seves o no, a saber quines s\u00f3n, per a qu\u00e8 s\u2019utilitzen, quant de temps es conservaran, l\u2019origen de les mateixes i si s\u2019han comunicat o es comunicaran a un tercer.<br \/><br \/>&#8211; Rectificaci\u00f3: dret a sol\u00b7licitar la rectificaci\u00f3 de les dades inexactes i que es completin les dades personals incompletes.<br \/><br \/>&#8211; Supressi\u00f3: dret a sol\u00b7licitar la supressi\u00f3 de les dades de car\u00e0cter personal quan siguin inadequades, excessives o ja no siguin necess\u00e0ries per als fins per als quals van ser recollides, incl\u00f2s el dret a l\u2019oblit.<br \/><br \/>&#8211; Oposici\u00f3: dret a oposar-se, en determinades circumst\u00e0ncies, al tractament de les seves dades personals o a sol\u00b7licitar que se cessi en el tractament.<br \/><br \/>&#8211; Limitaci\u00f3 del Tractament: dret a sol\u00b7licitar, en les circumst\u00e0ncies establertes legalment, que no es tractin les seves dades m\u00e9s enll\u00e0 de la mera conservaci\u00f3 de les mateixes.<br \/><br \/>&#8211; Portabilitat: dret a rebre les dades de car\u00e0cter personal en un format estructurat, d\u2019\u00fas com\u00fa i de lectura mec\u00e0nica, i poder transmetre-les a un altre responsable, sempre que sigui t\u00e8cnicament possible.<br \/><br \/>&#8211; Dret a retirar el seu consentiment: en cas que la base de legitimaci\u00f3 per al tractament de les seves dades sigui el seu consentiment, t\u00e9 dret a retirar-lo en qualsevol moment. Si ho fa, no es veuran afectats els tractaments de dades que s\u2019hagin pogut realitzar amb anterioritat.<\/p><h2>On podr\u00e0 exercir els seus drets?<\/h2><p>L\u2019exercici de drets s\u2019haur\u00e0 d\u2019efectuar per escrit adre\u00e7ant-se al carrer Mar\u00eda de Molina 39, 10a planta, 28006 Madrid (Espanya) o al correu electr\u00f2nic <a href=\"mailto:anecblau@anecblau.com\" target=\"_blank\" rel=\"nofollow noopener noreferrer\">anecblau@anecblau.com<\/a>. LE RETAIL ANECBLAU, S.L. posa a la seva disposici\u00f3 models per a la realitzaci\u00f3 de l\u2019exercici de drets que es poden obtenir a l\u2019adre\u00e7a o a trav\u00e9s del correu electr\u00f2nic indicat anteriorment. Per a m\u00e9s informaci\u00f3: <a href=\"http:\/\/www.agpd.es\" target=\"_blank\" rel=\"nofollow noopener noreferrer\">www.agpd.es<\/a>.<\/p><h2>T\u00e9 dret a presentar una reclamaci\u00f3 davant l\u2019Autoritat de Control?<\/h2><p>En el cas que no s\u2019hagin respectat els seus drets, pot presentar una reclamaci\u00f3 adre\u00e7ant-se per escrit a l\u2019Ag\u00e8ncia Espanyola de Protecci\u00f3 de Dades, amb seu al carrer Jorge Juan, 6-28001-Madrid o utilitzant la seu electr\u00f2nica: <a href=\"https:\/\/sedeagpd.gob\" target=\"_blank\" rel=\"nofollow noopener noreferrer\">https:\/\/sedeagpd.gob<\/a>. En ambd\u00f3s casos, haur\u00e0 d\u2019acompanyar la documentaci\u00f3 pertinent.<\/p>\t\t\t\t\t\t\t\t<\/div>\n\t\t\t\t<\/div>\n\t\t\t\t<div class=\"elementor-element elementor-element-12d744c elementor-widget elementor-widget-html\" data-id=\"12d744c\" data-element_type=\"widget\" data-widget_type=\"html.default\">\n\t\t\t\t<div class=\"elementor-widget-container\">\n\t\t\t\t\t<style>\nh2 {\n    font-size:28px!important;\n    font-weight:500;\n    margin-top:20px;\n    line-height:1.4;\n}\n<\/style>\t\t\t\t<\/div>\n\t\t\t\t<\/div>\n\t\t\t\t<\/div>\n\t\t\t\t\t<\/div>\n\t\t\t\t<\/div>\n\t\t\t\t<\/div>\n\t\t","protected":false},"excerpt":{"rendered":"<p>POL\u00cdTICA DE PRIVACITAT Les dades personals vinculades a aquesta p\u00e0gina web respecten les exig\u00e8ncies del Reglament (UE) 2016\/679 del Parlament Europeu i del Consell de 27 d\u2019abril de 2016 relatiu a la protecci\u00f3 de les persones f\u00edsiques pel que fa al tractament de dades personals i a la lliure circulaci\u00f3 d\u2019aquestes dades, la Llei Org\u00e0nica [&hellip;]<\/p>\n","protected":false},"author":6,"featured_media":0,"parent":0,"menu_order":0,"comment_status":"closed","ping_status":"closed","template":"","meta":{"footnotes":""},"class_list":["post-84675","page","type-page","status-publish","hentry"],"yoast_head":"<!-- This site is optimized with the Yoast SEO plugin v25.4 - https:\/\/yoast.com\/wordpress\/plugins\/seo\/ -->\n<title>Pol\u00edtica de privacitat | Centro Comercial \u00c0necblau<\/title>\n<meta name=\"description\" content=\"POL\u00cdTICA DE PRIVACITAT Les dades personals vinculades a aquesta p\u00e0gina web respecten les exig\u00e8ncies del Reglament (UE) 2016\/679 del Parlament Europeu i\" \/>\n<meta name=\"robots\" content=\"noindex, follow\" \/>\n<meta property=\"og:locale\" content=\"ca_ES\" \/>\n<meta property=\"og:type\" content=\"article\" \/>\n<meta property=\"og:title\" content=\"Pol\u00edtica de privacitat | Centro Comercial \u00c0necblau\" \/>\n<meta property=\"og:description\" content=\"POL\u00cdTICA DE PRIVACITAT Les dades personals vinculades a aquesta p\u00e0gina web respecten les exig\u00e8ncies del Reglament (UE) 2016\/679 del Parlament Europeu i\" \/>\n<meta property=\"og:url\" content=\"https:\/\/ccanecblau.valordeley.es\/ca\/politica-de-privacitat\/\" \/>\n<meta property=\"og:site_name\" content=\"Centro Comercial \u00c0necblau\" \/>\n<meta property=\"article:modified_time\" content=\"2025-09-09T07:20:10+00:00\" \/>\n<meta name=\"twitter:card\" content=\"summary_large_image\" \/>\n<meta name=\"twitter:label1\" content=\"Est. reading time\" \/>\n\t<meta name=\"twitter:data1\" content=\"3 minutes\" \/>\n<script type=\"application\/ld+json\" class=\"yoast-schema-graph\">{\"@context\":\"https:\/\/schema.org\",\"@graph\":[{\"@type\":\"WebPage\",\"@id\":\"https:\/\/ccanecblau.valordeley.es\/ca\/politica-de-privacitat\/\",\"url\":\"https:\/\/ccanecblau.valordeley.es\/ca\/politica-de-privacitat\/\",\"name\":\"Pol\u00edtica de privacitat | Centro Comercial \u00c0necblau\",\"isPartOf\":{\"@id\":\"https:\/\/ccanecblau.valordeley.es\/ca\/#website\"},\"datePublished\":\"2025-09-09T07:19:01+00:00\",\"dateModified\":\"2025-09-09T07:20:10+00:00\",\"description\":\"POL\u00cdTICA DE PRIVACITAT Les dades personals vinculades a aquesta p\u00e0gina web respecten les exig\u00e8ncies del Reglament (UE) 2016\/679 del Parlament Europeu i\",\"breadcrumb\":{\"@id\":\"https:\/\/ccanecblau.valordeley.es\/ca\/politica-de-privacitat\/#breadcrumb\"},\"inLanguage\":\"ca-ES\",\"potentialAction\":[{\"@type\":\"ReadAction\",\"target\":[\"https:\/\/ccanecblau.valordeley.es\/ca\/politica-de-privacitat\/\"]}]},{\"@type\":\"BreadcrumbList\",\"@id\":\"https:\/\/ccanecblau.valordeley.es\/ca\/politica-de-privacitat\/#breadcrumb\",\"itemListElement\":[{\"@type\":\"ListItem\",\"position\":1,\"name\":\"Portada\",\"item\":\"https:\/\/ccanecblau.valordeley.es\/ca\/\"},{\"@type\":\"ListItem\",\"position\":2,\"name\":\"Pol\u00edtica de privacitat\"}]},{\"@type\":\"WebSite\",\"@id\":\"https:\/\/ccanecblau.valordeley.es\/ca\/#website\",\"url\":\"https:\/\/ccanecblau.valordeley.es\/ca\/\",\"name\":\"Centro Comercial \u00c0necblau\",\"description\":\"Centro Comercial | \u00c0necblau\",\"publisher\":{\"@id\":\"https:\/\/ccanecblau.valordeley.es\/ca\/#organization\"},\"potentialAction\":[{\"@type\":\"SearchAction\",\"target\":{\"@type\":\"EntryPoint\",\"urlTemplate\":\"https:\/\/ccanecblau.valordeley.es\/ca\/?s={search_term_string}\"},\"query-input\":{\"@type\":\"PropertyValueSpecification\",\"valueRequired\":true,\"valueName\":\"search_term_string\"}}],\"inLanguage\":\"ca-ES\"},{\"@type\":\"Organization\",\"@id\":\"https:\/\/ccanecblau.valordeley.es\/ca\/#organization\",\"name\":\"Anecblau\",\"alternateName\":\"Centro Comercial | \u00c0necblau\",\"url\":\"https:\/\/ccanecblau.valordeley.es\/ca\/\",\"logo\":{\"@type\":\"ImageObject\",\"inLanguage\":\"ca-ES\",\"@id\":\"https:\/\/ccanecblau.valordeley.es\/ca\/#\/schema\/logo\/image\/\",\"url\":\"https:\/\/ccanecblau.valordeley.es\/wp-content\/uploads\/2021\/04\/anecblau-logo-diciembrecolor.svg\",\"contentUrl\":\"https:\/\/ccanecblau.valordeley.es\/wp-content\/uploads\/2021\/04\/anecblau-logo-diciembrecolor.svg\",\"width\":1,\"height\":1,\"caption\":\"Anecblau\"},\"image\":{\"@id\":\"https:\/\/ccanecblau.valordeley.es\/ca\/#\/schema\/logo\/image\/\"}}]}<\/script>\n<!-- \/ Yoast SEO plugin. -->","yoast_head_json":{"title":"Pol\u00edtica de privacitat | Centro Comercial \u00c0necblau","description":"POL\u00cdTICA DE PRIVACITAT Les dades personals vinculades a aquesta p\u00e0gina web respecten les exig\u00e8ncies del Reglament (UE) 2016\/679 del Parlament Europeu i","robots":{"index":"noindex","follow":"follow"},"og_locale":"ca_ES","og_type":"article","og_title":"Pol\u00edtica de privacitat | Centro Comercial \u00c0necblau","og_description":"POL\u00cdTICA DE PRIVACITAT Les dades personals vinculades a aquesta p\u00e0gina web respecten les exig\u00e8ncies del Reglament (UE) 2016\/679 del Parlament Europeu i","og_url":"https:\/\/ccanecblau.valordeley.es\/ca\/politica-de-privacitat\/","og_site_name":"Centro Comercial \u00c0necblau","article_modified_time":"2025-09-09T07:20:10+00:00","twitter_card":"summary_large_image","twitter_misc":{"Est. reading time":"3 minutes"},"schema":{"@context":"https:\/\/schema.org","@graph":[{"@type":"WebPage","@id":"https:\/\/ccanecblau.valordeley.es\/ca\/politica-de-privacitat\/","url":"https:\/\/ccanecblau.valordeley.es\/ca\/politica-de-privacitat\/","name":"Pol\u00edtica de privacitat | Centro Comercial \u00c0necblau","isPartOf":{"@id":"https:\/\/ccanecblau.valordeley.es\/ca\/#website"},"datePublished":"2025-09-09T07:19:01+00:00","dateModified":"2025-09-09T07:20:10+00:00","description":"POL\u00cdTICA DE PRIVACITAT Les dades personals vinculades a aquesta p\u00e0gina web respecten les exig\u00e8ncies del Reglament (UE) 2016\/679 del Parlament Europeu i","breadcrumb":{"@id":"https:\/\/ccanecblau.valordeley.es\/ca\/politica-de-privacitat\/#breadcrumb"},"inLanguage":"ca-ES","potentialAction":[{"@type":"ReadAction","target":["https:\/\/ccanecblau.valordeley.es\/ca\/politica-de-privacitat\/"]}]},{"@type":"BreadcrumbList","@id":"https:\/\/ccanecblau.valordeley.es\/ca\/politica-de-privacitat\/#breadcrumb","itemListElement":[{"@type":"ListItem","position":1,"name":"Portada","item":"https:\/\/ccanecblau.valordeley.es\/ca\/"},{"@type":"ListItem","position":2,"name":"Pol\u00edtica de privacitat"}]},{"@type":"WebSite","@id":"https:\/\/ccanecblau.valordeley.es\/ca\/#website","url":"https:\/\/ccanecblau.valordeley.es\/ca\/","name":"Centro Comercial \u00c0necblau","description":"Centro Comercial | \u00c0necblau","publisher":{"@id":"https:\/\/ccanecblau.valordeley.es\/ca\/#organization"},"potentialAction":[{"@type":"SearchAction","target":{"@type":"EntryPoint","urlTemplate":"https:\/\/ccanecblau.valordeley.es\/ca\/?s={search_term_string}"},"query-input":{"@type":"PropertyValueSpecification","valueRequired":true,"valueName":"search_term_string"}}],"inLanguage":"ca-ES"},{"@type":"Organization","@id":"https:\/\/ccanecblau.valordeley.es\/ca\/#organization","name":"Anecblau","alternateName":"Centro Comercial | \u00c0necblau","url":"https:\/\/ccanecblau.valordeley.es\/ca\/","logo":{"@type":"ImageObject","inLanguage":"ca-ES","@id":"https:\/\/ccanecblau.valordeley.es\/ca\/#\/schema\/logo\/image\/","url":"https:\/\/ccanecblau.valordeley.es\/wp-content\/uploads\/2021\/04\/anecblau-logo-diciembrecolor.svg","contentUrl":"https:\/\/ccanecblau.valordeley.es\/wp-content\/uploads\/2021\/04\/anecblau-logo-diciembrecolor.svg","width":1,"height":1,"caption":"Anecblau"},"image":{"@id":"https:\/\/ccanecblau.valordeley.es\/ca\/#\/schema\/logo\/image\/"}}]}},"publishpress_future_action":{"enabled":false,"date":"2026-04-25 16:13:32","action":"change-status","newStatus":"draft","terms":[],"taxonomy":"translation_priority"},"publishpress_future_workflow_manual_trigger":{"enabledWorkflows":[]},"_links":{"self":[{"href":"https:\/\/ccanecblau.valordeley.es\/ca\/wp-json\/wp\/v2\/pages\/84675","targetHints":{"allow":["GET"]}}],"collection":[{"href":"https:\/\/ccanecblau.valordeley.es\/ca\/wp-json\/wp\/v2\/pages"}],"about":[{"href":"https:\/\/ccanecblau.valordeley.es\/ca\/wp-json\/wp\/v2\/types\/page"}],"author":[{"embeddable":true,"href":"https:\/\/ccanecblau.valordeley.es\/ca\/wp-json\/wp\/v2\/users\/6"}],"replies":[{"embeddable":true,"href":"https:\/\/ccanecblau.valordeley.es\/ca\/wp-json\/wp\/v2\/comments?post=84675"}],"version-history":[{"count":5,"href":"https:\/\/ccanecblau.valordeley.es\/ca\/wp-json\/wp\/v2\/pages\/84675\/revisions"}],"predecessor-version":[{"id":84683,"href":"https:\/\/ccanecblau.valordeley.es\/ca\/wp-json\/wp\/v2\/pages\/84675\/revisions\/84683"}],"wp:attachment":[{"href":"https:\/\/ccanecblau.valordeley.es\/ca\/wp-json\/wp\/v2\/media?parent=84675"}],"curies":[{"name":"wp","href":"https:\/\/api.w.org\/{rel}","templated":true}]}}