{"id":84664,"date":"2025-09-09T09:15:33","date_gmt":"2025-09-09T07:15:33","guid":{"rendered":"https:\/\/ccanecblau.valordeley.es\/?page_id=84664"},"modified":"2025-09-09T09:16:20","modified_gmt":"2025-09-09T07:16:20","slug":"politica-de-cookies","status":"publish","type":"page","link":"https:\/\/ccanecblau.valordeley.es\/ca\/politica-de-cookies\/","title":{"rendered":"Pol\u00edtica de cookies"},"content":{"rendered":"\t\t<div data-elementor-type=\"wp-page\" data-elementor-id=\"84664\" class=\"elementor elementor-84664 elementor-80087\">\n\t\t\t\t\t\t<section class=\"elementor-section elementor-top-section elementor-element elementor-element-4f7d8c5 elementor-section-height-min-height elementor-hidden-mobile elementor-hidden-tablet elementor-section-boxed elementor-section-height-default elementor-section-items-middle\" data-id=\"4f7d8c5\" data-element_type=\"section\" data-settings=\"{&quot;background_background&quot;:&quot;classic&quot;}\">\n\t\t\t\t\t\t<div class=\"elementor-container elementor-column-gap-default\">\n\t\t\t\t\t<div class=\" elementor-column elementor-col-100 elementor-top-column elementor-element elementor-element-3951202\" data-fullscreen-column-settings=\"{&quot;fullscreen&quot;:&quot;&quot;}\" data-id=\"3951202\" data-element_type=\"column\">\n\t\t\t<div class=\"elementor-widget-wrap\">\n\t\t\t\t\t\t\t<\/div>\n\t\t<\/div>\n\t\t\t\t\t<\/div>\n\t\t<\/section>\n\t\t<div class=\"elementor-element elementor-element-a9f7abd e-flex e-con-boxed e-con e-parent\" data-id=\"a9f7abd\" data-element_type=\"container\" data-settings=\"{&quot;background_background&quot;:&quot;classic&quot;}\">\n\t\t\t\t\t<div class=\"e-con-inner\">\n\t\t<div class=\"elementor-element elementor-element-ed20f10 e-con-full e-flex e-con e-child\" data-id=\"ed20f10\" data-element_type=\"container\">\n\t\t\t\t<div class=\"elementor-element elementor-element-06c9c48 elementor-widget elementor-widget-heading\" data-id=\"06c9c48\" data-element_type=\"widget\" data-widget_type=\"heading.default\">\n\t\t\t\t<div class=\"elementor-widget-container\">\n\t\t\t\t\t<h1 class=\"elementor-heading-title elementor-size-default\">POL\u00cdTICA DE COOKIES<\/h1>\t\t\t\t<\/div>\n\t\t\t\t<\/div>\n\t\t\t\t<\/div>\n\t\t\t\t\t<\/div>\n\t\t\t\t<\/div>\n\t\t<div class=\"elementor-element elementor-element-97479b0 e-flex e-con-boxed e-con e-parent\" data-id=\"97479b0\" data-element_type=\"container\" data-settings=\"{&quot;background_background&quot;:&quot;classic&quot;}\">\n\t\t\t\t\t<div class=\"e-con-inner\">\n\t\t<div class=\"elementor-element elementor-element-e765eda e-con-full e-flex e-con e-child\" data-id=\"e765eda\" data-element_type=\"container\">\n\t\t\t\t<div class=\"elementor-element elementor-element-e9a124a elementor-widget elementor-widget-text-editor\" data-id=\"e9a124a\" data-element_type=\"widget\" data-widget_type=\"text-editor.default\">\n\t\t\t\t<div class=\"elementor-widget-container\">\n\t\t\t\t\t\t\t\t\t<p><strong>Que s\u00f3n les Cookies?<\/strong><\/p><p>Una cookie \u00e9s un fitxer que es descarrega al teu ordinador a l&#8217;accedir a determinades p\u00e0gines web. Les cookies permeten a una p\u00e0gina web, entre altres coses, emmagatzemar i recuperar informaci\u00f3 sobre els h\u00e0bits de navegaci\u00f3 d&#8217;un usuari o del seu equip, gestionar l&#8217;acc\u00e9s d&#8217;usuaris a zones restringides del web &#8230; etc.<\/p><p><strong>Qu\u00e8 cookies s&#8217;utilitzen al web de <\/strong><strong>Comunidad de Propietarios del C.C. ANECBLAU?<\/strong><br \/>1. Cookies necess\u00e0ries<\/p><table><tbody><tr><td width=\"174\">COOKIE<\/td><td width=\"93\">TIPUS<\/td><td width=\"80\">DURADA<\/td><td width=\"200\">DESCRIPCI\u00d3<\/td><\/tr><tr><td width=\"174\">moove_gdpr_popup<\/td><td>T\u00e8cniques<\/td><td>Sessi\u00f3<\/td><td>Cookie pr\u00f2pia. T\u00e9 la funci\u00f3 d&#8217;acceptaci\u00f3 de cookies en llocs web i s&#8217;utilitza per guardar la configuraci\u00f3 de cookies de l&#8217;usuari<\/td><\/tr><tr><td width=\"174\">wordfence_verifiedHuman<\/td><td>Seguretat<\/td><td>24 hores<\/td><td>Cookie pr\u00f2pia. T\u00e9 la funci\u00f3 de verificar si l&#8217;usuari \u00e9s hum\u00e0. La cookie (wordpress) s&#8217;utilitza per oferir seguretat a l&#8217;navegar a la p\u00e0gina web i protegir contra atacs maliciosos.<\/td><\/tr><\/tbody><\/table><p>\u00a0<\/p><p>2. Cookies anal\u00edtiques i de publicitat comportamental (Google).<\/p><table><tbody><tr><td width=\"94\">COOKIE<\/td><td width=\"85\">TIPUS<\/td><td width=\"85\">DURADA<\/td><td width=\"283\">DESCRIPCI\u00d3<\/td><\/tr><tr><td width=\"94\">_gat_UA-3982807-1<\/td><td width=\"85\">Anal\u00edtiques<\/td><td width=\"85\">24 hores<\/td><td width=\"283\">Cookies de tercers. Seguiment Google Analytics. La cookie s&#8217;utilitza per regular la taxa de sol\u00b7licitud. Limita la recopilaci\u00f3 de dades en llocs d&#8217;alt tr\u00e0nsit o temps d&#8217;\u00fas bec. Caduca als 10 minuts i no recopila dades<\/td><\/tr><tr><td width=\"94\">_gid<\/td><td width=\"85\">Anal\u00edtiques<\/td><td width=\"85\">24 hores<\/td><td width=\"283\">Cookies de tercers. Google Inc La cookie s&#8217;utilitza per emmagatzemar informaci\u00f3 sobre l&#8217;\u00fas que fan els visitants d&#8217;un lloc web i ajuda a crear un informe anal\u00edtic sobre el funcionament del lloc web.<\/td><\/tr><tr><td width=\"94\">_ga<\/td><td width=\"85\">Anal\u00edtiques<\/td><td width=\"85\">2 anys<\/td><td width=\"283\">Cookies de tercers. Google Inc La cookie s&#8217;utilitza per calcular les dades dels visitants, de la sessi\u00f3 i de la campanya i per fer un seguiment de l&#8217;\u00fas de el lloc per a l&#8217;informe d&#8217;an\u00e0lisi de el lloc. Les cookies emmagatzemen la informaci\u00f3 de forma an\u00f2nima i assignen un nombre generat aleat\u00f2riament per identificar els visitants \u00fanics.<\/td><\/tr><\/tbody><\/table><p>\u00a0<\/p><p>3. Cookies anal\u00edtiques i publicit\u00e0ries (Facebook)<\/p><table><tbody><tr><td width=\"139\">COOKIE<\/td><td width=\"85\">TIPUS<\/td><td width=\"86\">DURADA<\/td><td width=\"229\">DESCRIPCI\u00d3<\/td><\/tr><tr><td width=\"139\">_fbp<\/td><td width=\"85\">Anal\u00edtiques<\/td><td>\u00a03 mesos<\/td><td>Cookies de tercers. Facebook. Utilitzat per Facebook per oferir una s\u00e8rie de productes publicitaris, com ofertes en temps real d&#8217;anunciants extern. S&#8217;utilitza per Identificar els navegadors per proporcionar serveis publicitaris i d&#8217;an\u00e0lisi de llocs web.<\/td><\/tr><\/tbody><\/table><p>\u00a0<\/p><p><strong>Per qu\u00e8 podem usar les cookies? <\/strong><\/p><p>COOKIES NECESS\u00c0RIES: Aquestes cookies es troben fora de l&#8217;\u00e0mbit d&#8217;aplicaci\u00f3 de la normativa de protecci\u00f3 de dades i l&#8217;usuari no t\u00e9 l&#8217;opci\u00f3 d&#8217;consentir sobre l&#8217;\u00fas de les mateixes.<\/p><p>RESTA DE COOKIES: podem usar la resta de cookies perqu\u00e8 ens ha donat el seu consentiment.<\/p><p><strong>Tindr\u00e0 la possibilitat de retirar el consentiment? <\/strong><\/p><p style=\"text-align: justify;\">Tindr\u00e0 la possibilitat i el dret de retirar el seu consentiment, a trav\u00e9s del panell de prefer\u00e8ncies de l&#8217;banner inferior de la web.<\/p><p><strong>Com puc desactivar o eliminar les cookies?<\/strong><\/p><p>Pot permetre, bloquejar o eliminar les cookies instal\u00b7lades en el seu equip mitjan\u00e7ant la configuraci\u00f3 de les opcions de el navegador en el vostre ordinador. En els seg\u00fcents enlla\u00e7os trobareu informaci\u00f3 addicional sobre les opcions de configuraci\u00f3 de les cookies en els diferents navegadors.<\/p><p>Internet Explorer:\u00a0<a href=\"http:\/\/windows.microsoft.com\/es-es\/windows7\/how-to-manage-cookies-in-internet-explorer-9\" target=\"_blank\" rel=\"nofollow noopener noreferrer\">http:\/\/windows.microsoft.com\/es-es\/windows7\/how-to-manage-cookies-in-internet-explorer-9<\/a><\/p><p>Google Chrome:\u00a0<a href=\"http:\/\/support.google.com\/chrome\/bin\/answer.py?hl=es&amp;answer=95647\" target=\"_blank\" rel=\"nofollow noopener noreferrer\">http:\/\/support.google.com\/chrome\/bin\/answer.py?hl=es&amp;answer=95647<\/a><\/p><p>Firefox:\u00a0<a href=\"http:\/\/support.mozilla.org\/es\/kb\/habilitar-y-deshabilitar-cookies-que-los-sitios-we\" target=\"_blank\" rel=\"nofollow noopener noreferrer\">http:\/\/support.mozilla.org\/es\/kb\/habilitar-y-deshabilitar-cookies-que-los-sitios-we<\/a><\/p><p>Safari:\u00a0<a href=\"http:\/\/support.apple.com\/kb\/ph5042\" target=\"_blank\" rel=\"nofollow noopener noreferrer\">http:\/\/support.apple.com\/kb\/ph5042<\/a><\/p><p><strong>Existeix transfer\u00e8ncia internacional de dades?<\/strong><\/p><p>Les cookies de tercers poden estar emmagatzemades en servidors situats fora de l&#8217;Espai Econ\u00f2mic Europeu. Podeu obtenir m\u00e9s informaci\u00f3 sobre aquestes cookies a trav\u00e9s dels seg\u00fcents enlla\u00e7os: <a href=\"https:\/\/policies.google.com\/technologies\/cookies?hl=es\" target=\"_blank\" rel=\"nofollow noopener noreferrer\">Google<\/a>\u00a0i\u00a0 <a href=\"https:\/\/es-es.facebook.com\/policies\/cookies\/\" target=\"_blank\" rel=\"nofollow noopener noreferrer\">Facebook<\/a>.<\/p><p><strong>M\u00e9s informaci\u00f3 relativa a l&#8217;tractament de les seves dades:<\/strong><\/p><p>Per obtenir m\u00e9s informaci\u00f3 sobre qui \u00e9s el responsable de l&#8217;tractament de les seves dades, sobre els seus drets i sobre la forma en la qual pot exercitar podr\u00e0 fer-ho mitjan\u00e7ant l&#8217;apartat de <a href=\"https:\/\/www.anecblau.com\/ca\/condicions-dus-i-politica-privacitat\/\" target=\"_blank\" rel=\"nofollow noopener noreferrer\">Pol\u00edtica de Privacitat<\/a>.<\/p>\t\t\t\t\t\t\t\t<\/div>\n\t\t\t\t<\/div>\n\t\t\t\t<\/div>\n\t\t\t\t\t<\/div>\n\t\t\t\t<\/div>\n\t\t\t\t<\/div>\n\t\t","protected":false},"excerpt":{"rendered":"<p>POL\u00cdTICA DE COOKIES Que s\u00f3n les Cookies? Una cookie \u00e9s un fitxer que es descarrega al teu ordinador a l&#8217;accedir a determinades p\u00e0gines web. Les cookies permeten a una p\u00e0gina web, entre altres coses, emmagatzemar i recuperar informaci\u00f3 sobre els h\u00e0bits de navegaci\u00f3 d&#8217;un usuari o del seu equip, gestionar l&#8217;acc\u00e9s d&#8217;usuaris a zones restringides [&hellip;]<\/p>\n","protected":false},"author":6,"featured_media":0,"parent":0,"menu_order":0,"comment_status":"closed","ping_status":"closed","template":"","meta":{"footnotes":""},"class_list":["post-84664","page","type-page","status-publish","hentry"],"yoast_head":"<!-- This site is optimized with the Yoast SEO plugin v25.4 - https:\/\/yoast.com\/wordpress\/plugins\/seo\/ -->\n<title>Pol\u00edtica de cookies | Centro Comercial \u00c0necblau<\/title>\n<meta name=\"description\" content=\"POL\u00cdTICA DE COOKIES Que s\u00f3n les Cookies?Una cookie \u00e9s un fitxer que es descarrega al teu ordinador a l&#039;accedir a determinades p\u00e0gines web. Les cookies\" \/>\n<meta name=\"robots\" content=\"noindex, follow\" \/>\n<meta property=\"og:locale\" content=\"ca_ES\" \/>\n<meta property=\"og:type\" content=\"article\" \/>\n<meta property=\"og:title\" content=\"Pol\u00edtica de cookies | Centro Comercial \u00c0necblau\" \/>\n<meta property=\"og:description\" content=\"POL\u00cdTICA DE COOKIES Que s\u00f3n les Cookies?Una cookie \u00e9s un fitxer que es descarrega al teu ordinador a l&#039;accedir a determinades p\u00e0gines web. Les cookies\" \/>\n<meta property=\"og:url\" content=\"https:\/\/ccanecblau.valordeley.es\/ca\/politica-de-cookies\/\" \/>\n<meta property=\"og:site_name\" content=\"Centro Comercial \u00c0necblau\" \/>\n<meta property=\"article:modified_time\" content=\"2025-09-09T07:16:20+00:00\" \/>\n<meta name=\"twitter:card\" content=\"summary_large_image\" \/>\n<meta name=\"twitter:label1\" content=\"Est. reading time\" \/>\n\t<meta name=\"twitter:data1\" content=\"4 minutes\" \/>\n<script type=\"application\/ld+json\" class=\"yoast-schema-graph\">{\"@context\":\"https:\/\/schema.org\",\"@graph\":[{\"@type\":\"WebPage\",\"@id\":\"https:\/\/ccanecblau.valordeley.es\/ca\/politica-de-cookies\/\",\"url\":\"https:\/\/ccanecblau.valordeley.es\/ca\/politica-de-cookies\/\",\"name\":\"Pol\u00edtica de cookies | Centro Comercial \u00c0necblau\",\"isPartOf\":{\"@id\":\"https:\/\/ccanecblau.valordeley.es\/ca\/#website\"},\"datePublished\":\"2025-09-09T07:15:33+00:00\",\"dateModified\":\"2025-09-09T07:16:20+00:00\",\"description\":\"POL\u00cdTICA DE COOKIES Que s\u00f3n les Cookies?Una cookie \u00e9s un fitxer que es descarrega al teu ordinador a l'accedir a determinades p\u00e0gines web. Les cookies\",\"breadcrumb\":{\"@id\":\"https:\/\/ccanecblau.valordeley.es\/ca\/politica-de-cookies\/#breadcrumb\"},\"inLanguage\":\"ca-ES\",\"potentialAction\":[{\"@type\":\"ReadAction\",\"target\":[\"https:\/\/ccanecblau.valordeley.es\/ca\/politica-de-cookies\/\"]}]},{\"@type\":\"BreadcrumbList\",\"@id\":\"https:\/\/ccanecblau.valordeley.es\/ca\/politica-de-cookies\/#breadcrumb\",\"itemListElement\":[{\"@type\":\"ListItem\",\"position\":1,\"name\":\"Portada\",\"item\":\"https:\/\/ccanecblau.valordeley.es\/ca\/\"},{\"@type\":\"ListItem\",\"position\":2,\"name\":\"Pol\u00edtica de cookies\"}]},{\"@type\":\"WebSite\",\"@id\":\"https:\/\/ccanecblau.valordeley.es\/ca\/#website\",\"url\":\"https:\/\/ccanecblau.valordeley.es\/ca\/\",\"name\":\"Centro Comercial \u00c0necblau\",\"description\":\"Centro Comercial | \u00c0necblau\",\"publisher\":{\"@id\":\"https:\/\/ccanecblau.valordeley.es\/ca\/#organization\"},\"potentialAction\":[{\"@type\":\"SearchAction\",\"target\":{\"@type\":\"EntryPoint\",\"urlTemplate\":\"https:\/\/ccanecblau.valordeley.es\/ca\/?s={search_term_string}\"},\"query-input\":{\"@type\":\"PropertyValueSpecification\",\"valueRequired\":true,\"valueName\":\"search_term_string\"}}],\"inLanguage\":\"ca-ES\"},{\"@type\":\"Organization\",\"@id\":\"https:\/\/ccanecblau.valordeley.es\/ca\/#organization\",\"name\":\"Anecblau\",\"alternateName\":\"Centro Comercial | \u00c0necblau\",\"url\":\"https:\/\/ccanecblau.valordeley.es\/ca\/\",\"logo\":{\"@type\":\"ImageObject\",\"inLanguage\":\"ca-ES\",\"@id\":\"https:\/\/ccanecblau.valordeley.es\/ca\/#\/schema\/logo\/image\/\",\"url\":\"https:\/\/ccanecblau.valordeley.es\/wp-content\/uploads\/2021\/04\/anecblau-logo-diciembrecolor.svg\",\"contentUrl\":\"https:\/\/ccanecblau.valordeley.es\/wp-content\/uploads\/2021\/04\/anecblau-logo-diciembrecolor.svg\",\"width\":1,\"height\":1,\"caption\":\"Anecblau\"},\"image\":{\"@id\":\"https:\/\/ccanecblau.valordeley.es\/ca\/#\/schema\/logo\/image\/\"}}]}<\/script>\n<!-- \/ Yoast SEO plugin. -->","yoast_head_json":{"title":"Pol\u00edtica de cookies | Centro Comercial \u00c0necblau","description":"POL\u00cdTICA DE COOKIES Que s\u00f3n les Cookies?Una cookie \u00e9s un fitxer que es descarrega al teu ordinador a l'accedir a determinades p\u00e0gines web. Les cookies","robots":{"index":"noindex","follow":"follow"},"og_locale":"ca_ES","og_type":"article","og_title":"Pol\u00edtica de cookies | Centro Comercial \u00c0necblau","og_description":"POL\u00cdTICA DE COOKIES Que s\u00f3n les Cookies?Una cookie \u00e9s un fitxer que es descarrega al teu ordinador a l'accedir a determinades p\u00e0gines web. Les cookies","og_url":"https:\/\/ccanecblau.valordeley.es\/ca\/politica-de-cookies\/","og_site_name":"Centro Comercial \u00c0necblau","article_modified_time":"2025-09-09T07:16:20+00:00","twitter_card":"summary_large_image","twitter_misc":{"Est. reading time":"4 minutes"},"schema":{"@context":"https:\/\/schema.org","@graph":[{"@type":"WebPage","@id":"https:\/\/ccanecblau.valordeley.es\/ca\/politica-de-cookies\/","url":"https:\/\/ccanecblau.valordeley.es\/ca\/politica-de-cookies\/","name":"Pol\u00edtica de cookies | Centro Comercial \u00c0necblau","isPartOf":{"@id":"https:\/\/ccanecblau.valordeley.es\/ca\/#website"},"datePublished":"2025-09-09T07:15:33+00:00","dateModified":"2025-09-09T07:16:20+00:00","description":"POL\u00cdTICA DE COOKIES Que s\u00f3n les Cookies?Una cookie \u00e9s un fitxer que es descarrega al teu ordinador a l'accedir a determinades p\u00e0gines web. Les cookies","breadcrumb":{"@id":"https:\/\/ccanecblau.valordeley.es\/ca\/politica-de-cookies\/#breadcrumb"},"inLanguage":"ca-ES","potentialAction":[{"@type":"ReadAction","target":["https:\/\/ccanecblau.valordeley.es\/ca\/politica-de-cookies\/"]}]},{"@type":"BreadcrumbList","@id":"https:\/\/ccanecblau.valordeley.es\/ca\/politica-de-cookies\/#breadcrumb","itemListElement":[{"@type":"ListItem","position":1,"name":"Portada","item":"https:\/\/ccanecblau.valordeley.es\/ca\/"},{"@type":"ListItem","position":2,"name":"Pol\u00edtica de cookies"}]},{"@type":"WebSite","@id":"https:\/\/ccanecblau.valordeley.es\/ca\/#website","url":"https:\/\/ccanecblau.valordeley.es\/ca\/","name":"Centro Comercial \u00c0necblau","description":"Centro Comercial | \u00c0necblau","publisher":{"@id":"https:\/\/ccanecblau.valordeley.es\/ca\/#organization"},"potentialAction":[{"@type":"SearchAction","target":{"@type":"EntryPoint","urlTemplate":"https:\/\/ccanecblau.valordeley.es\/ca\/?s={search_term_string}"},"query-input":{"@type":"PropertyValueSpecification","valueRequired":true,"valueName":"search_term_string"}}],"inLanguage":"ca-ES"},{"@type":"Organization","@id":"https:\/\/ccanecblau.valordeley.es\/ca\/#organization","name":"Anecblau","alternateName":"Centro Comercial | \u00c0necblau","url":"https:\/\/ccanecblau.valordeley.es\/ca\/","logo":{"@type":"ImageObject","inLanguage":"ca-ES","@id":"https:\/\/ccanecblau.valordeley.es\/ca\/#\/schema\/logo\/image\/","url":"https:\/\/ccanecblau.valordeley.es\/wp-content\/uploads\/2021\/04\/anecblau-logo-diciembrecolor.svg","contentUrl":"https:\/\/ccanecblau.valordeley.es\/wp-content\/uploads\/2021\/04\/anecblau-logo-diciembrecolor.svg","width":1,"height":1,"caption":"Anecblau"},"image":{"@id":"https:\/\/ccanecblau.valordeley.es\/ca\/#\/schema\/logo\/image\/"}}]}},"publishpress_future_action":{"enabled":false,"date":"2026-04-25 16:13:32","action":"change-status","newStatus":"draft","terms":[],"taxonomy":"translation_priority"},"publishpress_future_workflow_manual_trigger":{"enabledWorkflows":[]},"_links":{"self":[{"href":"https:\/\/ccanecblau.valordeley.es\/ca\/wp-json\/wp\/v2\/pages\/84664","targetHints":{"allow":["GET"]}}],"collection":[{"href":"https:\/\/ccanecblau.valordeley.es\/ca\/wp-json\/wp\/v2\/pages"}],"about":[{"href":"https:\/\/ccanecblau.valordeley.es\/ca\/wp-json\/wp\/v2\/types\/page"}],"author":[{"embeddable":true,"href":"https:\/\/ccanecblau.valordeley.es\/ca\/wp-json\/wp\/v2\/users\/6"}],"replies":[{"embeddable":true,"href":"https:\/\/ccanecblau.valordeley.es\/ca\/wp-json\/wp\/v2\/comments?post=84664"}],"version-history":[{"count":4,"href":"https:\/\/ccanecblau.valordeley.es\/ca\/wp-json\/wp\/v2\/pages\/84664\/revisions"}],"predecessor-version":[{"id":84671,"href":"https:\/\/ccanecblau.valordeley.es\/ca\/wp-json\/wp\/v2\/pages\/84664\/revisions\/84671"}],"wp:attachment":[{"href":"https:\/\/ccanecblau.valordeley.es\/ca\/wp-json\/wp\/v2\/media?parent=84664"}],"curies":[{"name":"wp","href":"https:\/\/api.w.org\/{rel}","templated":true}]}}