{"id":84292,"date":"2025-09-04T11:00:22","date_gmt":"2025-09-04T09:00:22","guid":{"rendered":"https:\/\/ccanecblau.valordeley.es\/?page_id=84292"},"modified":"2025-10-06T18:08:02","modified_gmt":"2025-10-06T16:08:02","slug":"com-arribar","status":"publish","type":"page","link":"https:\/\/ccanecblau.valordeley.es\/ca\/com-arribar\/","title":{"rendered":"Com arribar"},"content":{"rendered":"\t\t<div data-elementor-type=\"wp-page\" data-elementor-id=\"84292\" class=\"elementor elementor-84292 elementor-78963\">\n\t\t\t\t\t\t<section class=\"elementor-section elementor-top-section elementor-element elementor-element-cd655c2 elementor-section-height-min-height elementor-hidden-mobile elementor-hidden-tablet elementor-section-boxed elementor-section-height-default elementor-section-items-middle\" data-id=\"cd655c2\" data-element_type=\"section\" data-settings=\"{&quot;background_background&quot;:&quot;classic&quot;}\">\n\t\t\t\t\t\t<div class=\"elementor-container elementor-column-gap-default\">\n\t\t\t\t\t<div class=\" elementor-column elementor-col-100 elementor-top-column elementor-element elementor-element-2a13eaf\" data-fullscreen-column-settings=\"{&quot;fullscreen&quot;:&quot;&quot;}\" data-id=\"2a13eaf\" data-element_type=\"column\">\n\t\t\t<div class=\"elementor-widget-wrap\">\n\t\t\t\t\t\t\t<\/div>\n\t\t<\/div>\n\t\t\t\t\t<\/div>\n\t\t<\/section>\n\t\t<div class=\"elementor-element elementor-element-ba33a2f e-flex e-con-boxed e-con e-parent\" data-id=\"ba33a2f\" data-element_type=\"container\" data-settings=\"{&quot;background_background&quot;:&quot;classic&quot;}\">\n\t\t\t\t\t<div class=\"e-con-inner\">\n\t\t<div class=\"elementor-element elementor-element-0ae6a63 e-con-full e-flex e-con e-child\" data-id=\"0ae6a63\" data-element_type=\"container\">\n\t\t\t\t<div class=\"elementor-element elementor-element-6009cfa elementor-widget elementor-widget-heading\" data-id=\"6009cfa\" data-element_type=\"widget\" data-widget_type=\"heading.default\">\n\t\t\t\t<div class=\"elementor-widget-container\">\n\t\t\t\t\t<h1 class=\"elementor-heading-title elementor-size-default\">Com arribar<\/h1>\t\t\t\t<\/div>\n\t\t\t\t<\/div>\n\t\t\t\t<\/div>\n\t\t\t\t\t<\/div>\n\t\t\t\t<\/div>\n\t\t\t\t<section class=\"elementor-section elementor-top-section elementor-element elementor-element-ebc91fd elementor-section-boxed elementor-section-height-default elementor-section-height-default\" data-id=\"ebc91fd\" data-element_type=\"section\">\n\t\t\t\t\t\t<div class=\"elementor-container elementor-column-gap-default\">\n\t\t\t\t\t<div class=\" elementor-column elementor-col-100 elementor-top-column elementor-element elementor-element-712fa57\" data-fullscreen-column-settings=\"{&quot;fullscreen&quot;:&quot;&quot;}\" data-id=\"712fa57\" data-element_type=\"column\">\n\t\t\t<div class=\"elementor-widget-wrap elementor-element-populated\">\n\t\t\t\t\t\t<div class=\"elementor-element elementor-element-c34ac78 elementor-widget elementor-widget-google_maps\" data-id=\"c34ac78\" data-element_type=\"widget\" data-widget_type=\"google_maps.default\">\n\t\t\t\t<div class=\"elementor-widget-container\">\n\t\t\t\t\t\t\t<div class=\"elementor-custom-embed\">\n\t\t\t<iframe loading=\"lazy\"\n\t\t\t\t\tsrc=\"https:\/\/maps.google.com\/maps?q=Centre%20Comercial%20%C3%A0necblau&#038;t=m&#038;z=16&#038;output=embed&#038;iwloc=near\"\n\t\t\t\t\ttitle=\"Centre Comercial \u00e0necblau\"\n\t\t\t\t\taria-label=\"Centre Comercial \u00e0necblau\"\n\t\t\t><\/iframe>\n\t\t<\/div>\n\t\t\t\t\t\t<\/div>\n\t\t\t\t<\/div>\n\t\t\t\t\t<\/div>\n\t\t<\/div>\n\t\t\t\t\t<\/div>\n\t\t<\/section>\n\t\t\t\t<section class=\"elementor-section elementor-top-section elementor-element elementor-element-5dcf25d elementor-section-boxed elementor-section-height-default elementor-section-height-default\" data-id=\"5dcf25d\" data-element_type=\"section\">\n\t\t\t\t\t\t<div class=\"elementor-container elementor-column-gap-default\">\n\t\t\t\t\t<div class=\" elementor-column elementor-col-100 elementor-top-column elementor-element elementor-element-e6a2e6f\" data-fullscreen-column-settings=\"{&quot;fullscreen&quot;:&quot;&quot;}\" data-id=\"e6a2e6f\" data-element_type=\"column\">\n\t\t\t<div class=\"elementor-widget-wrap elementor-element-populated\">\n\t\t\t\t\t\t<div class=\"elementor-element elementor-element-a72c3d2 elementor-widget elementor-widget-text-editor\" data-id=\"a72c3d2\" data-element_type=\"widget\" data-widget_type=\"text-editor.default\">\n\t\t\t\t<div class=\"elementor-widget-container\">\n\t\t\t\t\t\t\t\t\t<p>El Centre Comercial \u00c0necblau es troba en una ubicaci\u00f3 privilegiada a Castelldefels, a l&#8217;Avinguda del Canal Ol\u00edmpic, 24, a 20 minuts de Barcelona. El seu f\u00e0cil acc\u00e9s des de les principals vies i la connexi\u00f3 amb la xarxa de transport p\u00fablic el converteixen en una destinaci\u00f3 ideal per a un dia de compres i lleure.<\/p>\t\t\t\t\t\t\t\t<\/div>\n\t\t\t\t<\/div>\n\t\t\t\t\t<\/div>\n\t\t<\/div>\n\t\t\t\t\t<\/div>\n\t\t<\/section>\n\t\t\t\t<section class=\"elementor-section elementor-top-section elementor-element elementor-element-1f7b60c elementor-section-boxed elementor-section-height-default elementor-section-height-default\" data-id=\"1f7b60c\" data-element_type=\"section\">\n\t\t\t\t\t\t<div class=\"elementor-container elementor-column-gap-default\">\n\t\t\t\t\t<div class=\" elementor-column elementor-col-33 elementor-top-column elementor-element elementor-element-e109e0b\" data-fullscreen-column-settings=\"{&quot;fullscreen&quot;:&quot;&quot;}\" data-id=\"e109e0b\" data-element_type=\"column\">\n\t\t\t<div class=\"elementor-widget-wrap elementor-element-populated\">\n\t\t\t\t\t\t<div class=\"elementor-element elementor-element-1b4fc51 elementor-widget elementor-widget-text-editor\" data-id=\"1b4fc51\" data-element_type=\"widget\" data-widget_type=\"text-editor.default\">\n\t\t\t\t<div class=\"elementor-widget-container\">\n\t\t\t\t\t\t\t\t\t<div class=\"wpb_text_column wpb_content_element vc_custom_1556181120117 \"><div id=\"ct_exghjlmvzs9ezr6ym8ps\" class=\"wpb_wrapper\"><h5><i class=\"fa fa-car\"><\/i> COTXE<\/h5><\/div><\/div><div class=\"wpb_text_column wpb_content_element \"><div id=\"ct_udl8ovbjv6ws3smakqjr\" class=\"wpb_wrapper\"><p>Arribar a \u00c0necblau en cotxe \u00e9s r\u00e0pid i c\u00f2mode. El centre comercial disposa d\u2019un ampli aparcament gratu\u00eft, amb places subterr\u00e0nies que inclouen estacions de c\u00e0rrega per a vehicles el\u00e8ctrics a la planta -1<\/p><ul><li>Des de l\u2019Autovia C-32: Pren la sortida 46 i segueix les indicacions cap al centre comercial.<\/li><li>Des de l\u2019Autovia C-31: Utilitza la sortida &#8220;Canal Ol\u00edmpic&#8221; per accedir directament a la zona.<\/li><li>Des de Sitges: agafa la carretera C-32 direcci\u00f3 Barcelona. Agafa la sortida 46 des de C-32, segueix per Av. del Canal Ol\u00edmpic i condueix cap a Passeig del Ferrocarril.<\/li><\/ul><\/div><\/div><div class=\"wpb_text_column wpb_content_element \"><div id=\"ct_1xuf4thd6kp1gm9zk6up\" class=\"wpb_wrapper\">\u00a0<\/div><\/div>\t\t\t\t\t\t\t\t<\/div>\n\t\t\t\t<\/div>\n\t\t\t\t\t<\/div>\n\t\t<\/div>\n\t\t\t\t<div class=\" elementor-column elementor-col-33 elementor-top-column elementor-element elementor-element-efaa049\" data-fullscreen-column-settings=\"{&quot;fullscreen&quot;:&quot;&quot;}\" data-id=\"efaa049\" data-element_type=\"column\">\n\t\t\t<div class=\"elementor-widget-wrap elementor-element-populated\">\n\t\t\t\t\t\t<div class=\"elementor-element elementor-element-a5db47f elementor-widget elementor-widget-text-editor\" data-id=\"a5db47f\" data-element_type=\"widget\" data-widget_type=\"text-editor.default\">\n\t\t\t\t<div class=\"elementor-widget-container\">\n\t\t\t\t\t\t\t\t\t<div class=\"wpb_text_column wpb_content_element vc_custom_1583397247320 \"><div id=\"ct_kpla2yydwhotelzqkq64\" class=\"wpb_wrapper\"><h5><i class=\"fa fa-taxi\"><br \/><\/i> EN TREN<\/h5><\/div><\/div><div class=\"wpb_text_column wpb_content_element \"><div id=\"ct_eimsevxpq7ej6ws59oj2\" class=\"wpb_wrapper\"><p>Si prefereixes el tren, \u00c0necblau \u00e9s f\u00e0cilment accessible a trav\u00e9s de la xarxa de Rodalies de Catalunya.<\/p><p><a href=\"http:\/\/rodalies.gencat.cat\/es\/linies_estacions_i_trens\/index.html?linia=r2\">L\u00ednia R2 de Rodalies<\/a>: La parada m\u00e9s propera \u00e9s &#8220;Castelldefels&#8221;. L\u2019estaci\u00f3 es troba a pocs minuts del centre comercial, permetent arribar-hi c\u00f2modament a peu o connectar amb altres opcions de transport local.<\/p><p>Des de Sitges: Agafar la l\u00ednia R2 Sud direcci\u00f3 Castelldefels.<\/p><\/div><\/div><div class=\"wpb_text_column wpb_content_element vc_custom_1583397247320 \"><div id=\"ct_kpla2yydwhotelzqkq64\" class=\"wpb_wrapper\"><h5><i class=\"fa fa-taxi\"><br \/><\/i> TAXI<\/h5><\/div><\/div><div class=\"wpb_text_column wpb_content_element \"><div id=\"ct_eimsevxpq7ej6ws59oj2\" class=\"wpb_wrapper\"><p>Als voltants del centre comercial trobar\u00e0s parades de taxi per a m\u00e9s comoditat. Hi ha una parada situada davant del centre comercial, a les immediacions del Passeig del Ferrocarril, que et permetr\u00e0 trobar un taxi f\u00e0cilment a la teva arribada o per al teu retorn:<\/p><ul><li><strong>Taxi Castelldefels 24H<\/strong><br \/>Tel\u00e8fon: 936 64 20 20<\/li><li><strong>Taxifels<\/strong><br \/>Web: taxifels.es<\/li><li><strong>Taxi Barcelona 24 Hores<br \/>(Servei a Castelldefels)<\/strong><br \/>Tel\u00e8fon: 935 160 027<\/li><\/ul><\/div><\/div>\t\t\t\t\t\t\t\t<\/div>\n\t\t\t\t<\/div>\n\t\t\t\t\t<\/div>\n\t\t<\/div>\n\t\t\t\t<div class=\" elementor-column elementor-col-33 elementor-top-column elementor-element elementor-element-d68787e\" data-fullscreen-column-settings=\"{&quot;fullscreen&quot;:&quot;&quot;}\" data-id=\"d68787e\" data-element_type=\"column\">\n\t\t\t<div class=\"elementor-widget-wrap elementor-element-populated\">\n\t\t\t\t\t\t<div class=\"elementor-element elementor-element-85a6627 elementor-widget elementor-widget-text-editor\" data-id=\"85a6627\" data-element_type=\"widget\" data-widget_type=\"text-editor.default\">\n\t\t\t\t<div class=\"elementor-widget-container\">\n\t\t\t\t\t\t\t\t\t<div class=\"wpb_text_column wpb_content_element vc_custom_1556181133092 \"><div id=\"ct_b2erkmi8nzltkexmzd9q\" class=\"wpb_wrapper\"><h5><i class=\"fa fa-bus\"><\/i> AUTOB\u00daS<\/h5><\/div><\/div><div class=\"wpb_text_column wpb_content_element \"><div id=\"ct_udwk3ic1x98cz49ulymj\" class=\"wpb_wrapper\"><p>Diverses l\u00ednies d\u2019autob\u00fas de la xarxa de transport metropolit\u00e0 connecten la zona amb Barcelona i altres localitats properes, facilitant la teva visita a \u00c0necblau.<\/p><p>Les l\u00ednies principals amb parades a les proximitats del centre comercial s\u00f3n:<\/p><ul><li><a href=\"http:\/\/www.baixbus.cat\/es\/linea-autobus-e95\">L\u00ednia Express E95 (L\u00ednia nova)<\/a><\/li><li><a href=\"http:\/\/www.baixbus.cat\/es\/linea-autobus-l95\">L\u00ednia L95<\/a><\/li><li><a href=\"http:\/\/www.baixbus.cat\/es\/linea-autobus-l96\">L\u00ednia L96<\/a><\/li><\/ul><\/div><\/div><div class=\"wpb_text_column wpb_content_element \"><div id=\"ct_3mkf577g4ih5mhwkrxds\" class=\"wpb_wrapper\">\u00a0<\/div><\/div>\t\t\t\t\t\t\t\t<\/div>\n\t\t\t\t<\/div>\n\t\t\t\t\t<\/div>\n\t\t<\/div>\n\t\t\t\t\t<\/div>\n\t\t<\/section>\n\t\t\t\t<\/div>\n\t\t","protected":false},"excerpt":{"rendered":"<p>Com arribar El Centre Comercial \u00c0necblau es troba en una ubicaci\u00f3 privilegiada a Castelldefels, a l&#8217;Avinguda del Canal Ol\u00edmpic, 24, a 20 minuts de Barcelona. El seu f\u00e0cil acc\u00e9s des de les principals vies i la connexi\u00f3 amb la xarxa de transport p\u00fablic el converteixen en una destinaci\u00f3 ideal per a un dia de compres [&hellip;]<\/p>\n","protected":false},"author":6,"featured_media":0,"parent":0,"menu_order":233,"comment_status":"closed","ping_status":"closed","template":"","meta":{"footnotes":""},"class_list":["post-84292","page","type-page","status-publish","hentry"],"yoast_head":"<!-- This site is optimized with the Yoast SEO plugin v25.4 - https:\/\/yoast.com\/wordpress\/plugins\/seo\/ -->\n<title>Com arribar | Centro Comercial \u00c0necblau<\/title>\n<meta name=\"description\" content=\"Vols saber com arribar al centre comercial de Castelldefels? Consulta les possibilitats i prepara&#039;t per a un dia de compres a les millors botigues.\" \/>\n<meta name=\"robots\" content=\"noindex, follow, max-snippet:-1, max-image-preview:large, max-video-preview:-1\" \/>\n<meta property=\"og:locale\" content=\"ca_ES\" \/>\n<meta property=\"og:type\" content=\"article\" \/>\n<meta property=\"og:title\" content=\"Com arribar | Centro Comercial \u00c0necblau\" \/>\n<meta property=\"og:description\" content=\"Vols saber com arribar al centre comercial de Castelldefels? Consulta les possibilitats i prepara&#039;t per a un dia de compres a les millors botigues.\" \/>\n<meta property=\"og:url\" content=\"https:\/\/ccanecblau.valordeley.es\/ca\/com-arribar\/\" \/>\n<meta property=\"og:site_name\" content=\"Centro Comercial \u00c0necblau\" \/>\n<meta property=\"article:modified_time\" content=\"2025-10-06T16:08:02+00:00\" \/>\n<meta name=\"twitter:card\" content=\"summary_large_image\" \/>\n<meta name=\"twitter:label1\" content=\"Est. reading time\" \/>\n\t<meta name=\"twitter:data1\" content=\"2 minutes\" \/>\n<script type=\"application\/ld+json\" class=\"yoast-schema-graph\">{\"@context\":\"https:\/\/schema.org\",\"@graph\":[{\"@type\":\"WebPage\",\"@id\":\"https:\/\/ccanecblau.valordeley.es\/ca\/com-arribar\/\",\"url\":\"https:\/\/ccanecblau.valordeley.es\/ca\/com-arribar\/\",\"name\":\"Com arribar | Centro Comercial \u00c0necblau\",\"isPartOf\":{\"@id\":\"https:\/\/ccanecblau.valordeley.es\/ca\/#website\"},\"datePublished\":\"2025-09-04T09:00:22+00:00\",\"dateModified\":\"2025-10-06T16:08:02+00:00\",\"description\":\"Vols saber com arribar al centre comercial de Castelldefels? Consulta les possibilitats i prepara't per a un dia de compres a les millors botigues.\",\"breadcrumb\":{\"@id\":\"https:\/\/ccanecblau.valordeley.es\/ca\/com-arribar\/#breadcrumb\"},\"inLanguage\":\"ca-ES\",\"potentialAction\":[{\"@type\":\"ReadAction\",\"target\":[\"https:\/\/ccanecblau.valordeley.es\/ca\/com-arribar\/\"]}]},{\"@type\":\"BreadcrumbList\",\"@id\":\"https:\/\/ccanecblau.valordeley.es\/ca\/com-arribar\/#breadcrumb\",\"itemListElement\":[{\"@type\":\"ListItem\",\"position\":1,\"name\":\"Portada\",\"item\":\"https:\/\/ccanecblau.valordeley.es\/ca\/\"},{\"@type\":\"ListItem\",\"position\":2,\"name\":\"Com arribar\"}]},{\"@type\":\"WebSite\",\"@id\":\"https:\/\/ccanecblau.valordeley.es\/ca\/#website\",\"url\":\"https:\/\/ccanecblau.valordeley.es\/ca\/\",\"name\":\"Centro Comercial \u00c0necblau\",\"description\":\"Centro Comercial | \u00c0necblau\",\"publisher\":{\"@id\":\"https:\/\/ccanecblau.valordeley.es\/ca\/#organization\"},\"potentialAction\":[{\"@type\":\"SearchAction\",\"target\":{\"@type\":\"EntryPoint\",\"urlTemplate\":\"https:\/\/ccanecblau.valordeley.es\/ca\/?s={search_term_string}\"},\"query-input\":{\"@type\":\"PropertyValueSpecification\",\"valueRequired\":true,\"valueName\":\"search_term_string\"}}],\"inLanguage\":\"ca-ES\"},{\"@type\":\"Organization\",\"@id\":\"https:\/\/ccanecblau.valordeley.es\/ca\/#organization\",\"name\":\"Anecblau\",\"alternateName\":\"Centro Comercial | \u00c0necblau\",\"url\":\"https:\/\/ccanecblau.valordeley.es\/ca\/\",\"logo\":{\"@type\":\"ImageObject\",\"inLanguage\":\"ca-ES\",\"@id\":\"https:\/\/ccanecblau.valordeley.es\/ca\/#\/schema\/logo\/image\/\",\"url\":\"https:\/\/ccanecblau.valordeley.es\/wp-content\/uploads\/2021\/04\/anecblau-logo-diciembrecolor.svg\",\"contentUrl\":\"https:\/\/ccanecblau.valordeley.es\/wp-content\/uploads\/2021\/04\/anecblau-logo-diciembrecolor.svg\",\"width\":1,\"height\":1,\"caption\":\"Anecblau\"},\"image\":{\"@id\":\"https:\/\/ccanecblau.valordeley.es\/ca\/#\/schema\/logo\/image\/\"}}]}<\/script>\n<!-- \/ Yoast SEO plugin. -->","yoast_head_json":{"title":"Com arribar | Centro Comercial \u00c0necblau","description":"Vols saber com arribar al centre comercial de Castelldefels? Consulta les possibilitats i prepara't per a un dia de compres a les millors botigues.","robots":{"index":"noindex","follow":"follow","max-snippet":"max-snippet:-1","max-image-preview":"max-image-preview:large","max-video-preview":"max-video-preview:-1"},"og_locale":"ca_ES","og_type":"article","og_title":"Com arribar | Centro Comercial \u00c0necblau","og_description":"Vols saber com arribar al centre comercial de Castelldefels? Consulta les possibilitats i prepara't per a un dia de compres a les millors botigues.","og_url":"https:\/\/ccanecblau.valordeley.es\/ca\/com-arribar\/","og_site_name":"Centro Comercial \u00c0necblau","article_modified_time":"2025-10-06T16:08:02+00:00","twitter_card":"summary_large_image","twitter_misc":{"Est. reading time":"2 minutes"},"schema":{"@context":"https:\/\/schema.org","@graph":[{"@type":"WebPage","@id":"https:\/\/ccanecblau.valordeley.es\/ca\/com-arribar\/","url":"https:\/\/ccanecblau.valordeley.es\/ca\/com-arribar\/","name":"Com arribar | Centro Comercial \u00c0necblau","isPartOf":{"@id":"https:\/\/ccanecblau.valordeley.es\/ca\/#website"},"datePublished":"2025-09-04T09:00:22+00:00","dateModified":"2025-10-06T16:08:02+00:00","description":"Vols saber com arribar al centre comercial de Castelldefels? Consulta les possibilitats i prepara't per a un dia de compres a les millors botigues.","breadcrumb":{"@id":"https:\/\/ccanecblau.valordeley.es\/ca\/com-arribar\/#breadcrumb"},"inLanguage":"ca-ES","potentialAction":[{"@type":"ReadAction","target":["https:\/\/ccanecblau.valordeley.es\/ca\/com-arribar\/"]}]},{"@type":"BreadcrumbList","@id":"https:\/\/ccanecblau.valordeley.es\/ca\/com-arribar\/#breadcrumb","itemListElement":[{"@type":"ListItem","position":1,"name":"Portada","item":"https:\/\/ccanecblau.valordeley.es\/ca\/"},{"@type":"ListItem","position":2,"name":"Com arribar"}]},{"@type":"WebSite","@id":"https:\/\/ccanecblau.valordeley.es\/ca\/#website","url":"https:\/\/ccanecblau.valordeley.es\/ca\/","name":"Centro Comercial \u00c0necblau","description":"Centro Comercial | \u00c0necblau","publisher":{"@id":"https:\/\/ccanecblau.valordeley.es\/ca\/#organization"},"potentialAction":[{"@type":"SearchAction","target":{"@type":"EntryPoint","urlTemplate":"https:\/\/ccanecblau.valordeley.es\/ca\/?s={search_term_string}"},"query-input":{"@type":"PropertyValueSpecification","valueRequired":true,"valueName":"search_term_string"}}],"inLanguage":"ca-ES"},{"@type":"Organization","@id":"https:\/\/ccanecblau.valordeley.es\/ca\/#organization","name":"Anecblau","alternateName":"Centro Comercial | \u00c0necblau","url":"https:\/\/ccanecblau.valordeley.es\/ca\/","logo":{"@type":"ImageObject","inLanguage":"ca-ES","@id":"https:\/\/ccanecblau.valordeley.es\/ca\/#\/schema\/logo\/image\/","url":"https:\/\/ccanecblau.valordeley.es\/wp-content\/uploads\/2021\/04\/anecblau-logo-diciembrecolor.svg","contentUrl":"https:\/\/ccanecblau.valordeley.es\/wp-content\/uploads\/2021\/04\/anecblau-logo-diciembrecolor.svg","width":1,"height":1,"caption":"Anecblau"},"image":{"@id":"https:\/\/ccanecblau.valordeley.es\/ca\/#\/schema\/logo\/image\/"}}]}},"publishpress_future_action":{"enabled":false,"date":"2026-04-25 16:12:35","action":"change-status","newStatus":"draft","terms":[],"taxonomy":"translation_priority"},"publishpress_future_workflow_manual_trigger":{"enabledWorkflows":[]},"_links":{"self":[{"href":"https:\/\/ccanecblau.valordeley.es\/ca\/wp-json\/wp\/v2\/pages\/84292","targetHints":{"allow":["GET"]}}],"collection":[{"href":"https:\/\/ccanecblau.valordeley.es\/ca\/wp-json\/wp\/v2\/pages"}],"about":[{"href":"https:\/\/ccanecblau.valordeley.es\/ca\/wp-json\/wp\/v2\/types\/page"}],"author":[{"embeddable":true,"href":"https:\/\/ccanecblau.valordeley.es\/ca\/wp-json\/wp\/v2\/users\/6"}],"replies":[{"embeddable":true,"href":"https:\/\/ccanecblau.valordeley.es\/ca\/wp-json\/wp\/v2\/comments?post=84292"}],"version-history":[{"count":5,"href":"https:\/\/ccanecblau.valordeley.es\/ca\/wp-json\/wp\/v2\/pages\/84292\/revisions"}],"predecessor-version":[{"id":85941,"href":"https:\/\/ccanecblau.valordeley.es\/ca\/wp-json\/wp\/v2\/pages\/84292\/revisions\/85941"}],"wp:attachment":[{"href":"https:\/\/ccanecblau.valordeley.es\/ca\/wp-json\/wp\/v2\/media?parent=84292"}],"curies":[{"name":"wp","href":"https:\/\/api.w.org\/{rel}","templated":true}]}}